{"id":1752,"date":"2024-12-22T09:50:05","date_gmt":"2024-12-22T09:50:05","guid":{"rendered":"https:\/\/www.tikdd.cc\/i\/?page_id=1752"},"modified":"2024-12-22T09:50:07","modified_gmt":"2024-12-22T09:50:07","slug":"downloader-es","status":"publish","type":"page","link":"https:\/\/www.tikdd.cc\/i\/es\/downloader-es\/","title":{"rendered":"Descargador de v\u00eddeo TikDD 2"},"content":{"rendered":"\n<p>TikDD es un popular descargador de v\u00eddeo en l\u00ednea que le permite descargar v\u00eddeos de TikTok \/ Twitter \/ Instagram \/ YouTube y m\u00e1s de 1000 + otras aplicaciones sin ning\u00fan logotipo o marca de agua. No necesitas descargar ning\u00fan software en tu ordenador o tel\u00e9fono. S\u00f3lo tienes que utilizar el enlace del v\u00eddeo que deseas descargar y guardarlo con un solo clic. Con su interfaz f\u00e1cil de usar y sus diversas funciones, TikDD se ha convertido en la primera opci\u00f3n de muchos usuarios de descargas de v\u00eddeo.<\/p>\n\n\n\n<div class=\"section features-1\">\n        <div class=\"container\">\n            <div class=\"row\">\n                <div class=\"col-md-8 mx-auto text-center\">\n                    <h2 class=\"display-4 mb-5\">\u00bfC\u00f3mo se utiliza?<\/h2>\n                <\/div>\n            <\/div>\n            <div class=\"row text-center\">\n                <div class=\"col\">\n                    <div class=\"info\">\n                        <div class=\"icon icon-lg icon-shape icon-shape-primary shadow rounded-circle\">\n                            <i class=\"fas fa-link\"><\/i>\n                        <\/div>\n                        <h6 class=\"info-title text-uppercase text-primary\">Copiar URL de v\u00eddeo compartible<\/h6>\n                        <p class=\"description opacity-8\"><\/p>\n                    <\/div>\n                <\/div>\n                <div class=\"col\">\n                    <div class=\"info\">\n                        <div class=\"icon icon-lg icon-shape icon-shape-success shadow rounded-circle\">\n                            <i class=\"fas fa-paste\"><\/i>\n                        <\/div>\n                        <h6 class=\"info-title text-uppercase text-success\">P\u00e9guelo en el campo de arriba<\/h6>\n                        <p class=\"description opacity-8\"><\/p>\n                    <\/div>\n                <\/div>\n                <div class=\"col\">\n                    <div class=\"info\">\n                        <div class=\"icon icon-lg icon-shape icon-shape-info shadow rounded-circle\">\n                            <i class=\"fas fa-download\"><\/i>\n                        <\/div>\n                        <h6 class=\"info-title text-uppercase text-info\">Haga clic en el bot\u00f3n de descarga<\/h6>\n                        <p class=\"description opacity-8\"><\/p>\n                    <\/div>\n                <\/div>\n            <\/div>\n        <\/div>\n    <\/div>\n","protected":false},"excerpt":{"rendered":"<p>TikDD es un popular descargador de v\u00eddeo en l\u00ednea que le permite descargar v\u00eddeos de&hellip;<\/p>\n","protected":false},"author":1,"featured_media":0,"parent":0,"menu_order":0,"comment_status":"closed","ping_status":"closed","template":"page-templates\/template-downloader.php","meta":{"footnotes":""},"class_list":["post-1752","page","type-page","status-publish","hentry"],"_links":{"self":[{"href":"https:\/\/www.tikdd.cc\/i\/wp-json\/wp\/v2\/pages\/1752","targetHints":{"allow":["GET"]}}],"collection":[{"href":"https:\/\/www.tikdd.cc\/i\/wp-json\/wp\/v2\/pages"}],"about":[{"href":"https:\/\/www.tikdd.cc\/i\/wp-json\/wp\/v2\/types\/page"}],"author":[{"embeddable":true,"href":"https:\/\/www.tikdd.cc\/i\/wp-json\/wp\/v2\/users\/1"}],"replies":[{"embeddable":true,"href":"https:\/\/www.tikdd.cc\/i\/wp-json\/wp\/v2\/comments?post=1752"}],"version-history":[{"count":1,"href":"https:\/\/www.tikdd.cc\/i\/wp-json\/wp\/v2\/pages\/1752\/revisions"}],"predecessor-version":[{"id":1753,"href":"https:\/\/www.tikdd.cc\/i\/wp-json\/wp\/v2\/pages\/1752\/revisions\/1753"}],"wp:attachment":[{"href":"https:\/\/www.tikdd.cc\/i\/wp-json\/wp\/v2\/media?parent=1752"}],"curies":[{"name":"wp","href":"https:\/\/api.w.org\/{rel}","templated":true}]}}