{"id":1750,"date":"2024-12-22T09:40:07","date_gmt":"2024-12-22T09:40:07","guid":{"rendered":"https:\/\/www.tikdd.cc\/i\/?page_id=1750"},"modified":"2024-12-22T13:05:16","modified_gmt":"2024-12-22T13:05:16","slug":"downloader-fr","status":"publish","type":"page","link":"https:\/\/www.tikdd.cc\/i\/fr\/downloader-fr\/","title":{"rendered":"TikDD T\u00e9l\u00e9chargeur de vid\u00e9os 2"},"content":{"rendered":"\n<p>TikDD est un t\u00e9l\u00e9chargeur de vid\u00e9os en ligne populaire qui vous permet de t\u00e9l\u00e9charger des vid\u00e9os de TikTok\/Twitter\/Instagram\/YouTube et plus de 1000+ autres applications sans aucun logo ou filigrane. Vous n&#8217;avez pas besoin de t\u00e9l\u00e9charger de logiciel sur votre ordinateur ou votre t\u00e9l\u00e9phone. Il vous suffit d&#8217;utiliser le lien de la vid\u00e9o que vous souhaitez t\u00e9l\u00e9charger et de l&#8217;enregistrer en un seul clic. Gr\u00e2ce \u00e0 son interface conviviale et \u00e0 ses nombreuses fonctionnalit\u00e9s, TikDD est devenu le premier choix de nombreux utilisateurs de t\u00e9l\u00e9chargement de vid\u00e9os.<\/p>\n\n\n\n<div class=\"section features-1\">\n        <div class=\"container\">\n            <div class=\"row\">\n                <div class=\"col-md-8 mx-auto text-center\">\n                    <h2 class=\"display-4 mb-5\">Comment l&#8217;utiliser ?<\/h2>\n                <\/div>\n            <\/div>\n            <div class=\"row text-center\">\n                <div class=\"col\">\n                    <div class=\"info\">\n                        <div class=\"icon icon-lg icon-shape icon-shape-primary shadow rounded-circle\">\n                            <i class=\"fas fa-link\"><\/i>\n                        <\/div>\n                        <h6 class=\"info-title text-uppercase text-primary\">Copier l&#8217;URL de la vid\u00e9o \u00e0 partager<\/h6>\n                        <p class=\"description opacity-8\"><\/p>\n                    <\/div>\n                <\/div>\n                <div class=\"col\">\n                    <div class=\"info\">\n                        <div class=\"icon icon-lg icon-shape icon-shape-success shadow rounded-circle\">\n                            <i class=\"fas fa-paste\"><\/i>\n                        <\/div>\n                        <h6 class=\"info-title text-uppercase text-success\">Collez-la dans le champ ci-dessus<\/h6>\n                        <p class=\"description opacity-8\"><\/p>\n                    <\/div>\n                <\/div>\n                <div class=\"col\">\n                    <div class=\"info\">\n                        <div class=\"icon icon-lg icon-shape icon-shape-info shadow rounded-circle\">\n                            <i class=\"fas fa-download\"><\/i>\n                        <\/div>\n                        <h6 class=\"info-title text-uppercase text-info\">Cliquez sur le bouton de t\u00e9l\u00e9chargement<\/h6>\n                        <p class=\"description opacity-8\"><\/p>\n                    <\/div>\n                <\/div>\n            <\/div>\n        <\/div>\n    <\/div>\n","protected":false},"excerpt":{"rendered":"<p>TikDD est un t\u00e9l\u00e9chargeur de vid\u00e9os en ligne populaire qui vous permet de t\u00e9l\u00e9charger des&hellip;<\/p>\n","protected":false},"author":1,"featured_media":0,"parent":0,"menu_order":0,"comment_status":"closed","ping_status":"closed","template":"page-templates\/template-downloader.php","meta":{"footnotes":""},"class_list":["post-1750","page","type-page","status-publish","hentry"],"_links":{"self":[{"href":"https:\/\/www.tikdd.cc\/i\/wp-json\/wp\/v2\/pages\/1750","targetHints":{"allow":["GET"]}}],"collection":[{"href":"https:\/\/www.tikdd.cc\/i\/wp-json\/wp\/v2\/pages"}],"about":[{"href":"https:\/\/www.tikdd.cc\/i\/wp-json\/wp\/v2\/types\/page"}],"author":[{"embeddable":true,"href":"https:\/\/www.tikdd.cc\/i\/wp-json\/wp\/v2\/users\/1"}],"replies":[{"embeddable":true,"href":"https:\/\/www.tikdd.cc\/i\/wp-json\/wp\/v2\/comments?post=1750"}],"version-history":[{"count":2,"href":"https:\/\/www.tikdd.cc\/i\/wp-json\/wp\/v2\/pages\/1750\/revisions"}],"predecessor-version":[{"id":1761,"href":"https:\/\/www.tikdd.cc\/i\/wp-json\/wp\/v2\/pages\/1750\/revisions\/1761"}],"wp:attachment":[{"href":"https:\/\/www.tikdd.cc\/i\/wp-json\/wp\/v2\/media?parent=1750"}],"curies":[{"name":"wp","href":"https:\/\/api.w.org\/{rel}","templated":true}]}}