{"id":1730,"date":"2024-12-21T12:53:03","date_gmt":"2024-12-21T12:53:03","guid":{"rendered":"https:\/\/www.tikdd.cc\/i\/?page_id=1730"},"modified":"2026-03-01T03:26:13","modified_gmt":"2026-03-01T03:26:13","slug":"telechargeur-de-videos-pornhub","status":"publish","type":"page","link":"https:\/\/www.tikdd.cc\/i\/fr\/telechargeur-de-videos-pornhub\/","title":{"rendered":"T\u00e9l\u00e9chargeur de vid\u00e9os Pornhub"},"content":{"rendered":"\n<p><strong>T\u00e9l\u00e9chargeur de vid\u00e9os Pornhub<\/strong> est un outil sp\u00e9cialis\u00e9 con\u00e7u pour t\u00e9l\u00e9charger rapidement et facilement des vid\u00e9os depuis la plateforme <a href=\"https:\/\/www.pornhub.com\/\" data-type=\"link\" data-id=\"https:\/\/www.pornhub.com\/\" rel=\"nofollow noopener\" target=\"_blank\">Pornhub<\/a>. Il prend en charge divers formats et r\u00e9solutions, y compris HD et 4K, permettant une exp\u00e9rience personnalis\u00e9e selon vos besoins. Gr\u00e2ce \u00e0 son interface conviviale, cet outil est id\u00e9al pour les utilisateurs souhaitant sauvegarder des vid\u00e9os hors ligne pour une consultation ult\u00e9rieure, des projets cr\u00e9atifs ou un archivage personnel.<\/p>\n\n\n\n<p>Avec une vitesse de t\u00e9l\u00e9chargement rapide, une s\u00e9curit\u00e9 renforc\u00e9e et une compatibilit\u00e9 \u00e9tendue avec diff\u00e9rents appareils et syst\u00e8mes d&#8217;exploitation, le <strong>T\u00e9l\u00e9chargeur de vid\u00e9os Pornhub<\/strong> constitue une solution fiable et efficace pour g\u00e9rer vos contenus vid\u00e9o en ligne.<\/p>\n\n\n\n<p>Exemple d&#8217;URL &gt;&gt;&gt; https:\/\/www.pornhub.com\/view_video.php?viewkey=67458e249148e<\/p>\n\n\n\n<div class=\"section features-1\">\n        <div class=\"container\">\n            <div class=\"row\">\n                <div class=\"col-md-8 mx-auto text-center\">\n                    <h2 class=\"display-4 mb-5\"><a href=\"https:\/\/www.tikdd.cc\/i\/fr\/comment-telecharger-des-videos-de-pornhub\/\" target=\"_blank\">Comment t\u00e9l\u00e9charger des vid\u00e9os de Pornhub ?<\/a><\/h2>\n                <\/div>\n            <\/div>\n            <div class=\"row text-center\">\n                <div class=\"col\">\n                    <div class=\"info\">\n                        <div class=\"icon icon-lg icon-shape icon-shape-primary shadow rounded-circle\">\n                            <i class=\"fas fa-link\"><\/i>\n                        <\/div>\n                        <h6 class=\"info-title text-uppercase text-primary\">Copier l&#8217;URL de la vid\u00e9o \u00e0 partager<\/h6>\n                        <p class=\"description opacity-8\"><\/p>\n                    <\/div>\n                <\/div>\n                <div class=\"col\">\n                    <div class=\"info\">\n                        <div class=\"icon icon-lg icon-shape icon-shape-success shadow rounded-circle\">\n                            <i class=\"fas fa-paste\"><\/i>\n                        <\/div>\n                        <h6 class=\"info-title text-uppercase text-success\">Collez-la dans le champ ci-dessus<\/h6>\n                        <p class=\"description opacity-8\"><\/p>\n                    <\/div>\n                <\/div>\n                <div class=\"col\">\n                    <div class=\"info\">\n                        <div class=\"icon icon-lg icon-shape icon-shape-info shadow rounded-circle\">\n                            <i class=\"fas fa-download\"><\/i>\n                        <\/div>\n                        <h6 class=\"info-title text-uppercase text-info\">Cliquez sur le bouton de t\u00e9l\u00e9chargement<\/h6>\n                        <p class=\"description opacity-8\"><\/p>\n                    <\/div>\n                <\/div>\n            <\/div>\n        <\/div>\n    <\/div>\n\n\n\n\n\n<p><\/p>\n","protected":false},"excerpt":{"rendered":"<p>T\u00e9l\u00e9chargeur de vid\u00e9os Pornhub est un outil sp\u00e9cialis\u00e9 con\u00e7u pour t\u00e9l\u00e9charger rapidement et facilement des&hellip;<\/p>\n","protected":false},"author":1,"featured_media":0,"parent":0,"menu_order":0,"comment_status":"closed","ping_status":"closed","template":"page-templates\/template-downloader.php","meta":{"footnotes":""},"class_list":["post-1730","page","type-page","status-publish","hentry"],"_links":{"self":[{"href":"https:\/\/www.tikdd.cc\/i\/wp-json\/wp\/v2\/pages\/1730","targetHints":{"allow":["GET"]}}],"collection":[{"href":"https:\/\/www.tikdd.cc\/i\/wp-json\/wp\/v2\/pages"}],"about":[{"href":"https:\/\/www.tikdd.cc\/i\/wp-json\/wp\/v2\/types\/page"}],"author":[{"embeddable":true,"href":"https:\/\/www.tikdd.cc\/i\/wp-json\/wp\/v2\/users\/1"}],"replies":[{"embeddable":true,"href":"https:\/\/www.tikdd.cc\/i\/wp-json\/wp\/v2\/comments?post=1730"}],"version-history":[{"count":6,"href":"https:\/\/www.tikdd.cc\/i\/wp-json\/wp\/v2\/pages\/1730\/revisions"}],"predecessor-version":[{"id":2692,"href":"https:\/\/www.tikdd.cc\/i\/wp-json\/wp\/v2\/pages\/1730\/revisions\/2692"}],"wp:attachment":[{"href":"https:\/\/www.tikdd.cc\/i\/wp-json\/wp\/v2\/media?parent=1730"}],"curies":[{"name":"wp","href":"https:\/\/api.w.org\/{rel}","templated":true}]}}