{"id":1727,"date":"2024-12-21T12:18:23","date_gmt":"2024-12-21T12:18:23","guid":{"rendered":"https:\/\/www.tikdd.cc\/i\/?page_id=1727"},"modified":"2024-12-22T13:03:56","modified_gmt":"2024-12-22T13:03:56","slug":"downloader-de","status":"publish","type":"page","link":"https:\/\/www.tikdd.cc\/i\/de\/downloader-de\/","title":{"rendered":"TikDD Video Downloaden 2"},"content":{"rendered":"\n<p>TikDD ist ein beliebter Online-Video-Downloader, mit dem Sie Videos von TikTok\/Twitter\/Instagram\/YouTube und mehr als 1000+ anderen Apps ohne Logo oder Wasserzeichen herunterladen k\u00f6nnen. Sie m\u00fcssen keine Software auf Ihrem Computer oder Telefon herunterladen. Verwenden Sie einfach den Link des Videos, das Sie herunterladen m\u00f6chten, und speichern Sie das Video mit nur einem Klick. Mit seiner benutzerfreundlichen Oberfl\u00e4che und seinen vielf\u00e4ltigen Funktionen ist TikDD die erste Wahl f\u00fcr viele Videodownload-Nutzer geworden.<\/p>\n\n\n\n<div class=\"section features-1\">\n        <div class=\"container\">\n            <div class=\"row\">\n                <div class=\"col-md-8 mx-auto text-center\">\n                    <h2 class=\"display-4 mb-5\">Wie wird es verwendet?<\/h2>\n                <\/div>\n            <\/div>\n            <div class=\"row text-center\">\n                <div class=\"col\">\n                    <div class=\"info\">\n                        <div class=\"icon icon-lg icon-shape icon-shape-primary shadow rounded-circle\">\n                            <i class=\"fas fa-link\"><\/i>\n                        <\/div>\n                        <h6 class=\"info-title text-uppercase text-primary\">Kopieren Sie die URL des Videos<\/h6>\n                        <p class=\"description opacity-8\"><\/p>\n                    <\/div>\n                <\/div>\n                <div class=\"col\">\n                    <div class=\"info\">\n                        <div class=\"icon icon-lg icon-shape icon-shape-success shadow rounded-circle\">\n                            <i class=\"fas fa-paste\"><\/i>\n                        <\/div>\n                        <h6 class=\"info-title text-uppercase text-success\">F\u00fcgen Sie sie in das Feld oben ein<\/h6>\n                        <p class=\"description opacity-8\"><\/p>\n                    <\/div>\n                <\/div>\n                <div class=\"col\">\n                    <div class=\"info\">\n                        <div class=\"icon icon-lg icon-shape icon-shape-info shadow rounded-circle\">\n                            <i class=\"fas fa-download\"><\/i>\n                        <\/div>\n                        <h6 class=\"info-title text-uppercase text-info\">Klicken Sie auf den Download-Button<\/h6>\n                        <p class=\"description opacity-8\"><\/p>\n                    <\/div>\n                <\/div>\n            <\/div>\n        <\/div>\n    <\/div>\n","protected":false},"excerpt":{"rendered":"<p>TikDD ist ein beliebter Online-Video-Downloader, mit dem Sie Videos von TikTok\/Twitter\/Instagram\/YouTube und mehr als 1000+&hellip;<\/p>\n","protected":false},"author":1,"featured_media":0,"parent":0,"menu_order":0,"comment_status":"closed","ping_status":"closed","template":"page-templates\/template-downloader.php","meta":{"footnotes":""},"class_list":["post-1727","page","type-page","status-publish","hentry"],"_links":{"self":[{"href":"https:\/\/www.tikdd.cc\/i\/wp-json\/wp\/v2\/pages\/1727","targetHints":{"allow":["GET"]}}],"collection":[{"href":"https:\/\/www.tikdd.cc\/i\/wp-json\/wp\/v2\/pages"}],"about":[{"href":"https:\/\/www.tikdd.cc\/i\/wp-json\/wp\/v2\/types\/page"}],"author":[{"embeddable":true,"href":"https:\/\/www.tikdd.cc\/i\/wp-json\/wp\/v2\/users\/1"}],"replies":[{"embeddable":true,"href":"https:\/\/www.tikdd.cc\/i\/wp-json\/wp\/v2\/comments?post=1727"}],"version-history":[{"count":2,"href":"https:\/\/www.tikdd.cc\/i\/wp-json\/wp\/v2\/pages\/1727\/revisions"}],"predecessor-version":[{"id":1760,"href":"https:\/\/www.tikdd.cc\/i\/wp-json\/wp\/v2\/pages\/1727\/revisions\/1760"}],"wp:attachment":[{"href":"https:\/\/www.tikdd.cc\/i\/wp-json\/wp\/v2\/media?parent=1727"}],"curies":[{"name":"wp","href":"https:\/\/api.w.org\/{rel}","templated":true}]}}