{"id":1705,"date":"2024-12-19T13:10:05","date_gmt":"2024-12-19T13:10:05","guid":{"rendered":"https:\/\/www.tikdd.cc\/i\/?page_id=1705"},"modified":"2026-03-01T03:27:43","modified_gmt":"2026-03-01T03:27:43","slug":"xxxy-video-downloaden","status":"publish","type":"page","link":"https:\/\/www.tikdd.cc\/i\/de\/xxxy-video-downloaden\/","title":{"rendered":"XXXY Video Downloaden"},"content":{"rendered":"\n<p>XXXY Video Downloaden ist ein kostenloses Tool zum Herunterladen von Filmen und Videos von <a href=\"https:\/\/www.xxxymovies.com\/\" rel=\"nofollow noopener\" target=\"_blank\">xxxymovies.com<\/a>, mit dem Benutzer Inhalte in hochwertigen Formaten wie .MP4 speichern und offline ansehen k\u00f6nnen. Dieser Downloader sorgt f\u00fcr eine schnelle und benutzerfreundliche Erfahrung beim Zugriff auf Unterhaltungsinhalte, wann immer Sie m\u00f6chten. Um ihn zu verwenden, kopieren Sie die URL des Films oder Videos von XXXY Movies, f\u00fcgen Sie sie in den Downloader ein und rufen Sie die Datei ganz einfach ab.<\/p>\n\n\n\n<p>Beispiel-URL &gt;&gt;&gt; https:\/\/m.xxxymovies.com\/videos\/193989\/battle-royale-featuring-angelina-diamanti-charles-dera\/<\/p>\n\n\n\n<div class=\"section features-1\">\n        <div class=\"container\">\n            <div class=\"row\">\n                <div class=\"col-md-8 mx-auto text-center\">\n                    <h2 class=\"display-4 mb-5\">Wie lade ich Videos von XXXY herunter?<\/h2>\n                <\/div>\n            <\/div>\n            <div class=\"row text-center\">\n                <div class=\"col\">\n                    <div class=\"info\">\n                        <div class=\"icon icon-lg icon-shape icon-shape-primary shadow rounded-circle\">\n                            <i class=\"fas fa-link\"><\/i>\n                        <\/div>\n                        <h6 class=\"info-title text-uppercase text-primary\">URL des teilbaren Videos kopieren<\/h6>\n                        <p class=\"description opacity-8\"><\/p>\n                    <\/div>\n                <\/div>\n                <div class=\"col\">\n                    <div class=\"info\">\n                        <div class=\"icon icon-lg icon-shape icon-shape-success shadow rounded-circle\">\n                            <i class=\"fas fa-paste\"><\/i>\n                        <\/div>\n                        <h6 class=\"info-title text-uppercase text-success\">F\u00fcgen Sie es in das Feld oben ein<\/h6>\n                        <p class=\"description opacity-8\"><\/p>\n                    <\/div>\n                <\/div>\n                <div class=\"col\">\n                    <div class=\"info\">\n                        <div class=\"icon icon-lg icon-shape icon-shape-info shadow rounded-circle\">\n                            <i class=\"fas fa-download\"><\/i>\n                        <\/div>\n                        <h6 class=\"info-title text-uppercase text-info\">Klicken Sie auf Download<\/h6>\n                        <p class=\"description opacity-8\"><\/p>\n                    <\/div>\n                <\/div>\n            <\/div>\n        <\/div>\n    <\/div>\n\n\n","protected":false},"excerpt":{"rendered":"<p>XXXY Video Downloaden ist ein kostenloses Tool zum Herunterladen von Filmen und Videos von xxxymovies.com,&hellip;<\/p>\n","protected":false},"author":1,"featured_media":0,"parent":0,"menu_order":0,"comment_status":"closed","ping_status":"closed","template":"page-templates\/template-downloader.php","meta":{"footnotes":""},"class_list":["post-1705","page","type-page","status-publish","hentry"],"_links":{"self":[{"href":"https:\/\/www.tikdd.cc\/i\/wp-json\/wp\/v2\/pages\/1705","targetHints":{"allow":["GET"]}}],"collection":[{"href":"https:\/\/www.tikdd.cc\/i\/wp-json\/wp\/v2\/pages"}],"about":[{"href":"https:\/\/www.tikdd.cc\/i\/wp-json\/wp\/v2\/types\/page"}],"author":[{"embeddable":true,"href":"https:\/\/www.tikdd.cc\/i\/wp-json\/wp\/v2\/users\/1"}],"replies":[{"embeddable":true,"href":"https:\/\/www.tikdd.cc\/i\/wp-json\/wp\/v2\/comments?post=1705"}],"version-history":[{"count":3,"href":"https:\/\/www.tikdd.cc\/i\/wp-json\/wp\/v2\/pages\/1705\/revisions"}],"predecessor-version":[{"id":2695,"href":"https:\/\/www.tikdd.cc\/i\/wp-json\/wp\/v2\/pages\/1705\/revisions\/2695"}],"wp:attachment":[{"href":"https:\/\/www.tikdd.cc\/i\/wp-json\/wp\/v2\/media?parent=1705"}],"curies":[{"name":"wp","href":"https:\/\/api.w.org\/{rel}","templated":true}]}}