{"id":1699,"date":"2024-12-19T13:07:31","date_gmt":"2024-12-19T13:07:31","guid":{"rendered":"https:\/\/www.tikdd.cc\/i\/?page_id=1699"},"modified":"2026-03-01T03:28:30","modified_gmt":"2026-03-01T03:28:30","slug":"xvideos-downloaden","status":"publish","type":"page","link":"https:\/\/www.tikdd.cc\/i\/de\/xvideos-downloaden\/","title":{"rendered":"XVideos Downloaden"},"content":{"rendered":"\n<p>XVideos Downloaden ist ein kostenloses Tool zum Herunterladen von Videos von <a href=\"https:\/\/www.xvideos.com\/\" rel=\"nofollow noopener\" target=\"_blank\">XVideos.com<\/a>, einer weithin anerkannten Plattform f\u00fcr Erwachsenenunterhaltung. Mit diesem Downloader k\u00f6nnen Benutzer Videos in hochaufl\u00f6senden Formaten wie .MP4 speichern und sie so bequem offline ansehen. Der Vorgang ist einfach: Kopieren Sie die Video-URL von XVideos, f\u00fcgen Sie sie in den Downloader ein und beginnen Sie mit dem schnellen und effizienten Herunterladen Ihrer Inhalte.<\/p>\n\n\n\n<p>Beispiel-URL &gt;&gt;&gt; https:\/\/www.xvideos.com\/video.ufmecebef0d\/39007453\/0\/_no_penetration_please_my_boyfriend_might_be_mad_stepsis_creamy_rubbing_and_fucking<\/p>\n\n\n\n<div class=\"section features-1\">\n        <div class=\"container\">\n            <div class=\"row\">\n                <div class=\"col-md-8 mx-auto text-center\">\n                    <h2 class=\"display-4 mb-5\">Wie lade ich Videos von XVideos herunter?<\/h2>\n                <\/div>\n            <\/div>\n            <div class=\"row text-center\">\n                <div class=\"col\">\n                    <div class=\"info\">\n                        <div class=\"icon icon-lg icon-shape icon-shape-primary shadow rounded-circle\">\n                            <i class=\"fas fa-link\"><\/i>\n                        <\/div>\n                        <h6 class=\"info-title text-uppercase text-primary\">URL des teilbaren Videos kopieren<\/h6>\n                        <p class=\"description opacity-8\"><\/p>\n                    <\/div>\n                <\/div>\n                <div class=\"col\">\n                    <div class=\"info\">\n                        <div class=\"icon icon-lg icon-shape icon-shape-success shadow rounded-circle\">\n                            <i class=\"fas fa-paste\"><\/i>\n                        <\/div>\n                        <h6 class=\"info-title text-uppercase text-success\">F\u00fcgen Sie es in das Feld oben ein<\/h6>\n                        <p class=\"description opacity-8\"><\/p>\n                    <\/div>\n                <\/div>\n                <div class=\"col\">\n                    <div class=\"info\">\n                        <div class=\"icon icon-lg icon-shape icon-shape-info shadow rounded-circle\">\n                            <i class=\"fas fa-download\"><\/i>\n                        <\/div>\n                        <h6 class=\"info-title text-uppercase text-info\">Klicken Sie auf Download<\/h6>\n                        <p class=\"description opacity-8\"><\/p>\n                    <\/div>\n                <\/div>\n            <\/div>\n        <\/div>\n    <\/div>\n\n\n","protected":false},"excerpt":{"rendered":"<p>XVideos Downloaden ist ein kostenloses Tool zum Herunterladen von Videos von XVideos.com, einer weithin anerkannten&hellip;<\/p>\n","protected":false},"author":1,"featured_media":0,"parent":0,"menu_order":0,"comment_status":"closed","ping_status":"closed","template":"page-templates\/template-downloader.php","meta":{"footnotes":""},"class_list":["post-1699","page","type-page","status-publish","hentry"],"_links":{"self":[{"href":"https:\/\/www.tikdd.cc\/i\/wp-json\/wp\/v2\/pages\/1699","targetHints":{"allow":["GET"]}}],"collection":[{"href":"https:\/\/www.tikdd.cc\/i\/wp-json\/wp\/v2\/pages"}],"about":[{"href":"https:\/\/www.tikdd.cc\/i\/wp-json\/wp\/v2\/types\/page"}],"author":[{"embeddable":true,"href":"https:\/\/www.tikdd.cc\/i\/wp-json\/wp\/v2\/users\/1"}],"replies":[{"embeddable":true,"href":"https:\/\/www.tikdd.cc\/i\/wp-json\/wp\/v2\/comments?post=1699"}],"version-history":[{"count":4,"href":"https:\/\/www.tikdd.cc\/i\/wp-json\/wp\/v2\/pages\/1699\/revisions"}],"predecessor-version":[{"id":2698,"href":"https:\/\/www.tikdd.cc\/i\/wp-json\/wp\/v2\/pages\/1699\/revisions\/2698"}],"wp:attachment":[{"href":"https:\/\/www.tikdd.cc\/i\/wp-json\/wp\/v2\/media?parent=1699"}],"curies":[{"name":"wp","href":"https:\/\/api.w.org\/{rel}","templated":true}]}}