{"id":1689,"date":"2024-12-19T12:57:58","date_gmt":"2024-12-19T12:57:58","guid":{"rendered":"https:\/\/www.tikdd.cc\/i\/?page_id=1689"},"modified":"2026-03-01T03:23:32","modified_gmt":"2026-03-01T03:23:32","slug":"xhamster-video-downloaden","status":"publish","type":"page","link":"https:\/\/www.tikdd.cc\/i\/de\/xhamster-video-downloaden\/","title":{"rendered":"XHamster Video Downloaden"},"content":{"rendered":"\n<p>XHamster Video Downloaden ist ein kostenloses Tool zum Herunterladen von Videos von <a href=\"https:\/\/xhamster.com\/\" rel=\"nofollow noopener\" target=\"_blank\">XHamster.com<\/a>, einer beliebten Plattform f\u00fcr Inhalte f\u00fcr Erwachsene. Mit diesem Downloader k\u00f6nnen Benutzer Videos in hochaufl\u00f6senden Formaten wie .MP4 speichern und so nahtlos offline ansehen. Die Verwendung des Tools ist einfach: Kopieren Sie die Video-URL von XHamster, f\u00fcgen Sie sie in den Downloader ein und rufen Sie schnell das gew\u00fcnschte Video ab.<\/p>\n\n\n\n<p>Beispiel-URL &gt;&gt;&gt; https:\/\/xhamster.com\/videos\/modelmedia-asia-my-sexy-tutor-is-an-porn-star-ai-xi-xhO87Ly<\/p>\n\n\n\n<div class=\"section features-1\">\n        <div class=\"container\">\n            <div class=\"row\">\n                <div class=\"col-md-8 mx-auto text-center\">\n                    <h2 class=\"display-4 mb-5\">Wie lade ich Videos von XHamster herunter?<\/h2>\n                <\/div>\n            <\/div>\n            <div class=\"row text-center\">\n                <div class=\"col\">\n                    <div class=\"info\">\n                        <div class=\"icon icon-lg icon-shape icon-shape-primary shadow rounded-circle\">\n                            <i class=\"fas fa-link\"><\/i>\n                        <\/div>\n                        <h6 class=\"info-title text-uppercase text-primary\">URL des teilbaren Videos kopieren<\/h6>\n                        <p class=\"description opacity-8\"><\/p>\n                    <\/div>\n                <\/div>\n                <div class=\"col\">\n                    <div class=\"info\">\n                        <div class=\"icon icon-lg icon-shape icon-shape-success shadow rounded-circle\">\n                            <i class=\"fas fa-paste\"><\/i>\n                        <\/div>\n                        <h6 class=\"info-title text-uppercase text-success\">F\u00fcgen Sie es in das Feld oben ein<\/h6>\n                        <p class=\"description opacity-8\"><\/p>\n                    <\/div>\n                <\/div>\n                <div class=\"col\">\n                    <div class=\"info\">\n                        <div class=\"icon icon-lg icon-shape icon-shape-info shadow rounded-circle\">\n                            <i class=\"fas fa-download\"><\/i>\n                        <\/div>\n                        <h6 class=\"info-title text-uppercase text-info\">Klicken Sie auf Download<\/h6>\n                        <p class=\"description opacity-8\"><\/p>\n                    <\/div>\n                <\/div>\n            <\/div>\n        <\/div>\n    <\/div>\n\n\n","protected":false},"excerpt":{"rendered":"<p>XHamster Video Downloaden ist ein kostenloses Tool zum Herunterladen von Videos von XHamster.com, einer beliebten&hellip;<\/p>\n","protected":false},"author":1,"featured_media":0,"parent":0,"menu_order":0,"comment_status":"closed","ping_status":"closed","template":"page-templates\/template-downloader.php","meta":{"footnotes":""},"class_list":["post-1689","page","type-page","status-publish","hentry"],"_links":{"self":[{"href":"https:\/\/www.tikdd.cc\/i\/wp-json\/wp\/v2\/pages\/1689","targetHints":{"allow":["GET"]}}],"collection":[{"href":"https:\/\/www.tikdd.cc\/i\/wp-json\/wp\/v2\/pages"}],"about":[{"href":"https:\/\/www.tikdd.cc\/i\/wp-json\/wp\/v2\/types\/page"}],"author":[{"embeddable":true,"href":"https:\/\/www.tikdd.cc\/i\/wp-json\/wp\/v2\/users\/1"}],"replies":[{"embeddable":true,"href":"https:\/\/www.tikdd.cc\/i\/wp-json\/wp\/v2\/comments?post=1689"}],"version-history":[{"count":6,"href":"https:\/\/www.tikdd.cc\/i\/wp-json\/wp\/v2\/pages\/1689\/revisions"}],"predecessor-version":[{"id":2681,"href":"https:\/\/www.tikdd.cc\/i\/wp-json\/wp\/v2\/pages\/1689\/revisions\/2681"}],"wp:attachment":[{"href":"https:\/\/www.tikdd.cc\/i\/wp-json\/wp\/v2\/media?parent=1689"}],"curies":[{"name":"wp","href":"https:\/\/api.w.org\/{rel}","templated":true}]}}