{"id":1681,"date":"2024-12-19T12:47:16","date_gmt":"2024-12-19T12:47:16","guid":{"rendered":"https:\/\/www.tikdd.cc\/i\/?page_id=1681"},"modified":"2024-12-19T12:47:59","modified_gmt":"2024-12-19T12:47:59","slug":"worldstarhiphop-video-downloaden","status":"publish","type":"page","link":"https:\/\/www.tikdd.cc\/i\/de\/worldstarhiphop-video-downloaden\/","title":{"rendered":"WorldStarHipHop Video Downloaden"},"content":{"rendered":"\n<p>WorldStarHipHop Video Downloaden ist ein kostenloses Tool zum Herunterladen von Videos von <a href=\"https:\/\/worldstarhiphop.com\/\" rel=\"nofollow noopener\" target=\"_blank\">WorldStarHipHop<\/a>, einer beliebten Plattform f\u00fcr urbane Unterhaltung, Musikvideos und virale Inhalte. Dieser Downloader unterst\u00fctzt das Speichern von Videos in hochwertigen Formaten wie .MP4, sodass Benutzer ihre Lieblingsinhalte offline genie\u00dfen k\u00f6nnen. Der Vorgang ist unkompliziert: Kopieren Sie die Video-URL von WorldStarHipHop, f\u00fcgen Sie sie in den Downloader ein und rufen Sie das Video schnell ab.<\/p>\n\n\n\n<p>Beispiel-URL &gt;&gt;&gt; https:\/\/worldstar.com\/videos\/wshh54f01k3C0RoimID7\/toxic-nj-women-fight-over-their-boyfriends-and-end-the-night-in-handcuffs-after-pushing-cops-body-cam<\/p>\n\n\n\n<div class=\"section features-1\">\n        <div class=\"container\">\n            <div class=\"row\">\n                <div class=\"col-md-8 mx-auto text-center\">\n                    <h2 class=\"display-4 mb-5\">Wie lade ich Videos von WorldStarHipHop herunter?<\/h2>\n                <\/div>\n            <\/div>\n            <div class=\"row text-center\">\n                <div class=\"col\">\n                    <div class=\"info\">\n                        <div class=\"icon icon-lg icon-shape icon-shape-primary shadow rounded-circle\">\n                            <i class=\"fas fa-link\"><\/i>\n                        <\/div>\n                        <h6 class=\"info-title text-uppercase text-primary\">URL des teilbaren Videos kopieren<\/h6>\n                        <p class=\"description opacity-8\"><\/p>\n                    <\/div>\n                <\/div>\n                <div class=\"col\">\n                    <div class=\"info\">\n                        <div class=\"icon icon-lg icon-shape icon-shape-success shadow rounded-circle\">\n                            <i class=\"fas fa-paste\"><\/i>\n                        <\/div>\n                        <h6 class=\"info-title text-uppercase text-success\">F\u00fcgen Sie es in das Feld oben ein<\/h6>\n                        <p class=\"description opacity-8\"><\/p>\n                    <\/div>\n                <\/div>\n                <div class=\"col\">\n                    <div class=\"info\">\n                        <div class=\"icon icon-lg icon-shape icon-shape-info shadow rounded-circle\">\n                            <i class=\"fas fa-download\"><\/i>\n                        <\/div>\n                        <h6 class=\"info-title text-uppercase text-info\">Klicken Sie auf Download<\/h6>\n                        <p class=\"description opacity-8\"><\/p>\n                    <\/div>\n                <\/div>\n            <\/div>\n        <\/div>\n    <\/div>\n","protected":false},"excerpt":{"rendered":"<p>WorldStarHipHop Video Downloaden ist ein kostenloses Tool zum Herunterladen von Videos von WorldStarHipHop, einer beliebten&hellip;<\/p>\n","protected":false},"author":1,"featured_media":0,"parent":0,"menu_order":0,"comment_status":"closed","ping_status":"closed","template":"page-templates\/template-downloader.php","meta":{"footnotes":""},"class_list":["post-1681","page","type-page","status-publish","hentry"],"_links":{"self":[{"href":"https:\/\/www.tikdd.cc\/i\/wp-json\/wp\/v2\/pages\/1681","targetHints":{"allow":["GET"]}}],"collection":[{"href":"https:\/\/www.tikdd.cc\/i\/wp-json\/wp\/v2\/pages"}],"about":[{"href":"https:\/\/www.tikdd.cc\/i\/wp-json\/wp\/v2\/types\/page"}],"author":[{"embeddable":true,"href":"https:\/\/www.tikdd.cc\/i\/wp-json\/wp\/v2\/users\/1"}],"replies":[{"embeddable":true,"href":"https:\/\/www.tikdd.cc\/i\/wp-json\/wp\/v2\/comments?post=1681"}],"version-history":[{"count":2,"href":"https:\/\/www.tikdd.cc\/i\/wp-json\/wp\/v2\/pages\/1681\/revisions"}],"predecessor-version":[{"id":1685,"href":"https:\/\/www.tikdd.cc\/i\/wp-json\/wp\/v2\/pages\/1681\/revisions\/1685"}],"wp:attachment":[{"href":"https:\/\/www.tikdd.cc\/i\/wp-json\/wp\/v2\/media?parent=1681"}],"curies":[{"name":"wp","href":"https:\/\/api.w.org\/{rel}","templated":true}]}}