{"id":1674,"date":"2024-12-19T12:40:30","date_gmt":"2024-12-19T12:40:30","guid":{"rendered":"https:\/\/www.tikdd.cc\/i\/?page_id=1674"},"modified":"2024-12-19T12:41:12","modified_gmt":"2024-12-19T12:41:12","slug":"videa-video-downloaden","status":"publish","type":"page","link":"https:\/\/www.tikdd.cc\/i\/de\/videa-video-downloaden\/","title":{"rendered":"Videa Video Downloaden"},"content":{"rendered":"\n<p>Videa Video Downloaden ist ein kostenloses Tool zum Herunterladen von Videos von <a href=\"https:\/\/videa.hu\/\" rel=\"nofollow noopener\" target=\"_blank\">Videa.hu<\/a>, einer beliebten ungarischen Video-Sharing-Plattform, die vielf\u00e4ltige Inhalte wie Filme, Shows und pers\u00f6nliche Uploads hostet. Dieser Downloader unterst\u00fctzt hochwertige Formate wie .mp4, sodass Benutzer ihre Lieblingsvideos offline genie\u00dfen k\u00f6nnen. Zum Herunterladen kopieren Sie die Video-URL von Videa.hu, f\u00fcgen sie in den Downloader ein und rufen das Video m\u00fchelos ab.<\/p>\n\n\n\n<p>Beispiel-URL &gt;&gt;&gt; https:\/\/videa.hu\/videok\/kulturnemzet\/podcast\/in-women-veritas-nanowrimo-es-archiv-konyvkiadas-lFzKgMzWVbc9H01x<\/p>\n\n\n\n<div class=\"section features-1\">\n        <div class=\"container\">\n            <div class=\"row\">\n                <div class=\"col-md-8 mx-auto text-center\">\n                    <h2 class=\"display-4 mb-5\">Wie lade ich Videos von Videa herunter?<\/h2>\n                <\/div>\n            <\/div>\n            <div class=\"row text-center\">\n                <div class=\"col\">\n                    <div class=\"info\">\n                        <div class=\"icon icon-lg icon-shape icon-shape-primary shadow rounded-circle\">\n                            <i class=\"fas fa-link\"><\/i>\n                        <\/div>\n                        <h6 class=\"info-title text-uppercase text-primary\">URL des teilbaren Videos kopieren<\/h6>\n                        <p class=\"description opacity-8\"><\/p>\n                    <\/div>\n                <\/div>\n                <div class=\"col\">\n                    <div class=\"info\">\n                        <div class=\"icon icon-lg icon-shape icon-shape-success shadow rounded-circle\">\n                            <i class=\"fas fa-paste\"><\/i>\n                        <\/div>\n                        <h6 class=\"info-title text-uppercase text-success\">F\u00fcgen Sie es in das Feld oben ein<\/h6>\n                        <p class=\"description opacity-8\"><\/p>\n                    <\/div>\n                <\/div>\n                <div class=\"col\">\n                    <div class=\"info\">\n                        <div class=\"icon icon-lg icon-shape icon-shape-info shadow rounded-circle\">\n                            <i class=\"fas fa-download\"><\/i>\n                        <\/div>\n                        <h6 class=\"info-title text-uppercase text-info\">Klicken Sie auf Download<\/h6>\n                        <p class=\"description opacity-8\"><\/p>\n                    <\/div>\n                <\/div>\n            <\/div>\n        <\/div>\n    <\/div>\n","protected":false},"excerpt":{"rendered":"<p>Videa Video Downloaden ist ein kostenloses Tool zum Herunterladen von Videos von Videa.hu, einer beliebten&hellip;<\/p>\n","protected":false},"author":1,"featured_media":0,"parent":0,"menu_order":0,"comment_status":"closed","ping_status":"closed","template":"page-templates\/template-downloader.php","meta":{"footnotes":""},"class_list":["post-1674","page","type-page","status-publish","hentry"],"_links":{"self":[{"href":"https:\/\/www.tikdd.cc\/i\/wp-json\/wp\/v2\/pages\/1674","targetHints":{"allow":["GET"]}}],"collection":[{"href":"https:\/\/www.tikdd.cc\/i\/wp-json\/wp\/v2\/pages"}],"about":[{"href":"https:\/\/www.tikdd.cc\/i\/wp-json\/wp\/v2\/types\/page"}],"author":[{"embeddable":true,"href":"https:\/\/www.tikdd.cc\/i\/wp-json\/wp\/v2\/users\/1"}],"replies":[{"embeddable":true,"href":"https:\/\/www.tikdd.cc\/i\/wp-json\/wp\/v2\/comments?post=1674"}],"version-history":[{"count":2,"href":"https:\/\/www.tikdd.cc\/i\/wp-json\/wp\/v2\/pages\/1674\/revisions"}],"predecessor-version":[{"id":1677,"href":"https:\/\/www.tikdd.cc\/i\/wp-json\/wp\/v2\/pages\/1674\/revisions\/1677"}],"wp:attachment":[{"href":"https:\/\/www.tikdd.cc\/i\/wp-json\/wp\/v2\/media?parent=1674"}],"curies":[{"name":"wp","href":"https:\/\/api.w.org\/{rel}","templated":true}]}}