{"id":1657,"date":"2024-12-19T12:19:54","date_gmt":"2024-12-19T12:19:54","guid":{"rendered":"https:\/\/www.tikdd.cc\/i\/?page_id=1657"},"modified":"2024-12-19T12:27:49","modified_gmt":"2024-12-19T12:27:49","slug":"tunein-downloaden","status":"publish","type":"page","link":"https:\/\/www.tikdd.cc\/i\/de\/tunein-downloaden\/","title":{"rendered":"Tunein Downloaden"},"content":{"rendered":"\n<p>TuneIn Downloaden ist ein kostenloses Tool zum Herunterladen von Audioinhalten von TuneIn, einer beliebten Plattform zum Streamen von Radio, Musik, Podcasts und Live-Nachrichten. Mit diesem Downloader k\u00f6nnen Benutzer ihre bevorzugten Audiostreams in Formaten wie .mp3 speichern, um sie offline anzuh\u00f6ren, was Komfort und Flexibilit\u00e4t bietet. Das Tool ist einfach zu verwenden: Kopieren Sie einfach die URL des gew\u00fcnschten TuneIn-Inhalts, f\u00fcgen Sie sie in den Downloader ein und rufen Sie das Audio schnell ab.<\/p>\n\n\n\n<p>Beispiel-URL &gt;&gt;&gt; https:\/\/tunein.com\/podcasts\/Comedy\/Dear-Chelsea-p1538738\/?topicId=436863003<\/p>\n\n\n\n<div class=\"section features-1\">\n        <div class=\"container\">\n            <div class=\"row\">\n                <div class=\"col-md-8 mx-auto text-center\">\n                    <h2 class=\"display-4 mb-5\">Wie lade ich audios von Tunein herunter?<\/h2>\n                <\/div>\n            <\/div>\n            <div class=\"row text-center\">\n                <div class=\"col\">\n                    <div class=\"info\">\n                        <div class=\"icon icon-lg icon-shape icon-shape-primary shadow rounded-circle\">\n                            <i class=\"fas fa-link\"><\/i>\n                        <\/div>\n                        <h6 class=\"info-title text-uppercase text-primary\">URL des teilbaren Videos kopieren<\/h6>\n                        <p class=\"description opacity-8\"><\/p>\n                    <\/div>\n                <\/div>\n                <div class=\"col\">\n                    <div class=\"info\">\n                        <div class=\"icon icon-lg icon-shape icon-shape-success shadow rounded-circle\">\n                            <i class=\"fas fa-paste\"><\/i>\n                        <\/div>\n                        <h6 class=\"info-title text-uppercase text-success\">F\u00fcgen Sie es in das Feld oben ein<\/h6>\n                        <p class=\"description opacity-8\"><\/p>\n                    <\/div>\n                <\/div>\n                <div class=\"col\">\n                    <div class=\"info\">\n                        <div class=\"icon icon-lg icon-shape icon-shape-info shadow rounded-circle\">\n                            <i class=\"fas fa-download\"><\/i>\n                        <\/div>\n                        <h6 class=\"info-title text-uppercase text-info\">Klicken Sie auf Download<\/h6>\n                        <p class=\"description opacity-8\"><\/p>\n                    <\/div>\n                <\/div>\n            <\/div>\n        <\/div>\n    <\/div>\n","protected":false},"excerpt":{"rendered":"<p>TuneIn Downloaden ist ein kostenloses Tool zum Herunterladen von Audioinhalten von TuneIn, einer beliebten Plattform&hellip;<\/p>\n","protected":false},"author":1,"featured_media":0,"parent":0,"menu_order":0,"comment_status":"closed","ping_status":"closed","template":"page-templates\/template-downloader.php","meta":{"footnotes":""},"class_list":["post-1657","page","type-page","status-publish","hentry"],"_links":{"self":[{"href":"https:\/\/www.tikdd.cc\/i\/wp-json\/wp\/v2\/pages\/1657","targetHints":{"allow":["GET"]}}],"collection":[{"href":"https:\/\/www.tikdd.cc\/i\/wp-json\/wp\/v2\/pages"}],"about":[{"href":"https:\/\/www.tikdd.cc\/i\/wp-json\/wp\/v2\/types\/page"}],"author":[{"embeddable":true,"href":"https:\/\/www.tikdd.cc\/i\/wp-json\/wp\/v2\/users\/1"}],"replies":[{"embeddable":true,"href":"https:\/\/www.tikdd.cc\/i\/wp-json\/wp\/v2\/comments?post=1657"}],"version-history":[{"count":2,"href":"https:\/\/www.tikdd.cc\/i\/wp-json\/wp\/v2\/pages\/1657\/revisions"}],"predecessor-version":[{"id":1660,"href":"https:\/\/www.tikdd.cc\/i\/wp-json\/wp\/v2\/pages\/1657\/revisions\/1660"}],"wp:attachment":[{"href":"https:\/\/www.tikdd.cc\/i\/wp-json\/wp\/v2\/media?parent=1657"}],"curies":[{"name":"wp","href":"https:\/\/api.w.org\/{rel}","templated":true}]}}