{"id":1654,"date":"2024-12-19T12:15:10","date_gmt":"2024-12-19T12:15:10","guid":{"rendered":"https:\/\/www.tikdd.cc\/i\/?page_id=1654"},"modified":"2026-03-01T03:29:47","modified_gmt":"2026-03-01T03:29:47","slug":"tnaflix-video-downloaden","status":"publish","type":"page","link":"https:\/\/www.tikdd.cc\/i\/de\/tnaflix-video-downloaden\/","title":{"rendered":"TNAFlix Video Downloaden"},"content":{"rendered":"\n<p>TNAFlix Video Downloaden ist ein kostenloses Tool zum Herunterladen von Erwachsenenvideos von TNAFlix.com, mit dem Benutzer Inhalte in hochaufl\u00f6senden Formaten wie .mp4 speichern und offline ansehen k\u00f6nnen. Es bietet eine schnelle und einfache M\u00f6glichkeit, auf Videos zuzugreifen, ohne dass eine Internetverbindung erforderlich ist. Um den Downloader zu verwenden, kopieren Sie die URL des gew\u00fcnschten TNAFlix-Videos, f\u00fcgen Sie sie in das Tool ein und laden Sie den Inhalt einfach herunter.<\/p>\n\n\n\n<p>Beispiel-URL &gt;&gt;&gt; https:\/\/www.tnaflix.com\/amateur-porn\/ALL-GIRL-MASSAGE-Hot-Fake-Masseuse-Tiffany-Watson-Fucks-With-Latina-Hottie-Client-Alina-Lopez\/video11681270<\/p>\n\n\n\n<div class=\"section features-1\">\n        <div class=\"container\">\n            <div class=\"row\">\n                <div class=\"col-md-8 mx-auto text-center\">\n                    <h2 class=\"display-4 mb-5\">Wie lade ich Videos von TNAFlix herunter?<\/h2>\n                <\/div>\n            <\/div>\n            <div class=\"row text-center\">\n                <div class=\"col\">\n                    <div class=\"info\">\n                        <div class=\"icon icon-lg icon-shape icon-shape-primary shadow rounded-circle\">\n                            <i class=\"fas fa-link\"><\/i>\n                        <\/div>\n                        <h6 class=\"info-title text-uppercase text-primary\">URL des teilbaren Videos kopieren<\/h6>\n                        <p class=\"description opacity-8\"><\/p>\n                    <\/div>\n                <\/div>\n                <div class=\"col\">\n                    <div class=\"info\">\n                        <div class=\"icon icon-lg icon-shape icon-shape-success shadow rounded-circle\">\n                            <i class=\"fas fa-paste\"><\/i>\n                        <\/div>\n                        <h6 class=\"info-title text-uppercase text-success\">F\u00fcgen Sie es in das Feld oben ein<\/h6>\n                        <p class=\"description opacity-8\"><\/p>\n                    <\/div>\n                <\/div>\n                <div class=\"col\">\n                    <div class=\"info\">\n                        <div class=\"icon icon-lg icon-shape icon-shape-info shadow rounded-circle\">\n                            <i class=\"fas fa-download\"><\/i>\n                        <\/div>\n                        <h6 class=\"info-title text-uppercase text-info\">Klicken Sie auf Download<\/h6>\n                        <p class=\"description opacity-8\"><\/p>\n                    <\/div>\n                <\/div>\n            <\/div>\n        <\/div>\n    <\/div>\n\n\n","protected":false},"excerpt":{"rendered":"<p>TNAFlix Video Downloaden ist ein kostenloses Tool zum Herunterladen von Erwachsenenvideos von TNAFlix.com, mit dem&hellip;<\/p>\n","protected":false},"author":1,"featured_media":0,"parent":0,"menu_order":0,"comment_status":"closed","ping_status":"closed","template":"page-templates\/template-downloader.php","meta":{"footnotes":""},"class_list":["post-1654","page","type-page","status-publish","hentry"],"_links":{"self":[{"href":"https:\/\/www.tikdd.cc\/i\/wp-json\/wp\/v2\/pages\/1654","targetHints":{"allow":["GET"]}}],"collection":[{"href":"https:\/\/www.tikdd.cc\/i\/wp-json\/wp\/v2\/pages"}],"about":[{"href":"https:\/\/www.tikdd.cc\/i\/wp-json\/wp\/v2\/types\/page"}],"author":[{"embeddable":true,"href":"https:\/\/www.tikdd.cc\/i\/wp-json\/wp\/v2\/users\/1"}],"replies":[{"embeddable":true,"href":"https:\/\/www.tikdd.cc\/i\/wp-json\/wp\/v2\/comments?post=1654"}],"version-history":[{"count":5,"href":"https:\/\/www.tikdd.cc\/i\/wp-json\/wp\/v2\/pages\/1654\/revisions"}],"predecessor-version":[{"id":2702,"href":"https:\/\/www.tikdd.cc\/i\/wp-json\/wp\/v2\/pages\/1654\/revisions\/2702"}],"wp:attachment":[{"href":"https:\/\/www.tikdd.cc\/i\/wp-json\/wp\/v2\/media?parent=1654"}],"curies":[{"name":"wp","href":"https:\/\/api.w.org\/{rel}","templated":true}]}}