{"id":1640,"date":"2024-12-18T14:35:07","date_gmt":"2024-12-18T14:35:07","guid":{"rendered":"https:\/\/www.tikdd.cc\/i\/?page_id=1640"},"modified":"2024-12-18T14:35:08","modified_gmt":"2024-12-18T14:35:08","slug":"teamtreehouse-video-downloaden","status":"publish","type":"page","link":"https:\/\/www.tikdd.cc\/i\/de\/teamtreehouse-video-downloaden\/","title":{"rendered":"Teamtreehouse Video Downloaden"},"content":{"rendered":"\n<p>TeamTreehouse Video Downloaden ist ein kostenloses Tool zum Herunterladen von Lehrvideos von <a href=\"https:\/\/teamtreehouse.com\/\" rel=\"nofollow noopener\" target=\"_blank\">TeamTreehouse<\/a>, einer Plattform mit Tutorials zu Programmierung, Design und Technologie. Mit diesem Downloader k\u00f6nnen Benutzer Lehrvideos in hochwertigen Formaten wie .mp4 speichern und so auch ohne Internetzugang ungest\u00f6rtes Lernen gew\u00e4hrleisten. Der Downloader ist einfach zu verwenden: Kopieren Sie einfach die Video-URL von TeamTreehouse, f\u00fcgen Sie sie in das Tool ein und laden Sie den Inhalt schnell herunter.<\/p>\n\n\n\n<p>Beispiel-URL &gt;&gt;&gt; https:\/\/teamtreehouse.com\/library\/python-basics-3\/the-python-shell<\/p>\n\n\n\n<div class=\"section features-1\">\n        <div class=\"container\">\n            <div class=\"row\">\n                <div class=\"col-md-8 mx-auto text-center\">\n                    <h2 class=\"display-4 mb-5\">Wie l\u00e4dt man Videos von Teamtreehouse herunter?<\/h2>\n                <\/div>\n            <\/div>\n            <div class=\"row text-center\">\n                <div class=\"col\">\n                    <div class=\"info\">\n                        <div class=\"icon icon-lg icon-shape icon-shape-primary shadow rounded-circle\">\n                            <i class=\"fas fa-link\"><\/i>\n                        <\/div>\n                        <h6 class=\"info-title text-uppercase text-primary\">URL des teilbaren Videos kopieren<\/h6>\n                        <p class=\"description opacity-8\"><\/p>\n                    <\/div>\n                <\/div>\n                <div class=\"col\">\n                    <div class=\"info\">\n                        <div class=\"icon icon-lg icon-shape icon-shape-success shadow rounded-circle\">\n                            <i class=\"fas fa-paste\"><\/i>\n                        <\/div>\n                        <h6 class=\"info-title text-uppercase text-success\">F\u00fcgen Sie es in das Feld oben ein<\/h6>\n                        <p class=\"description opacity-8\"><\/p>\n                    <\/div>\n                <\/div>\n                <div class=\"col\">\n                    <div class=\"info\">\n                        <div class=\"icon icon-lg icon-shape icon-shape-info shadow rounded-circle\">\n                            <i class=\"fas fa-download\"><\/i>\n                        <\/div>\n                        <h6 class=\"info-title text-uppercase text-info\">Klicken Sie auf Download<\/h6>\n                        <p class=\"description opacity-8\"><\/p>\n                    <\/div>\n                <\/div>\n            <\/div>\n        <\/div>\n    <\/div>\n","protected":false},"excerpt":{"rendered":"<p>TeamTreehouse Video Downloaden ist ein kostenloses Tool zum Herunterladen von Lehrvideos von TeamTreehouse, einer Plattform&hellip;<\/p>\n","protected":false},"author":1,"featured_media":0,"parent":0,"menu_order":0,"comment_status":"closed","ping_status":"closed","template":"page-templates\/template-downloader.php","meta":{"footnotes":""},"class_list":["post-1640","page","type-page","status-publish","hentry"],"_links":{"self":[{"href":"https:\/\/www.tikdd.cc\/i\/wp-json\/wp\/v2\/pages\/1640","targetHints":{"allow":["GET"]}}],"collection":[{"href":"https:\/\/www.tikdd.cc\/i\/wp-json\/wp\/v2\/pages"}],"about":[{"href":"https:\/\/www.tikdd.cc\/i\/wp-json\/wp\/v2\/types\/page"}],"author":[{"embeddable":true,"href":"https:\/\/www.tikdd.cc\/i\/wp-json\/wp\/v2\/users\/1"}],"replies":[{"embeddable":true,"href":"https:\/\/www.tikdd.cc\/i\/wp-json\/wp\/v2\/comments?post=1640"}],"version-history":[{"count":1,"href":"https:\/\/www.tikdd.cc\/i\/wp-json\/wp\/v2\/pages\/1640\/revisions"}],"predecessor-version":[{"id":1642,"href":"https:\/\/www.tikdd.cc\/i\/wp-json\/wp\/v2\/pages\/1640\/revisions\/1642"}],"wp:attachment":[{"href":"https:\/\/www.tikdd.cc\/i\/wp-json\/wp\/v2\/media?parent=1640"}],"curies":[{"name":"wp","href":"https:\/\/api.w.org\/{rel}","templated":true}]}}