{"id":1633,"date":"2024-12-18T14:27:39","date_gmt":"2024-12-18T14:27:39","guid":{"rendered":"https:\/\/www.tikdd.cc\/i\/?page_id=1633"},"modified":"2024-12-18T14:27:40","modified_gmt":"2024-12-18T14:27:40","slug":"steam-video-downloaden","status":"publish","type":"page","link":"https:\/\/www.tikdd.cc\/i\/de\/steam-video-downloaden\/","title":{"rendered":"Steam Video Downloaden"},"content":{"rendered":"\n<p>Steam Video Downloaden ist ein kostenloses Tool zum Herunterladen von Videos von <a href=\"https:\/\/store.steampowered.com\/\" rel=\"nofollow noopener\" target=\"_blank\">Steam<\/a>, der beliebten Gaming-Plattform, die f\u00fcr Trailer, Entwicklerdokumentationen, Gameplay-Videos und andere Multimedia-Inhalte bekannt ist. Mit diesem Downloader k\u00f6nnen Benutzer Videos in hochwertigen Formaten wie .mp4 speichern und sie so f\u00fcr die Offline-Anzeige zug\u00e4nglich machen. Der Vorgang ist einfach: Benutzer k\u00f6nnen die Video-URL von Steam kopieren und in den Downloader einf\u00fcgen, um den gew\u00fcnschten Inhalt schnell abzurufen.<\/p>\n\n\n\n<p>Beispiel-URL &gt;&gt;&gt; https:\/\/store.steampowered.com\/app\/306130\/OL\/<\/p>\n\n\n\n<div class=\"section features-1\">\n        <div class=\"container\">\n            <div class=\"row\">\n                <div class=\"col-md-8 mx-auto text-center\">\n                    <h2 class=\"display-4 mb-5\">Wie l\u00e4dt man Videos von Steam herunter?<\/h2>\n                <\/div>\n            <\/div>\n            <div class=\"row text-center\">\n                <div class=\"col\">\n                    <div class=\"info\">\n                        <div class=\"icon icon-lg icon-shape icon-shape-primary shadow rounded-circle\">\n                            <i class=\"fas fa-link\"><\/i>\n                        <\/div>\n                        <h6 class=\"info-title text-uppercase text-primary\">URL des teilbaren Videos kopieren<\/h6>\n                        <p class=\"description opacity-8\"><\/p>\n                    <\/div>\n                <\/div>\n                <div class=\"col\">\n                    <div class=\"info\">\n                        <div class=\"icon icon-lg icon-shape icon-shape-success shadow rounded-circle\">\n                            <i class=\"fas fa-paste\"><\/i>\n                        <\/div>\n                        <h6 class=\"info-title text-uppercase text-success\">F\u00fcgen Sie es in das Feld oben ein<\/h6>\n                        <p class=\"description opacity-8\"><\/p>\n                    <\/div>\n                <\/div>\n                <div class=\"col\">\n                    <div class=\"info\">\n                        <div class=\"icon icon-lg icon-shape icon-shape-info shadow rounded-circle\">\n                            <i class=\"fas fa-download\"><\/i>\n                        <\/div>\n                        <h6 class=\"info-title text-uppercase text-info\">Klicken Sie auf Download<\/h6>\n                        <p class=\"description opacity-8\"><\/p>\n                    <\/div>\n                <\/div>\n            <\/div>\n        <\/div>\n    <\/div>\n","protected":false},"excerpt":{"rendered":"<p>Steam Video Downloaden ist ein kostenloses Tool zum Herunterladen von Videos von Steam, der beliebten&hellip;<\/p>\n","protected":false},"author":1,"featured_media":0,"parent":0,"menu_order":0,"comment_status":"closed","ping_status":"closed","template":"page-templates\/template-downloader.php","meta":{"footnotes":""},"class_list":["post-1633","page","type-page","status-publish","hentry"],"_links":{"self":[{"href":"https:\/\/www.tikdd.cc\/i\/wp-json\/wp\/v2\/pages\/1633","targetHints":{"allow":["GET"]}}],"collection":[{"href":"https:\/\/www.tikdd.cc\/i\/wp-json\/wp\/v2\/pages"}],"about":[{"href":"https:\/\/www.tikdd.cc\/i\/wp-json\/wp\/v2\/types\/page"}],"author":[{"embeddable":true,"href":"https:\/\/www.tikdd.cc\/i\/wp-json\/wp\/v2\/users\/1"}],"replies":[{"embeddable":true,"href":"https:\/\/www.tikdd.cc\/i\/wp-json\/wp\/v2\/comments?post=1633"}],"version-history":[{"count":1,"href":"https:\/\/www.tikdd.cc\/i\/wp-json\/wp\/v2\/pages\/1633\/revisions"}],"predecessor-version":[{"id":1634,"href":"https:\/\/www.tikdd.cc\/i\/wp-json\/wp\/v2\/pages\/1633\/revisions\/1634"}],"wp:attachment":[{"href":"https:\/\/www.tikdd.cc\/i\/wp-json\/wp\/v2\/media?parent=1633"}],"curies":[{"name":"wp","href":"https:\/\/api.w.org\/{rel}","templated":true}]}}