{"id":1620,"date":"2024-12-18T14:06:22","date_gmt":"2024-12-18T14:06:22","guid":{"rendered":"https:\/\/www.tikdd.cc\/i\/?page_id=1620"},"modified":"2024-12-18T14:06:23","modified_gmt":"2024-12-18T14:06:23","slug":"sooplive-video-downloaden","status":"publish","type":"page","link":"https:\/\/www.tikdd.cc\/i\/de\/sooplive-video-downloaden\/","title":{"rendered":"Sooplive Video Downloaden"},"content":{"rendered":"\n<p>Sooplive Video Downloaden ist ein Tool, mit dem Benutzer Videos von <a href=\"https:\/\/www.sooplive.co.kr\/\" rel=\"nofollow noopener\" target=\"_blank\">Sooplive<\/a> herunterladen k\u00f6nnen, einer Plattform, die Live-Streams und On-Demand-Inhalte anbietet. Durch Einf\u00fcgen der Video-URL in den Downloader k\u00f6nnen Benutzer auf Links zugreifen, um Inhalte in verschiedenen Formaten und Aufl\u00f6sungen f\u00fcr die Offline-Anzeige zu speichern. Dieses Tool ist besonders n\u00fctzlich, um Live-Events, Shows oder exklusive Videos f\u00fcr den pers\u00f6nlichen Genuss aufzunehmen, ohne auf eine Internetverbindung angewiesen zu sein.<\/p>\n\n\n\n<p>Beispiel-URL &gt;&gt;&gt; https:\/\/vod.sooplive.co.kr\/player\/142682225<\/p>\n\n\n\n<div class=\"section features-1\">\n        <div class=\"container\">\n            <div class=\"row\">\n                <div class=\"col-md-8 mx-auto text-center\">\n                    <h2 class=\"display-4 mb-5\">Wie l\u00e4dt man Videos von Sooplive herunter?<\/h2>\n                <\/div>\n            <\/div>\n            <div class=\"row text-center\">\n                <div class=\"col\">\n                    <div class=\"info\">\n                        <div class=\"icon icon-lg icon-shape icon-shape-primary shadow rounded-circle\">\n                            <i class=\"fas fa-link\"><\/i>\n                        <\/div>\n                        <h6 class=\"info-title text-uppercase text-primary\">URL des teilbaren Videos kopieren<\/h6>\n                        <p class=\"description opacity-8\"><\/p>\n                    <\/div>\n                <\/div>\n                <div class=\"col\">\n                    <div class=\"info\">\n                        <div class=\"icon icon-lg icon-shape icon-shape-success shadow rounded-circle\">\n                            <i class=\"fas fa-paste\"><\/i>\n                        <\/div>\n                        <h6 class=\"info-title text-uppercase text-success\">F\u00fcgen Sie es in das Feld oben ein<\/h6>\n                        <p class=\"description opacity-8\"><\/p>\n                    <\/div>\n                <\/div>\n                <div class=\"col\">\n                    <div class=\"info\">\n                        <div class=\"icon icon-lg icon-shape icon-shape-info shadow rounded-circle\">\n                            <i class=\"fas fa-download\"><\/i>\n                        <\/div>\n                        <h6 class=\"info-title text-uppercase text-info\">Klicken Sie auf Download<\/h6>\n                        <p class=\"description opacity-8\"><\/p>\n                    <\/div>\n                <\/div>\n            <\/div>\n        <\/div>\n    <\/div>\n","protected":false},"excerpt":{"rendered":"<p>Sooplive Video Downloaden ist ein Tool, mit dem Benutzer Videos von Sooplive herunterladen k\u00f6nnen, einer&hellip;<\/p>\n","protected":false},"author":1,"featured_media":0,"parent":0,"menu_order":0,"comment_status":"closed","ping_status":"closed","template":"page-templates\/template-downloader.php","meta":{"footnotes":""},"class_list":["post-1620","page","type-page","status-publish","hentry"],"_links":{"self":[{"href":"https:\/\/www.tikdd.cc\/i\/wp-json\/wp\/v2\/pages\/1620","targetHints":{"allow":["GET"]}}],"collection":[{"href":"https:\/\/www.tikdd.cc\/i\/wp-json\/wp\/v2\/pages"}],"about":[{"href":"https:\/\/www.tikdd.cc\/i\/wp-json\/wp\/v2\/types\/page"}],"author":[{"embeddable":true,"href":"https:\/\/www.tikdd.cc\/i\/wp-json\/wp\/v2\/users\/1"}],"replies":[{"embeddable":true,"href":"https:\/\/www.tikdd.cc\/i\/wp-json\/wp\/v2\/comments?post=1620"}],"version-history":[{"count":1,"href":"https:\/\/www.tikdd.cc\/i\/wp-json\/wp\/v2\/pages\/1620\/revisions"}],"predecessor-version":[{"id":1622,"href":"https:\/\/www.tikdd.cc\/i\/wp-json\/wp\/v2\/pages\/1620\/revisions\/1622"}],"wp:attachment":[{"href":"https:\/\/www.tikdd.cc\/i\/wp-json\/wp\/v2\/media?parent=1620"}],"curies":[{"name":"wp","href":"https:\/\/api.w.org\/{rel}","templated":true}]}}