{"id":1614,"date":"2024-12-18T13:58:33","date_gmt":"2024-12-18T13:58:33","guid":{"rendered":"https:\/\/www.tikdd.cc\/i\/?page_id=1614"},"modified":"2024-12-18T13:58:34","modified_gmt":"2024-12-18T13:58:34","slug":"skynews-arabia-video-downloaden","status":"publish","type":"page","link":"https:\/\/www.tikdd.cc\/i\/de\/skynews-arabia-video-downloaden\/","title":{"rendered":"Skynews Arabia Video Downloaden"},"content":{"rendered":"\n<p>Sky News Arabia Video Downloaden ist ein kostenloses Tool zum Herunterladen von Videos von <a href=\"https:\/\/www.skynewsarabia.com\/\" rel=\"nofollow noopener\" target=\"_blank\">SkyNewsArabia<\/a>, einer f\u00fchrenden arabischsprachigen Nachrichtenplattform. Mit diesem Downloader k\u00f6nnen Benutzer Videos in hochwertigen Formaten wie .mp4 speichern und so offline auf aktuelle Ereignisse und ausf\u00fchrliche Analysen zugreifen. Das Tool ist einfach zu verwenden: Benutzer k\u00f6nnen die Video-URL von SkyNewsArabia kopieren und in den Downloader einf\u00fcgen, um schnell auf die gew\u00fcnschten Inhalte zuzugreifen.<\/p>\n\n\n\n<div class=\"section features-1\">\n        <div class=\"container\">\n            <div class=\"row\">\n                <div class=\"col-md-8 mx-auto text-center\">\n                    <h2 class=\"display-4 mb-5\">Wie l\u00e4dt man Videos von SkynewsArabia herunter?<\/h2>\n                <\/div>\n            <\/div>\n            <div class=\"row text-center\">\n                <div class=\"col\">\n                    <div class=\"info\">\n                        <div class=\"icon icon-lg icon-shape icon-shape-primary shadow rounded-circle\">\n                            <i class=\"fas fa-link\"><\/i>\n                        <\/div>\n                        <h6 class=\"info-title text-uppercase text-primary\">URL des teilbaren Videos kopieren<\/h6>\n                        <p class=\"description opacity-8\"><\/p>\n                    <\/div>\n                <\/div>\n                <div class=\"col\">\n                    <div class=\"info\">\n                        <div class=\"icon icon-lg icon-shape icon-shape-success shadow rounded-circle\">\n                            <i class=\"fas fa-paste\"><\/i>\n                        <\/div>\n                        <h6 class=\"info-title text-uppercase text-success\">F\u00fcgen Sie es in das Feld oben ein<\/h6>\n                        <p class=\"description opacity-8\"><\/p>\n                    <\/div>\n                <\/div>\n                <div class=\"col\">\n                    <div class=\"info\">\n                        <div class=\"icon icon-lg icon-shape icon-shape-info shadow rounded-circle\">\n                            <i class=\"fas fa-download\"><\/i>\n                        <\/div>\n                        <h6 class=\"info-title text-uppercase text-info\">Klicken Sie auf Download<\/h6>\n                        <p class=\"description opacity-8\"><\/p>\n                    <\/div>\n                <\/div>\n            <\/div>\n        <\/div>\n    <\/div>\n","protected":false},"excerpt":{"rendered":"<p>Sky News Arabia Video Downloaden ist ein kostenloses Tool zum Herunterladen von Videos von SkyNewsArabia,&hellip;<\/p>\n","protected":false},"author":1,"featured_media":0,"parent":0,"menu_order":0,"comment_status":"closed","ping_status":"closed","template":"page-templates\/template-downloader.php","meta":{"footnotes":""},"class_list":["post-1614","page","type-page","status-publish","hentry"],"_links":{"self":[{"href":"https:\/\/www.tikdd.cc\/i\/wp-json\/wp\/v2\/pages\/1614","targetHints":{"allow":["GET"]}}],"collection":[{"href":"https:\/\/www.tikdd.cc\/i\/wp-json\/wp\/v2\/pages"}],"about":[{"href":"https:\/\/www.tikdd.cc\/i\/wp-json\/wp\/v2\/types\/page"}],"author":[{"embeddable":true,"href":"https:\/\/www.tikdd.cc\/i\/wp-json\/wp\/v2\/users\/1"}],"replies":[{"embeddable":true,"href":"https:\/\/www.tikdd.cc\/i\/wp-json\/wp\/v2\/comments?post=1614"}],"version-history":[{"count":1,"href":"https:\/\/www.tikdd.cc\/i\/wp-json\/wp\/v2\/pages\/1614\/revisions"}],"predecessor-version":[{"id":1616,"href":"https:\/\/www.tikdd.cc\/i\/wp-json\/wp\/v2\/pages\/1614\/revisions\/1616"}],"wp:attachment":[{"href":"https:\/\/www.tikdd.cc\/i\/wp-json\/wp\/v2\/media?parent=1614"}],"curies":[{"name":"wp","href":"https:\/\/api.w.org\/{rel}","templated":true}]}}