{"id":1611,"date":"2024-12-18T13:56:28","date_gmt":"2024-12-18T13:56:28","guid":{"rendered":"https:\/\/www.tikdd.cc\/i\/?page_id=1611"},"modified":"2024-12-18T13:56:29","modified_gmt":"2024-12-18T13:56:29","slug":"sbs-video-downloaden","status":"publish","type":"page","link":"https:\/\/www.tikdd.cc\/i\/de\/sbs-video-downloaden\/","title":{"rendered":"SBS Video Downloaden"},"content":{"rendered":"\n<p>SBS Video Downloaden ist ein kostenloses Tool zum Herunterladen von Videos von <a href=\"https:\/\/www.sbs.com.au\/\" rel=\"nofollow noopener\" target=\"_blank\">SBS<\/a> (Special Broadcasting Service), einem bekannten australischen Rundfunknetzwerk, das vielf\u00e4ltige Inhalte anbietet, darunter Nachrichten, Dokumentationen, Dramen und internationale Programme. Mit diesem Downloader k\u00f6nnen Benutzer Videos in hochwertigen Formaten wie .mp4 speichern und haben so Offline-Zugriff f\u00fcr bequemes Ansehen. Die Verwendung des Downloaders ist unkompliziert: Benutzer f\u00fcgen einfach die SBS-Video-URL in das Tool ein, um den gew\u00fcnschten Inhalt abzurufen und zu speichern.<\/p>\n\n\n\n<p>Beispiel-URL &gt;&gt;&gt; https:\/\/www.sbs.com.au\/ondemand\/watch\/2380695619769<\/p>\n\n\n\n<div class=\"section features-1\">\n        <div class=\"container\">\n            <div class=\"row\">\n                <div class=\"col-md-8 mx-auto text-center\">\n                    <h2 class=\"display-4 mb-5\">Wie l\u00e4dt man Videos von SBS herunter?<\/h2>\n                <\/div>\n            <\/div>\n            <div class=\"row text-center\">\n                <div class=\"col\">\n                    <div class=\"info\">\n                        <div class=\"icon icon-lg icon-shape icon-shape-primary shadow rounded-circle\">\n                            <i class=\"fas fa-link\"><\/i>\n                        <\/div>\n                        <h6 class=\"info-title text-uppercase text-primary\">URL des teilbaren Videos kopieren<\/h6>\n                        <p class=\"description opacity-8\"><\/p>\n                    <\/div>\n                <\/div>\n                <div class=\"col\">\n                    <div class=\"info\">\n                        <div class=\"icon icon-lg icon-shape icon-shape-success shadow rounded-circle\">\n                            <i class=\"fas fa-paste\"><\/i>\n                        <\/div>\n                        <h6 class=\"info-title text-uppercase text-success\">F\u00fcgen Sie es in das Feld oben ein<\/h6>\n                        <p class=\"description opacity-8\"><\/p>\n                    <\/div>\n                <\/div>\n                <div class=\"col\">\n                    <div class=\"info\">\n                        <div class=\"icon icon-lg icon-shape icon-shape-info shadow rounded-circle\">\n                            <i class=\"fas fa-download\"><\/i>\n                        <\/div>\n                        <h6 class=\"info-title text-uppercase text-info\">Klicken Sie auf Download<\/h6>\n                        <p class=\"description opacity-8\"><\/p>\n                    <\/div>\n                <\/div>\n            <\/div>\n        <\/div>\n    <\/div>\n","protected":false},"excerpt":{"rendered":"<p>SBS Video Downloaden ist ein kostenloses Tool zum Herunterladen von Videos von SBS (Special Broadcasting&hellip;<\/p>\n","protected":false},"author":1,"featured_media":0,"parent":0,"menu_order":0,"comment_status":"closed","ping_status":"closed","template":"page-templates\/template-downloader.php","meta":{"footnotes":""},"class_list":["post-1611","page","type-page","status-publish","hentry"],"_links":{"self":[{"href":"https:\/\/www.tikdd.cc\/i\/wp-json\/wp\/v2\/pages\/1611","targetHints":{"allow":["GET"]}}],"collection":[{"href":"https:\/\/www.tikdd.cc\/i\/wp-json\/wp\/v2\/pages"}],"about":[{"href":"https:\/\/www.tikdd.cc\/i\/wp-json\/wp\/v2\/types\/page"}],"author":[{"embeddable":true,"href":"https:\/\/www.tikdd.cc\/i\/wp-json\/wp\/v2\/users\/1"}],"replies":[{"embeddable":true,"href":"https:\/\/www.tikdd.cc\/i\/wp-json\/wp\/v2\/comments?post=1611"}],"version-history":[{"count":1,"href":"https:\/\/www.tikdd.cc\/i\/wp-json\/wp\/v2\/pages\/1611\/revisions"}],"predecessor-version":[{"id":1613,"href":"https:\/\/www.tikdd.cc\/i\/wp-json\/wp\/v2\/pages\/1611\/revisions\/1613"}],"wp:attachment":[{"href":"https:\/\/www.tikdd.cc\/i\/wp-json\/wp\/v2\/media?parent=1611"}],"curies":[{"name":"wp","href":"https:\/\/api.w.org\/{rel}","templated":true}]}}