{"id":1596,"date":"2024-12-18T13:42:43","date_gmt":"2024-12-18T13:42:43","guid":{"rendered":"https:\/\/www.tikdd.cc\/i\/?page_id=1596"},"modified":"2024-12-18T13:42:54","modified_gmt":"2024-12-18T13:42:54","slug":"radiobremen-downloader-de","status":"publish","type":"page","link":"https:\/\/www.tikdd.cc\/i\/de\/radiobremen-downloader-de\/","title":{"rendered":"RadioBremen Downloader"},"content":{"rendered":"\n<p>RadioBremen Downloader ist ein kostenloses Tool zum Herunterladen von Video- und Audioinhalten von RadioBremen und den zugeh\u00f6rigen Plattformen butenunbinnen.de, bremennext.de, bremeneins.de, bremenzwei.de und bremenvier.de. Es unterst\u00fctzt das Speichern von Medien in hochwertigen Formaten wie .mp4 f\u00fcr Videos und .mp3 f\u00fcr Audio und bietet Benutzern, die die vielf\u00e4ltigen Inhalte von RadioBremen genie\u00dfen, ein nahtloses Offline-Erlebnis. Durch einfaches Einf\u00fcgen der URL in den Downloader k\u00f6nnen Benutzer schnell auf ihre Lieblingssendungen, Nachrichten, Musik oder kulturellen Inhalte zugreifen.<\/p>\n\n\n\n<p>Beispiel-URL &gt;&gt;&gt; https:\/\/www.bremenvier.de\/videos\/weihnachtswunder-highlights-mittwoch-100.html<\/p>\n\n\n\n<div class=\"section features-1\">\n        <div class=\"container\">\n            <div class=\"row\">\n                <div class=\"col-md-8 mx-auto text-center\">\n                    <h2 class=\"display-4 mb-5\">Wie l\u00e4dt man Videos von RadioBremen herunter?<\/h2>\n                <\/div>\n            <\/div>\n            <div class=\"row text-center\">\n                <div class=\"col\">\n                    <div class=\"info\">\n                        <div class=\"icon icon-lg icon-shape icon-shape-primary shadow rounded-circle\">\n                            <i class=\"fas fa-link\"><\/i>\n                        <\/div>\n                        <h6 class=\"info-title text-uppercase text-primary\">URL des teilbaren Videos kopieren<\/h6>\n                        <p class=\"description opacity-8\"><\/p>\n                    <\/div>\n                <\/div>\n                <div class=\"col\">\n                    <div class=\"info\">\n                        <div class=\"icon icon-lg icon-shape icon-shape-success shadow rounded-circle\">\n                            <i class=\"fas fa-paste\"><\/i>\n                        <\/div>\n                        <h6 class=\"info-title text-uppercase text-success\">F\u00fcgen Sie es in das Feld oben ein<\/h6>\n                        <p class=\"description opacity-8\"><\/p>\n                    <\/div>\n                <\/div>\n                <div class=\"col\">\n                    <div class=\"info\">\n                        <div class=\"icon icon-lg icon-shape icon-shape-info shadow rounded-circle\">\n                            <i class=\"fas fa-download\"><\/i>\n                        <\/div>\n                        <h6 class=\"info-title text-uppercase text-info\">Klicken Sie auf Download<\/h6>\n                        <p class=\"description opacity-8\"><\/p>\n                    <\/div>\n                <\/div>\n            <\/div>\n        <\/div>\n    <\/div>\n","protected":false},"excerpt":{"rendered":"<p>RadioBremen Downloader ist ein kostenloses Tool zum Herunterladen von Video- und Audioinhalten von RadioBremen und&hellip;<\/p>\n","protected":false},"author":1,"featured_media":0,"parent":0,"menu_order":0,"comment_status":"closed","ping_status":"closed","template":"page-templates\/template-downloader.php","meta":{"footnotes":""},"class_list":["post-1596","page","type-page","status-publish","hentry"],"_links":{"self":[{"href":"https:\/\/www.tikdd.cc\/i\/wp-json\/wp\/v2\/pages\/1596","targetHints":{"allow":["GET"]}}],"collection":[{"href":"https:\/\/www.tikdd.cc\/i\/wp-json\/wp\/v2\/pages"}],"about":[{"href":"https:\/\/www.tikdd.cc\/i\/wp-json\/wp\/v2\/types\/page"}],"author":[{"embeddable":true,"href":"https:\/\/www.tikdd.cc\/i\/wp-json\/wp\/v2\/users\/1"}],"replies":[{"embeddable":true,"href":"https:\/\/www.tikdd.cc\/i\/wp-json\/wp\/v2\/comments?post=1596"}],"version-history":[{"count":1,"href":"https:\/\/www.tikdd.cc\/i\/wp-json\/wp\/v2\/pages\/1596\/revisions"}],"predecessor-version":[{"id":1600,"href":"https:\/\/www.tikdd.cc\/i\/wp-json\/wp\/v2\/pages\/1596\/revisions\/1600"}],"wp:attachment":[{"href":"https:\/\/www.tikdd.cc\/i\/wp-json\/wp\/v2\/media?parent=1596"}],"curies":[{"name":"wp","href":"https:\/\/api.w.org\/{rel}","templated":true}]}}