{"id":1579,"date":"2024-12-18T13:02:42","date_gmt":"2024-12-18T13:02:42","guid":{"rendered":"https:\/\/www.tikdd.cc\/i\/?page_id=1579"},"modified":"2024-12-18T13:02:44","modified_gmt":"2024-12-18T13:02:44","slug":"peertube-video-downloaden","status":"publish","type":"page","link":"https:\/\/www.tikdd.cc\/i\/de\/peertube-video-downloaden\/","title":{"rendered":"PeerTube Video Downloaden"},"content":{"rendered":"\n<p>PeerTube Video Downloaden ist ein kostenloses Tool zum Herunterladen von Videos von <a href=\"https:\/\/peertube.tv\/\" rel=\"nofollow noopener\" target=\"_blank\">PeerTube<\/a>, einer dezentralen Video-Sharing-Plattform, die vielf\u00e4ltige Inhalte von unabh\u00e4ngigen Erstellern und Communities unterst\u00fctzt. Mit diesem Downloader k\u00f6nnen Benutzer Videos in hochwertigen Formaten wie .mp4 speichern, um sie offline anzusehen. Durch Einf\u00fcgen der Video-URL in den Downloader k\u00f6nnen Benutzer schnell und bequem auf ihre bevorzugten Inhalte zugreifen. Der Downloader ist benutzerfreundlich, schnell und beh\u00e4lt die urspr\u00fcngliche Qualit\u00e4t des Videos bei, was ihn zu einer hervorragenden Wahl f\u00fcr Fans von Open-Source- und Community-gesteuerten Medien macht.<\/p>\n\n\n\n<p>Beispiel-URL &gt;&gt;&gt; https:\/\/peertube.tv\/w\/h9k9Zf8WnfgJ4JbNuRyz8C<\/p>\n\n\n\n<div class=\"section features-1\">\n        <div class=\"container\">\n            <div class=\"row\">\n                <div class=\"col-md-8 mx-auto text-center\">\n                    <h2 class=\"display-4 mb-5\">Wie l\u00e4dt man Videos von PeerTube herunter?<\/h2>\n                <\/div>\n            <\/div>\n            <div class=\"row text-center\">\n                <div class=\"col\">\n                    <div class=\"info\">\n                        <div class=\"icon icon-lg icon-shape icon-shape-primary shadow rounded-circle\">\n                            <i class=\"fas fa-link\"><\/i>\n                        <\/div>\n                        <h6 class=\"info-title text-uppercase text-primary\">URL des teilbaren Videos kopieren<\/h6>\n                        <p class=\"description opacity-8\"><\/p>\n                    <\/div>\n                <\/div>\n                <div class=\"col\">\n                    <div class=\"info\">\n                        <div class=\"icon icon-lg icon-shape icon-shape-success shadow rounded-circle\">\n                            <i class=\"fas fa-paste\"><\/i>\n                        <\/div>\n                        <h6 class=\"info-title text-uppercase text-success\">F\u00fcgen Sie es in das Feld oben ein<\/h6>\n                        <p class=\"description opacity-8\"><\/p>\n                    <\/div>\n                <\/div>\n                <div class=\"col\">\n                    <div class=\"info\">\n                        <div class=\"icon icon-lg icon-shape icon-shape-info shadow rounded-circle\">\n                            <i class=\"fas fa-download\"><\/i>\n                        <\/div>\n                        <h6 class=\"info-title text-uppercase text-info\">Klicken Sie auf Download<\/h6>\n                        <p class=\"description opacity-8\"><\/p>\n                    <\/div>\n                <\/div>\n            <\/div>\n        <\/div>\n    <\/div>\n","protected":false},"excerpt":{"rendered":"<p>PeerTube Video Downloaden ist ein kostenloses Tool zum Herunterladen von Videos von PeerTube, einer dezentralen&hellip;<\/p>\n","protected":false},"author":1,"featured_media":0,"parent":0,"menu_order":0,"comment_status":"closed","ping_status":"closed","template":"page-templates\/template-downloader.php","meta":{"footnotes":""},"class_list":["post-1579","page","type-page","status-publish","hentry"],"_links":{"self":[{"href":"https:\/\/www.tikdd.cc\/i\/wp-json\/wp\/v2\/pages\/1579","targetHints":{"allow":["GET"]}}],"collection":[{"href":"https:\/\/www.tikdd.cc\/i\/wp-json\/wp\/v2\/pages"}],"about":[{"href":"https:\/\/www.tikdd.cc\/i\/wp-json\/wp\/v2\/types\/page"}],"author":[{"embeddable":true,"href":"https:\/\/www.tikdd.cc\/i\/wp-json\/wp\/v2\/users\/1"}],"replies":[{"embeddable":true,"href":"https:\/\/www.tikdd.cc\/i\/wp-json\/wp\/v2\/comments?post=1579"}],"version-history":[{"count":1,"href":"https:\/\/www.tikdd.cc\/i\/wp-json\/wp\/v2\/pages\/1579\/revisions"}],"predecessor-version":[{"id":1582,"href":"https:\/\/www.tikdd.cc\/i\/wp-json\/wp\/v2\/pages\/1579\/revisions\/1582"}],"wp:attachment":[{"href":"https:\/\/www.tikdd.cc\/i\/wp-json\/wp\/v2\/media?parent=1579"}],"curies":[{"name":"wp","href":"https:\/\/api.w.org\/{rel}","templated":true}]}}