{"id":1574,"date":"2024-12-18T12:56:30","date_gmt":"2024-12-18T12:56:30","guid":{"rendered":"https:\/\/www.tikdd.cc\/i\/?page_id=1574"},"modified":"2024-12-18T12:56:44","modified_gmt":"2024-12-18T12:56:44","slug":"pearvideo-downloaden","status":"publish","type":"page","link":"https:\/\/www.tikdd.cc\/i\/de\/pearvideo-downloaden\/","title":{"rendered":"PearVideo Downloaden"},"content":{"rendered":"\n<p>PearVideo Downloaden ist ein kostenloses Tool zum Herunterladen von Videos von <a href=\"https:\/\/www.pearvideo.com\/\" rel=\"nofollow noopener\" target=\"_blank\">PearVideo<\/a>, einer chinesischen Plattform, die vielf\u00e4ltige Inhalte wie Nachrichten, Lifestyle und Unterhaltung anbietet. Mit diesem Downloader k\u00f6nnen Benutzer Videos in hochwertigen Formaten wie .mp4 speichern und offline darauf zugreifen. Durch einfaches Einf\u00fcgen der Video-URL in den Downloader k\u00f6nnen Benutzer schnell den gew\u00fcnschten Inhalt abrufen. Das Tool ist ideal f\u00fcr Personen, die PearVideo-Inhalte ohne Internetverbindung genie\u00dfen m\u00f6chten.<\/p>\n\n\n\n<p>Beispiel-URL &gt;&gt;&gt; https:\/\/www.pearvideo.com\/video_1322015<\/p>\n\n\n\n<div class=\"section features-1\">\n        <div class=\"container\">\n            <div class=\"row\">\n                <div class=\"col-md-8 mx-auto text-center\">\n                    <h2 class=\"display-4 mb-5\">Wie l\u00e4dt man Videos von PearVideo herunter?<\/h2>\n                <\/div>\n            <\/div>\n            <div class=\"row text-center\">\n                <div class=\"col\">\n                    <div class=\"info\">\n                        <div class=\"icon icon-lg icon-shape icon-shape-primary shadow rounded-circle\">\n                            <i class=\"fas fa-link\"><\/i>\n                        <\/div>\n                        <h6 class=\"info-title text-uppercase text-primary\">URL des teilbaren Videos kopieren<\/h6>\n                        <p class=\"description opacity-8\"><\/p>\n                    <\/div>\n                <\/div>\n                <div class=\"col\">\n                    <div class=\"info\">\n                        <div class=\"icon icon-lg icon-shape icon-shape-success shadow rounded-circle\">\n                            <i class=\"fas fa-paste\"><\/i>\n                        <\/div>\n                        <h6 class=\"info-title text-uppercase text-success\">F\u00fcgen Sie es in das Feld oben ein<\/h6>\n                        <p class=\"description opacity-8\"><\/p>\n                    <\/div>\n                <\/div>\n                <div class=\"col\">\n                    <div class=\"info\">\n                        <div class=\"icon icon-lg icon-shape icon-shape-info shadow rounded-circle\">\n                            <i class=\"fas fa-download\"><\/i>\n                        <\/div>\n                        <h6 class=\"info-title text-uppercase text-info\">Klicken Sie auf Download<\/h6>\n                        <p class=\"description opacity-8\"><\/p>\n                    <\/div>\n                <\/div>\n            <\/div>\n        <\/div>\n    <\/div>\n","protected":false},"excerpt":{"rendered":"<p>PearVideo Downloaden ist ein kostenloses Tool zum Herunterladen von Videos von PearVideo, einer chinesischen Plattform,&hellip;<\/p>\n","protected":false},"author":1,"featured_media":0,"parent":0,"menu_order":0,"comment_status":"closed","ping_status":"closed","template":"page-templates\/template-downloader.php","meta":{"footnotes":""},"class_list":["post-1574","page","type-page","status-publish","hentry"],"_links":{"self":[{"href":"https:\/\/www.tikdd.cc\/i\/wp-json\/wp\/v2\/pages\/1574","targetHints":{"allow":["GET"]}}],"collection":[{"href":"https:\/\/www.tikdd.cc\/i\/wp-json\/wp\/v2\/pages"}],"about":[{"href":"https:\/\/www.tikdd.cc\/i\/wp-json\/wp\/v2\/types\/page"}],"author":[{"embeddable":true,"href":"https:\/\/www.tikdd.cc\/i\/wp-json\/wp\/v2\/users\/1"}],"replies":[{"embeddable":true,"href":"https:\/\/www.tikdd.cc\/i\/wp-json\/wp\/v2\/comments?post=1574"}],"version-history":[{"count":2,"href":"https:\/\/www.tikdd.cc\/i\/wp-json\/wp\/v2\/pages\/1574\/revisions"}],"predecessor-version":[{"id":1578,"href":"https:\/\/www.tikdd.cc\/i\/wp-json\/wp\/v2\/pages\/1574\/revisions\/1578"}],"wp:attachment":[{"href":"https:\/\/www.tikdd.cc\/i\/wp-json\/wp\/v2\/media?parent=1574"}],"curies":[{"name":"wp","href":"https:\/\/api.w.org\/{rel}","templated":true}]}}