{"id":1569,"date":"2024-12-18T12:43:30","date_gmt":"2024-12-18T12:43:30","guid":{"rendered":"https:\/\/www.tikdd.cc\/i\/?page_id=1569"},"modified":"2024-12-18T12:43:39","modified_gmt":"2024-12-18T12:43:39","slug":"palcomp3-downloaden","status":"publish","type":"page","link":"https:\/\/www.tikdd.cc\/i\/de\/palcomp3-downloaden\/","title":{"rendered":"Palcomp3 Downloaden"},"content":{"rendered":"\n<p>Palcomp3 Downloaden ist ein kostenloses Tool zum Herunterladen von Audiodateien von <a href=\"https:\/\/www.palcomp3.com.br\/\" rel=\"nofollow noopener\" target=\"_blank\">Palcomp3<\/a>, einer beliebten brasilianischen Musikstreaming-Plattform. Der Downloader erm\u00f6glicht es den Nutzern, ihre Lieblingstitel in hochwertigen Formaten, wie z. B. .mp3, zu speichern, um sie offline anzuh\u00f6ren. Durch Einf\u00fcgen der URL eines Titels in das Tool k\u00f6nnen Nutzer schnell Musik aus verschiedenen Genres und von verschiedenen K\u00fcnstlern herunterladen, die auf Palcomp3 verf\u00fcgbar sind. Dieses Tool ist benutzerfreundlich und macht es Musikliebhabern leicht, ihre Lieblingstitel zu speichern und zu genie\u00dfen, ohne eine Internetverbindung zu haben.<\/p>\n\n\n\n<p>Beispiel-URL &gt;&gt;&gt; https:\/\/www.palcomp3.com.br\/calcinhapreta\/dois-amoresduas-paixoes\/<\/p>\n\n\n\n<div class=\"section features-1\">\n        <div class=\"container\">\n            <div class=\"row\">\n                <div class=\"col-md-8 mx-auto text-center\">\n                    <h2 class=\"display-4 mb-5\">Wie l\u00e4dt man Videos von Palcomp3 herunter?<\/h2>\n                <\/div>\n            <\/div>\n            <div class=\"row text-center\">\n                <div class=\"col\">\n                    <div class=\"info\">\n                        <div class=\"icon icon-lg icon-shape icon-shape-primary shadow rounded-circle\">\n                            <i class=\"fas fa-link\"><\/i>\n                        <\/div>\n                        <h6 class=\"info-title text-uppercase text-primary\">URL des teilbaren Videos kopieren<\/h6>\n                        <p class=\"description opacity-8\"><\/p>\n                    <\/div>\n                <\/div>\n                <div class=\"col\">\n                    <div class=\"info\">\n                        <div class=\"icon icon-lg icon-shape icon-shape-success shadow rounded-circle\">\n                            <i class=\"fas fa-paste\"><\/i>\n                        <\/div>\n                        <h6 class=\"info-title text-uppercase text-success\">F\u00fcgen Sie es in das Feld oben ein<\/h6>\n                        <p class=\"description opacity-8\"><\/p>\n                    <\/div>\n                <\/div>\n                <div class=\"col\">\n                    <div class=\"info\">\n                        <div class=\"icon icon-lg icon-shape icon-shape-info shadow rounded-circle\">\n                            <i class=\"fas fa-download\"><\/i>\n                        <\/div>\n                        <h6 class=\"info-title text-uppercase text-info\">Klicken Sie auf Download<\/h6>\n                        <p class=\"description opacity-8\"><\/p>\n                    <\/div>\n                <\/div>\n            <\/div>\n        <\/div>\n    <\/div>\n","protected":false},"excerpt":{"rendered":"<p>Palcomp3 Downloaden ist ein kostenloses Tool zum Herunterladen von Audiodateien von Palcomp3, einer beliebten brasilianischen&hellip;<\/p>\n","protected":false},"author":1,"featured_media":0,"parent":0,"menu_order":0,"comment_status":"closed","ping_status":"closed","template":"page-templates\/template-downloader.php","meta":{"footnotes":""},"class_list":["post-1569","page","type-page","status-publish","hentry"],"_links":{"self":[{"href":"https:\/\/www.tikdd.cc\/i\/wp-json\/wp\/v2\/pages\/1569","targetHints":{"allow":["GET"]}}],"collection":[{"href":"https:\/\/www.tikdd.cc\/i\/wp-json\/wp\/v2\/pages"}],"about":[{"href":"https:\/\/www.tikdd.cc\/i\/wp-json\/wp\/v2\/types\/page"}],"author":[{"embeddable":true,"href":"https:\/\/www.tikdd.cc\/i\/wp-json\/wp\/v2\/users\/1"}],"replies":[{"embeddable":true,"href":"https:\/\/www.tikdd.cc\/i\/wp-json\/wp\/v2\/comments?post=1569"}],"version-history":[{"count":2,"href":"https:\/\/www.tikdd.cc\/i\/wp-json\/wp\/v2\/pages\/1569\/revisions"}],"predecessor-version":[{"id":1573,"href":"https:\/\/www.tikdd.cc\/i\/wp-json\/wp\/v2\/pages\/1569\/revisions\/1573"}],"wp:attachment":[{"href":"https:\/\/www.tikdd.cc\/i\/wp-json\/wp\/v2\/media?parent=1569"}],"curies":[{"name":"wp","href":"https:\/\/api.w.org\/{rel}","templated":true}]}}