{"id":1566,"date":"2024-12-18T12:09:07","date_gmt":"2024-12-18T12:09:07","guid":{"rendered":"https:\/\/www.tikdd.cc\/i\/?page_id=1566"},"modified":"2024-12-18T12:09:59","modified_gmt":"2024-12-18T12:09:59","slug":"outsidetv-video-downloaden","status":"publish","type":"page","link":"https:\/\/www.tikdd.cc\/i\/de\/outsidetv-video-downloaden\/","title":{"rendered":"OutsideTV Video Downloaden"},"content":{"rendered":"\n<p>OutsideTV Video Downloaden ist ein Tool zum Herunterladen von Videos von <a href=\"https:\/\/watch.outsideonline.com\/\" rel=\"nofollow noopener\" target=\"_blank\">OutsideTV<\/a>, einer Plattform, die sich auf Outdoor-Abenteuer, Sport und Lifestyle-Inhalte konzentriert. Dieser Downloader erm\u00f6glicht es Benutzern, Videos in hochwertigen Formaten wie .mp4 f\u00fcr die Offline-Ansicht zu speichern, so dass sie Inhalte im Zusammenhang mit Outdoor-Aktivit\u00e4ten, Naturerkundung und Extremsportarten genie\u00dfen k\u00f6nnen, ohne eine Internetverbindung zu ben\u00f6tigen.<\/p>\n\n\n\n<p>Beispiel-URL &gt;&gt;&gt; https:\/\/watch.outsideonline.com\/series\/mikaela-shiffrin-passion-and-purpose\/2nJ1c5mo-trJ27n5T?season=1<\/p>\n\n\n\n<div class=\"section features-1\">\n        <div class=\"container\">\n            <div class=\"row\">\n                <div class=\"col-md-8 mx-auto text-center\">\n                    <h2 class=\"display-4 mb-5\">Wie l\u00e4dt man Videos von OutsideTV herunter?<\/h2>\n                <\/div>\n            <\/div>\n            <div class=\"row text-center\">\n                <div class=\"col\">\n                    <div class=\"info\">\n                        <div class=\"icon icon-lg icon-shape icon-shape-primary shadow rounded-circle\">\n                            <i class=\"fas fa-link\"><\/i>\n                        <\/div>\n                        <h6 class=\"info-title text-uppercase text-primary\">URL des teilbaren Videos kopieren<\/h6>\n                        <p class=\"description opacity-8\"><\/p>\n                    <\/div>\n                <\/div>\n                <div class=\"col\">\n                    <div class=\"info\">\n                        <div class=\"icon icon-lg icon-shape icon-shape-success shadow rounded-circle\">\n                            <i class=\"fas fa-paste\"><\/i>\n                        <\/div>\n                        <h6 class=\"info-title text-uppercase text-success\">F\u00fcgen Sie es in das Feld oben ein<\/h6>\n                        <p class=\"description opacity-8\"><\/p>\n                    <\/div>\n                <\/div>\n                <div class=\"col\">\n                    <div class=\"info\">\n                        <div class=\"icon icon-lg icon-shape icon-shape-info shadow rounded-circle\">\n                            <i class=\"fas fa-download\"><\/i>\n                        <\/div>\n                        <h6 class=\"info-title text-uppercase text-info\">Klicken Sie auf Download<\/h6>\n                        <p class=\"description opacity-8\"><\/p>\n                    <\/div>\n                <\/div>\n            <\/div>\n        <\/div>\n    <\/div>\n","protected":false},"excerpt":{"rendered":"<p>OutsideTV Video Downloaden ist ein Tool zum Herunterladen von Videos von OutsideTV, einer Plattform, die&hellip;<\/p>\n","protected":false},"author":1,"featured_media":0,"parent":0,"menu_order":0,"comment_status":"closed","ping_status":"closed","template":"page-templates\/template-downloader.php","meta":{"footnotes":""},"class_list":["post-1566","page","type-page","status-publish","hentry"],"_links":{"self":[{"href":"https:\/\/www.tikdd.cc\/i\/wp-json\/wp\/v2\/pages\/1566","targetHints":{"allow":["GET"]}}],"collection":[{"href":"https:\/\/www.tikdd.cc\/i\/wp-json\/wp\/v2\/pages"}],"about":[{"href":"https:\/\/www.tikdd.cc\/i\/wp-json\/wp\/v2\/types\/page"}],"author":[{"embeddable":true,"href":"https:\/\/www.tikdd.cc\/i\/wp-json\/wp\/v2\/users\/1"}],"replies":[{"embeddable":true,"href":"https:\/\/www.tikdd.cc\/i\/wp-json\/wp\/v2\/comments?post=1566"}],"version-history":[{"count":1,"href":"https:\/\/www.tikdd.cc\/i\/wp-json\/wp\/v2\/pages\/1566\/revisions"}],"predecessor-version":[{"id":1568,"href":"https:\/\/www.tikdd.cc\/i\/wp-json\/wp\/v2\/pages\/1566\/revisions\/1568"}],"wp:attachment":[{"href":"https:\/\/www.tikdd.cc\/i\/wp-json\/wp\/v2\/media?parent=1566"}],"curies":[{"name":"wp","href":"https:\/\/api.w.org\/{rel}","templated":true}]}}