{"id":1537,"date":"2024-12-18T10:22:15","date_gmt":"2024-12-18T10:22:15","guid":{"rendered":"https:\/\/www.tikdd.cc\/i\/?page_id=1537"},"modified":"2024-12-18T10:22:16","modified_gmt":"2024-12-18T10:22:16","slug":"nowness-video-downloaden","status":"publish","type":"page","link":"https:\/\/www.tikdd.cc\/i\/de\/nowness-video-downloaden\/","title":{"rendered":"Nowness Video Downloaden"},"content":{"rendered":"\n<p>Nowness Video Downloaden ist ein kostenloses Tool zum Herunterladen von Videos von Nowness, einer globalen Plattform mit kuratierten Filmen und Videos \u00fcber Kunst, Kultur, Mode und Design. Dieser Downloader erm\u00f6glicht es den Nutzern, Inhalte in hochaufl\u00f6senden Formaten wie .mp4 zu speichern, was ihn perfekt f\u00fcr die Offline-Ansicht von kreativen und inspirierenden Werken macht. Durch Einf\u00fcgen der Video-URL in den Downloader k\u00f6nnen die Nutzer schnell auf ihre Lieblingsvideos von Nowness zugreifen. Das Tool ist ideal f\u00fcr K\u00fcnstler, Studenten und Kulturinteressierte, die die kuratierten Inhalte von Nowness ohne Internetverbindung erkunden m\u00f6chten.<\/p>\n\n\n\n<p>Beispiel-URL &gt;&gt;&gt; https:\/\/www.nowness.com\/story\/as-time-goes-by-nadia-lee-cohen-saint-laurent<\/p>\n\n\n\n<div class=\"section features-1\">\n        <div class=\"container\">\n            <div class=\"row\">\n                <div class=\"col-md-8 mx-auto text-center\">\n                    <h2 class=\"display-4 mb-5\">Wie l\u00e4dt man Videos von Nowness herunter?<\/h2>\n                <\/div>\n            <\/div>\n            <div class=\"row text-center\">\n                <div class=\"col\">\n                    <div class=\"info\">\n                        <div class=\"icon icon-lg icon-shape icon-shape-primary shadow rounded-circle\">\n                            <i class=\"fas fa-link\"><\/i>\n                        <\/div>\n                        <h6 class=\"info-title text-uppercase text-primary\">URL des teilbaren Videos kopieren<\/h6>\n                        <p class=\"description opacity-8\"><\/p>\n                    <\/div>\n                <\/div>\n                <div class=\"col\">\n                    <div class=\"info\">\n                        <div class=\"icon icon-lg icon-shape icon-shape-success shadow rounded-circle\">\n                            <i class=\"fas fa-paste\"><\/i>\n                        <\/div>\n                        <h6 class=\"info-title text-uppercase text-success\">F\u00fcgen Sie es in das Feld oben ein<\/h6>\n                        <p class=\"description opacity-8\"><\/p>\n                    <\/div>\n                <\/div>\n                <div class=\"col\">\n                    <div class=\"info\">\n                        <div class=\"icon icon-lg icon-shape icon-shape-info shadow rounded-circle\">\n                            <i class=\"fas fa-download\"><\/i>\n                        <\/div>\n                        <h6 class=\"info-title text-uppercase text-info\">Klicken Sie auf Download<\/h6>\n                        <p class=\"description opacity-8\"><\/p>\n                    <\/div>\n                <\/div>\n            <\/div>\n        <\/div>\n    <\/div>\n","protected":false},"excerpt":{"rendered":"<p>Nowness Video Downloaden ist ein kostenloses Tool zum Herunterladen von Videos von Nowness, einer globalen&hellip;<\/p>\n","protected":false},"author":1,"featured_media":0,"parent":0,"menu_order":0,"comment_status":"closed","ping_status":"closed","template":"page-templates\/template-downloader.php","meta":{"footnotes":""},"class_list":["post-1537","page","type-page","status-publish","hentry"],"_links":{"self":[{"href":"https:\/\/www.tikdd.cc\/i\/wp-json\/wp\/v2\/pages\/1537","targetHints":{"allow":["GET"]}}],"collection":[{"href":"https:\/\/www.tikdd.cc\/i\/wp-json\/wp\/v2\/pages"}],"about":[{"href":"https:\/\/www.tikdd.cc\/i\/wp-json\/wp\/v2\/types\/page"}],"author":[{"embeddable":true,"href":"https:\/\/www.tikdd.cc\/i\/wp-json\/wp\/v2\/users\/1"}],"replies":[{"embeddable":true,"href":"https:\/\/www.tikdd.cc\/i\/wp-json\/wp\/v2\/comments?post=1537"}],"version-history":[{"count":1,"href":"https:\/\/www.tikdd.cc\/i\/wp-json\/wp\/v2\/pages\/1537\/revisions"}],"predecessor-version":[{"id":1539,"href":"https:\/\/www.tikdd.cc\/i\/wp-json\/wp\/v2\/pages\/1537\/revisions\/1539"}],"wp:attachment":[{"href":"https:\/\/www.tikdd.cc\/i\/wp-json\/wp\/v2\/media?parent=1537"}],"curies":[{"name":"wp","href":"https:\/\/api.w.org\/{rel}","templated":true}]}}