{"id":1522,"date":"2024-12-18T09:21:35","date_gmt":"2024-12-18T09:21:35","guid":{"rendered":"https:\/\/www.tikdd.cc\/i\/?page_id=1522"},"modified":"2024-12-18T09:21:37","modified_gmt":"2024-12-18T09:21:37","slug":"ndr-video-downloaden","status":"publish","type":"page","link":"https:\/\/www.tikdd.cc\/i\/de\/ndr-video-downloaden\/","title":{"rendered":"NDR Video Downloaden"},"content":{"rendered":"\n<p>NDR Video Downloaden ist ein kostenloses Tool zum Herunterladen von Videos von <a href=\"https:\/\/www.ndr.de\/\" rel=\"nofollow noopener\" target=\"_blank\">NDR.de<\/a> (Norddeutscher Rundfunk), einem deutschen \u00f6ffentlich-rechtlichen Rundfunk, der eine Vielzahl von Inhalten wie Nachrichten, Dokumentationen, Kulturprogramme und Unterhaltung anbietet. Mit diesem Downloader k\u00f6nnen Nutzer Videos in hochwertigen Formaten wie .mp4 f\u00fcr die Offline-Ansicht speichern. Durch die Eingabe der Video-URL in das Tool k\u00f6nnen die Nutzer jederzeit schnell und effizient auf ihre Lieblingssendungen zugreifen. Der Downloader ist benutzerfreundlich und bewahrt die urspr\u00fcngliche Videoqualit\u00e4t, was ihn ideal f\u00fcr Fans deutscher Medien macht.<\/p>\n\n\n\n<p>Beispiel-URL &gt;&gt;&gt; https:\/\/www.ndr.de\/nachrichten\/niedersachsen\/braunschweig_harz_goettingen\/Zehntausende-streiken-bei-VW-Tarifkonflikt-weiter-ohne-Einigung,vw6442.html<\/p>\n\n\n\n<div class=\"section features-1\">\n        <div class=\"container\">\n            <div class=\"row\">\n                <div class=\"col-md-8 mx-auto text-center\">\n                    <h2 class=\"display-4 mb-5\">Wie l\u00e4dt man Videos von NDR herunter?<\/h2>\n                <\/div>\n            <\/div>\n            <div class=\"row text-center\">\n                <div class=\"col\">\n                    <div class=\"info\">\n                        <div class=\"icon icon-lg icon-shape icon-shape-primary shadow rounded-circle\">\n                            <i class=\"fas fa-link\"><\/i>\n                        <\/div>\n                        <h6 class=\"info-title text-uppercase text-primary\">URL des teilbaren Videos kopieren<\/h6>\n                        <p class=\"description opacity-8\"><\/p>\n                    <\/div>\n                <\/div>\n                <div class=\"col\">\n                    <div class=\"info\">\n                        <div class=\"icon icon-lg icon-shape icon-shape-success shadow rounded-circle\">\n                            <i class=\"fas fa-paste\"><\/i>\n                        <\/div>\n                        <h6 class=\"info-title text-uppercase text-success\">F\u00fcgen Sie es in das Feld oben ein<\/h6>\n                        <p class=\"description opacity-8\"><\/p>\n                    <\/div>\n                <\/div>\n                <div class=\"col\">\n                    <div class=\"info\">\n                        <div class=\"icon icon-lg icon-shape icon-shape-info shadow rounded-circle\">\n                            <i class=\"fas fa-download\"><\/i>\n                        <\/div>\n                        <h6 class=\"info-title text-uppercase text-info\">Klicken Sie auf Download<\/h6>\n                        <p class=\"description opacity-8\"><\/p>\n                    <\/div>\n                <\/div>\n            <\/div>\n        <\/div>\n    <\/div>\n","protected":false},"excerpt":{"rendered":"<p>NDR Video Downloaden ist ein kostenloses Tool zum Herunterladen von Videos von NDR.de (Norddeutscher Rundfunk),&hellip;<\/p>\n","protected":false},"author":1,"featured_media":0,"parent":0,"menu_order":0,"comment_status":"closed","ping_status":"closed","template":"page-templates\/template-downloader.php","meta":{"footnotes":""},"class_list":["post-1522","page","type-page","status-publish","hentry"],"_links":{"self":[{"href":"https:\/\/www.tikdd.cc\/i\/wp-json\/wp\/v2\/pages\/1522","targetHints":{"allow":["GET"]}}],"collection":[{"href":"https:\/\/www.tikdd.cc\/i\/wp-json\/wp\/v2\/pages"}],"about":[{"href":"https:\/\/www.tikdd.cc\/i\/wp-json\/wp\/v2\/types\/page"}],"author":[{"embeddable":true,"href":"https:\/\/www.tikdd.cc\/i\/wp-json\/wp\/v2\/users\/1"}],"replies":[{"embeddable":true,"href":"https:\/\/www.tikdd.cc\/i\/wp-json\/wp\/v2\/comments?post=1522"}],"version-history":[{"count":1,"href":"https:\/\/www.tikdd.cc\/i\/wp-json\/wp\/v2\/pages\/1522\/revisions"}],"predecessor-version":[{"id":1524,"href":"https:\/\/www.tikdd.cc\/i\/wp-json\/wp\/v2\/pages\/1522\/revisions\/1524"}],"wp:attachment":[{"href":"https:\/\/www.tikdd.cc\/i\/wp-json\/wp\/v2\/media?parent=1522"}],"curies":[{"name":"wp","href":"https:\/\/api.w.org\/{rel}","templated":true}]}}