{"id":1519,"date":"2024-12-18T09:04:34","date_gmt":"2024-12-18T09:04:34","guid":{"rendered":"https:\/\/www.tikdd.cc\/i\/?page_id=1519"},"modified":"2024-12-18T09:06:12","modified_gmt":"2024-12-18T09:06:12","slug":"national-geographic-video-downloaden","status":"publish","type":"page","link":"https:\/\/www.tikdd.cc\/i\/de\/national-geographic-video-downloaden\/","title":{"rendered":"National Geographic Video Downloaden"},"content":{"rendered":"\n<p>National Geographic Video Downloaden ist ein leistungsf\u00e4higes Tool zum Herunterladen von Videos von <a href=\"https:\/\/www.nationalgeographic.com\/\" rel=\"nofollow noopener\" target=\"_blank\">National Geographic<\/a>, einer Plattform, die f\u00fcr ihre hochwertigen Dokumentationen, Bildungsinhalte und Naturerkundungen bekannt ist. Mit diesem Downloader k\u00f6nnen Benutzer Videos in Formaten wie .mp4 speichern, wobei die High-Definition-Qualit\u00e4t f\u00fcr die Offline-Ansicht erhalten bleibt. Durch Einf\u00fcgen der Video-URL in das Tool k\u00f6nnen Nutzer schnell und effizient faszinierende Geschichten \u00fcber Wildtiere, Wissenschaft und Kultur herunterladen. Der Downloader ist ideal f\u00fcr P\u00e4dagogen, Sch\u00fcler und Naturliebhaber, die ohne Internetverbindung auf die Inhalte von National Geographic zugreifen m\u00f6chten.<\/p>\n\n\n\n<p>Beispiel-URL &gt;&gt;&gt; https:\/\/www.nationalgeographic.com\/tv\/episode\/80ef51fd-2ded-4da2-a4d8-c0ea8e3bf3e6\/playlist\/PL553044961<\/p>\n\n\n\n<div class=\"section features-1\">\n        <div class=\"container\">\n            <div class=\"row\">\n                <div class=\"col-md-8 mx-auto text-center\">\n                    <h2 class=\"display-4 mb-5\">Wie l\u00e4dt man Videos von National Geographic herunter?<\/h2>\n                <\/div>\n            <\/div>\n            <div class=\"row text-center\">\n                <div class=\"col\">\n                    <div class=\"info\">\n                        <div class=\"icon icon-lg icon-shape icon-shape-primary shadow rounded-circle\">\n                            <i class=\"fas fa-link\"><\/i>\n                        <\/div>\n                        <h6 class=\"info-title text-uppercase text-primary\">URL des teilbaren Videos kopieren<\/h6>\n                        <p class=\"description opacity-8\"><\/p>\n                    <\/div>\n                <\/div>\n                <div class=\"col\">\n                    <div class=\"info\">\n                        <div class=\"icon icon-lg icon-shape icon-shape-success shadow rounded-circle\">\n                            <i class=\"fas fa-paste\"><\/i>\n                        <\/div>\n                        <h6 class=\"info-title text-uppercase text-success\">F\u00fcgen Sie es in das Feld oben ein<\/h6>\n                        <p class=\"description opacity-8\"><\/p>\n                    <\/div>\n                <\/div>\n                <div class=\"col\">\n                    <div class=\"info\">\n                        <div class=\"icon icon-lg icon-shape icon-shape-info shadow rounded-circle\">\n                            <i class=\"fas fa-download\"><\/i>\n                        <\/div>\n                        <h6 class=\"info-title text-uppercase text-info\">Klicken Sie auf Download<\/h6>\n                        <p class=\"description opacity-8\"><\/p>\n                    <\/div>\n                <\/div>\n            <\/div>\n        <\/div>\n    <\/div>\n","protected":false},"excerpt":{"rendered":"<p>National Geographic Video Downloaden ist ein leistungsf\u00e4higes Tool zum Herunterladen von Videos von National Geographic,&hellip;<\/p>\n","protected":false},"author":1,"featured_media":0,"parent":0,"menu_order":0,"comment_status":"closed","ping_status":"closed","template":"page-templates\/template-downloader.php","meta":{"footnotes":""},"class_list":["post-1519","page","type-page","status-publish","hentry"],"_links":{"self":[{"href":"https:\/\/www.tikdd.cc\/i\/wp-json\/wp\/v2\/pages\/1519","targetHints":{"allow":["GET"]}}],"collection":[{"href":"https:\/\/www.tikdd.cc\/i\/wp-json\/wp\/v2\/pages"}],"about":[{"href":"https:\/\/www.tikdd.cc\/i\/wp-json\/wp\/v2\/types\/page"}],"author":[{"embeddable":true,"href":"https:\/\/www.tikdd.cc\/i\/wp-json\/wp\/v2\/users\/1"}],"replies":[{"embeddable":true,"href":"https:\/\/www.tikdd.cc\/i\/wp-json\/wp\/v2\/comments?post=1519"}],"version-history":[{"count":1,"href":"https:\/\/www.tikdd.cc\/i\/wp-json\/wp\/v2\/pages\/1519\/revisions"}],"predecessor-version":[{"id":1521,"href":"https:\/\/www.tikdd.cc\/i\/wp-json\/wp\/v2\/pages\/1519\/revisions\/1521"}],"wp:attachment":[{"href":"https:\/\/www.tikdd.cc\/i\/wp-json\/wp\/v2\/media?parent=1519"}],"curies":[{"name":"wp","href":"https:\/\/api.w.org\/{rel}","templated":true}]}}