{"id":1497,"date":"2024-12-18T08:32:18","date_gmt":"2024-12-18T08:32:18","guid":{"rendered":"https:\/\/www.tikdd.cc\/i\/?page_id=1497"},"modified":"2024-12-18T08:32:21","modified_gmt":"2024-12-18T08:32:21","slug":"mdr-video-downloaden","status":"publish","type":"page","link":"https:\/\/www.tikdd.cc\/i\/de\/mdr-video-downloaden\/","title":{"rendered":"MDR Video Downloaden"},"content":{"rendered":"\n<p>MDR Video Downloaden ist ein kostenloses Tool zum Herunterladen von Videos des Mitteldeutschen Rundfunks (<a href=\"https:\/\/www.mdr.de\/\" rel=\"nofollow noopener\" target=\"_blank\">MDR<\/a>), einer deutschen \u00f6ffentlich-rechtlichen Rundfunkanstalt. Mit diesem Downloader k\u00f6nnen Nutzer hochwertige Videos in Formaten wie .mp4 f\u00fcr die Offline-Ansicht speichern. Durch Einf\u00fcgen der Video-URL in das Tool k\u00f6nnen Nutzer schnell auf Dokumentationen, Nachrichten, Kulturprogramme und andere Inhalte des MDR zugreifen. Der Downloader ist benutzerfreundlich und effizient, ideal f\u00fcr alle, die die Inhalte des MDR ohne Internetverbindung genie\u00dfen m\u00f6chten.<\/p>\n\n\n\n<p>Beispiel-URL &gt;&gt;&gt; https:\/\/www.mdr.de\/video\/mdr-videos\/f\/video-844784.html<\/p>\n\n\n\n<div class=\"section features-1\">\n        <div class=\"container\">\n            <div class=\"row\">\n                <div class=\"col-md-8 mx-auto text-center\">\n                    <h2 class=\"display-4 mb-5\">Wie l\u00e4dt man Videos von MDR herunter?<\/h2>\n                <\/div>\n            <\/div>\n            <div class=\"row text-center\">\n                <div class=\"col\">\n                    <div class=\"info\">\n                        <div class=\"icon icon-lg icon-shape icon-shape-primary shadow rounded-circle\">\n                            <i class=\"fas fa-link\"><\/i>\n                        <\/div>\n                        <h6 class=\"info-title text-uppercase text-primary\">URL des teilbaren Videos kopieren<\/h6>\n                        <p class=\"description opacity-8\"><\/p>\n                    <\/div>\n                <\/div>\n                <div class=\"col\">\n                    <div class=\"info\">\n                        <div class=\"icon icon-lg icon-shape icon-shape-success shadow rounded-circle\">\n                            <i class=\"fas fa-paste\"><\/i>\n                        <\/div>\n                        <h6 class=\"info-title text-uppercase text-success\">F\u00fcgen Sie es in das Feld oben ein<\/h6>\n                        <p class=\"description opacity-8\"><\/p>\n                    <\/div>\n                <\/div>\n                <div class=\"col\">\n                    <div class=\"info\">\n                        <div class=\"icon icon-lg icon-shape icon-shape-info shadow rounded-circle\">\n                            <i class=\"fas fa-download\"><\/i>\n                        <\/div>\n                        <h6 class=\"info-title text-uppercase text-info\">Klicken Sie auf Download<\/h6>\n                        <p class=\"description opacity-8\"><\/p>\n                    <\/div>\n                <\/div>\n            <\/div>\n        <\/div>\n    <\/div>\n","protected":false},"excerpt":{"rendered":"<p>MDR Video Downloaden ist ein kostenloses Tool zum Herunterladen von Videos des Mitteldeutschen Rundfunks (MDR),&hellip;<\/p>\n","protected":false},"author":1,"featured_media":0,"parent":0,"menu_order":0,"comment_status":"closed","ping_status":"closed","template":"page-templates\/template-downloader.php","meta":{"footnotes":""},"class_list":["post-1497","page","type-page","status-publish","hentry"],"_links":{"self":[{"href":"https:\/\/www.tikdd.cc\/i\/wp-json\/wp\/v2\/pages\/1497","targetHints":{"allow":["GET"]}}],"collection":[{"href":"https:\/\/www.tikdd.cc\/i\/wp-json\/wp\/v2\/pages"}],"about":[{"href":"https:\/\/www.tikdd.cc\/i\/wp-json\/wp\/v2\/types\/page"}],"author":[{"embeddable":true,"href":"https:\/\/www.tikdd.cc\/i\/wp-json\/wp\/v2\/users\/1"}],"replies":[{"embeddable":true,"href":"https:\/\/www.tikdd.cc\/i\/wp-json\/wp\/v2\/comments?post=1497"}],"version-history":[{"count":1,"href":"https:\/\/www.tikdd.cc\/i\/wp-json\/wp\/v2\/pages\/1497\/revisions"}],"predecessor-version":[{"id":1499,"href":"https:\/\/www.tikdd.cc\/i\/wp-json\/wp\/v2\/pages\/1497\/revisions\/1499"}],"wp:attachment":[{"href":"https:\/\/www.tikdd.cc\/i\/wp-json\/wp\/v2\/media?parent=1497"}],"curies":[{"name":"wp","href":"https:\/\/api.w.org\/{rel}","templated":true}]}}