{"id":1486,"date":"2024-12-18T08:23:27","date_gmt":"2024-12-18T08:23:27","guid":{"rendered":"https:\/\/www.tikdd.cc\/i\/?page_id=1486"},"modified":"2024-12-18T08:23:28","modified_gmt":"2024-12-18T08:23:28","slug":"livestream-video-downloaden","status":"publish","type":"page","link":"https:\/\/www.tikdd.cc\/i\/de\/livestream-video-downloaden\/","title":{"rendered":"Livestream Video Downloaden"},"content":{"rendered":"\n<p>Livestream Video Downloaden ist ein kostenloses Tool zum Herunterladen von Videos und Live-Streams von <a href=\"https:\/\/livestream.com\/watch\" rel=\"nofollow noopener\" target=\"_blank\">Livestream<\/a>, einer Plattform f\u00fcr die \u00dcbertragung von Live-Events, Webinaren und Auff\u00fchrungen. Mit diesem Downloader k\u00f6nnen Nutzer Videos in hochwertigen Formaten wie .mp4 speichern und so offline auf wichtige oder erinnerungsw\u00fcrdige Inhalte zugreifen. Durch Einf\u00fcgen der Video- oder Stream-URL in den Downloader k\u00f6nnen die Nutzer ihre gew\u00fcnschten Medien effizient abrufen. Dieses Tool ist ideal f\u00fcr Veranstalter, P\u00e4dagogen und Zuschauer, die eine Aufzeichnung von Live-Sitzungen aufbewahren m\u00f6chten.<\/p>\n\n\n\n<p>Beispiel-URL &gt;&gt;&gt; https:\/\/livestream.com\/accounts\/4838057\/commencement2016\/videos\/123055275<\/p>\n","protected":false},"excerpt":{"rendered":"<p>Livestream Video Downloaden ist ein kostenloses Tool zum Herunterladen von Videos und Live-Streams von Livestream,&hellip;<\/p>\n","protected":false},"author":1,"featured_media":0,"parent":0,"menu_order":0,"comment_status":"closed","ping_status":"closed","template":"page-templates\/template-downloader.php","meta":{"footnotes":""},"class_list":["post-1486","page","type-page","status-publish","hentry"],"_links":{"self":[{"href":"https:\/\/www.tikdd.cc\/i\/wp-json\/wp\/v2\/pages\/1486","targetHints":{"allow":["GET"]}}],"collection":[{"href":"https:\/\/www.tikdd.cc\/i\/wp-json\/wp\/v2\/pages"}],"about":[{"href":"https:\/\/www.tikdd.cc\/i\/wp-json\/wp\/v2\/types\/page"}],"author":[{"embeddable":true,"href":"https:\/\/www.tikdd.cc\/i\/wp-json\/wp\/v2\/users\/1"}],"replies":[{"embeddable":true,"href":"https:\/\/www.tikdd.cc\/i\/wp-json\/wp\/v2\/comments?post=1486"}],"version-history":[{"count":1,"href":"https:\/\/www.tikdd.cc\/i\/wp-json\/wp\/v2\/pages\/1486\/revisions"}],"predecessor-version":[{"id":1488,"href":"https:\/\/www.tikdd.cc\/i\/wp-json\/wp\/v2\/pages\/1486\/revisions\/1488"}],"wp:attachment":[{"href":"https:\/\/www.tikdd.cc\/i\/wp-json\/wp\/v2\/media?parent=1486"}],"curies":[{"name":"wp","href":"https:\/\/api.w.org\/{rel}","templated":true}]}}