{"id":1462,"date":"2024-12-18T07:42:32","date_gmt":"2024-12-18T07:42:32","guid":{"rendered":"https:\/\/www.tikdd.cc\/i\/?page_id=1462"},"modified":"2024-12-18T07:42:33","modified_gmt":"2024-12-18T07:42:33","slug":"indavideo-downloaden","status":"publish","type":"page","link":"https:\/\/www.tikdd.cc\/i\/de\/indavideo-downloaden\/","title":{"rendered":"Indavideo Downloaden"},"content":{"rendered":"\n<p>Indavideo Downloaden ist ein Tool zum Herunterladen von Videos von <a href=\"https:\/\/indavideo.hu\/\" rel=\"nofollow noopener\" target=\"_blank\">Indavideo<\/a>, einer ungarischen Videoplattform, die eine Vielzahl von Inhalten, darunter Filme, Serien und von Nutzern hochgeladene Videos, anbietet. Mit diesem Downloader k\u00f6nnen Benutzer Videos in hochwertigen Formaten wie .mp4 f\u00fcr die Offline-Ansicht speichern. Durch die Eingabe der Video-URL in den Downloader k\u00f6nnen Nutzer schnell auf die gew\u00fcnschten Inhalte zugreifen, ohne eine Internetverbindung zu ben\u00f6tigen. Das Tool ist kostenlos, schnell und einfach in der Anwendung und garantiert ein reibungsloses Erlebnis.<\/p>\n\n\n\n<p>Beispiel-URL &gt;&gt;&gt; https:\/\/indavideo.hu\/video\/A_regi_Toyota_mint_nehezfuvarozo<\/p>\n\n\n\n<div class=\"section features-1\">\n        <div class=\"container\">\n            <div class=\"row\">\n                <div class=\"col-md-8 mx-auto text-center\">\n                    <h2 class=\"display-4 mb-5\">Wie l\u00e4dt man Videos von Indavideo herunter?<\/h2>\n                <\/div>\n            <\/div>\n            <div class=\"row text-center\">\n                <div class=\"col\">\n                    <div class=\"info\">\n                        <div class=\"icon icon-lg icon-shape icon-shape-primary shadow rounded-circle\">\n                            <i class=\"fas fa-link\"><\/i>\n                        <\/div>\n                        <h6 class=\"info-title text-uppercase text-primary\">URL des teilbaren Videos kopieren<\/h6>\n                        <p class=\"description opacity-8\"><\/p>\n                    <\/div>\n                <\/div>\n                <div class=\"col\">\n                    <div class=\"info\">\n                        <div class=\"icon icon-lg icon-shape icon-shape-success shadow rounded-circle\">\n                            <i class=\"fas fa-paste\"><\/i>\n                        <\/div>\n                        <h6 class=\"info-title text-uppercase text-success\">F\u00fcgen Sie es in das Feld oben ein<\/h6>\n                        <p class=\"description opacity-8\"><\/p>\n                    <\/div>\n                <\/div>\n                <div class=\"col\">\n                    <div class=\"info\">\n                        <div class=\"icon icon-lg icon-shape icon-shape-info shadow rounded-circle\">\n                            <i class=\"fas fa-download\"><\/i>\n                        <\/div>\n                        <h6 class=\"info-title text-uppercase text-info\">Klicken Sie auf Download<\/h6>\n                        <p class=\"description opacity-8\"><\/p>\n                    <\/div>\n                <\/div>\n            <\/div>\n        <\/div>\n    <\/div>\n","protected":false},"excerpt":{"rendered":"<p>Indavideo Downloaden ist ein Tool zum Herunterladen von Videos von Indavideo, einer ungarischen Videoplattform, die&hellip;<\/p>\n","protected":false},"author":1,"featured_media":0,"parent":0,"menu_order":0,"comment_status":"closed","ping_status":"closed","template":"page-templates\/template-downloader.php","meta":{"footnotes":""},"class_list":["post-1462","page","type-page","status-publish","hentry"],"_links":{"self":[{"href":"https:\/\/www.tikdd.cc\/i\/wp-json\/wp\/v2\/pages\/1462","targetHints":{"allow":["GET"]}}],"collection":[{"href":"https:\/\/www.tikdd.cc\/i\/wp-json\/wp\/v2\/pages"}],"about":[{"href":"https:\/\/www.tikdd.cc\/i\/wp-json\/wp\/v2\/types\/page"}],"author":[{"embeddable":true,"href":"https:\/\/www.tikdd.cc\/i\/wp-json\/wp\/v2\/users\/1"}],"replies":[{"embeddable":true,"href":"https:\/\/www.tikdd.cc\/i\/wp-json\/wp\/v2\/comments?post=1462"}],"version-history":[{"count":1,"href":"https:\/\/www.tikdd.cc\/i\/wp-json\/wp\/v2\/pages\/1462\/revisions"}],"predecessor-version":[{"id":1464,"href":"https:\/\/www.tikdd.cc\/i\/wp-json\/wp\/v2\/pages\/1462\/revisions\/1464"}],"wp:attachment":[{"href":"https:\/\/www.tikdd.cc\/i\/wp-json\/wp\/v2\/media?parent=1462"}],"curies":[{"name":"wp","href":"https:\/\/api.w.org\/{rel}","templated":true}]}}