{"id":1432,"date":"2024-12-18T06:47:26","date_gmt":"2024-12-18T06:47:26","guid":{"rendered":"https:\/\/www.tikdd.cc\/i\/?page_id=1432"},"modified":"2026-03-01T03:24:20","modified_gmt":"2026-03-01T03:24:20","slug":"eporner-video-downloaden","status":"publish","type":"page","link":"https:\/\/www.tikdd.cc\/i\/de\/eporner-video-downloaden\/","title":{"rendered":"Eporner Video Downloaden"},"content":{"rendered":"\n<p>Eporner Video Downloaden ist ein kostenloses und schnelles Tool zum Herunterladen von Videos von <a href=\"https:\/\/www.eporner.com\/\" rel=\"nofollow noopener\" target=\"_blank\">Eporner<\/a>, einer beliebten Videoplattform f\u00fcr Erwachsene. Der Downloader unterst\u00fctzt Aufl\u00f6sungen bis zu 1080P HD und erm\u00f6glicht es den Benutzern, Videos in hochwertigen Formaten wie .mp4 f\u00fcr die Offline-Ansicht zu speichern. Dank der einfachen Benutzeroberfl\u00e4che k\u00f6nnen die Benutzer die Video-URL schnell einf\u00fcgen und ihre Lieblingsinhalte effizient herunterladen. Dieses Tool gew\u00e4hrleistet ein nahtloses Erlebnis, ohne die Qualit\u00e4t des Originalvideos zu beeintr\u00e4chtigen.<\/p>\n\n\n\n<p>Beispiel-URL &gt;&gt;&gt; https:\/\/www.eporner.com\/video-voSUyq52Goz\/give-me-a-creampie\/<\/p>\n\n\n\n<div class=\"section features-1\">\n        <div class=\"container\">\n            <div class=\"row\">\n                <div class=\"col-md-8 mx-auto text-center\">\n                    <h2 class=\"display-4 mb-5\">Wie l\u00e4dt man Videos von Eporner herunter?<\/h2>\n                <\/div>\n            <\/div>\n            <div class=\"row text-center\">\n                <div class=\"col\">\n                    <div class=\"info\">\n                        <div class=\"icon icon-lg icon-shape icon-shape-primary shadow rounded-circle\">\n                            <i class=\"fas fa-link\"><\/i>\n                        <\/div>\n                        <h6 class=\"info-title text-uppercase text-primary\">URL des teilbaren Videos kopieren<\/h6>\n                        <p class=\"description opacity-8\"><\/p>\n                    <\/div>\n                <\/div>\n                <div class=\"col\">\n                    <div class=\"info\">\n                        <div class=\"icon icon-lg icon-shape icon-shape-success shadow rounded-circle\">\n                            <i class=\"fas fa-paste\"><\/i>\n                        <\/div>\n                        <h6 class=\"info-title text-uppercase text-success\">F\u00fcgen Sie es in das Feld oben ein<\/h6>\n                        <p class=\"description opacity-8\"><\/p>\n                    <\/div>\n                <\/div>\n                <div class=\"col\">\n                    <div class=\"info\">\n                        <div class=\"icon icon-lg icon-shape icon-shape-info shadow rounded-circle\">\n                            <i class=\"fas fa-download\"><\/i>\n                        <\/div>\n                        <h6 class=\"info-title text-uppercase text-info\">Klicken Sie auf Download<\/h6>\n                        <p class=\"description opacity-8\"><\/p>\n                    <\/div>\n                <\/div>\n            <\/div>\n        <\/div>\n    <\/div>\n\n\n","protected":false},"excerpt":{"rendered":"<p>Eporner Video Downloaden ist ein kostenloses und schnelles Tool zum Herunterladen von Videos von Eporner,&hellip;<\/p>\n","protected":false},"author":1,"featured_media":0,"parent":0,"menu_order":0,"comment_status":"closed","ping_status":"closed","template":"page-templates\/template-downloader.php","meta":{"footnotes":""},"class_list":["post-1432","page","type-page","status-publish","hentry"],"_links":{"self":[{"href":"https:\/\/www.tikdd.cc\/i\/wp-json\/wp\/v2\/pages\/1432","targetHints":{"allow":["GET"]}}],"collection":[{"href":"https:\/\/www.tikdd.cc\/i\/wp-json\/wp\/v2\/pages"}],"about":[{"href":"https:\/\/www.tikdd.cc\/i\/wp-json\/wp\/v2\/types\/page"}],"author":[{"embeddable":true,"href":"https:\/\/www.tikdd.cc\/i\/wp-json\/wp\/v2\/users\/1"}],"replies":[{"embeddable":true,"href":"https:\/\/www.tikdd.cc\/i\/wp-json\/wp\/v2\/comments?post=1432"}],"version-history":[{"count":6,"href":"https:\/\/www.tikdd.cc\/i\/wp-json\/wp\/v2\/pages\/1432\/revisions"}],"predecessor-version":[{"id":2684,"href":"https:\/\/www.tikdd.cc\/i\/wp-json\/wp\/v2\/pages\/1432\/revisions\/2684"}],"wp:attachment":[{"href":"https:\/\/www.tikdd.cc\/i\/wp-json\/wp\/v2\/media?parent=1432"}],"curies":[{"name":"wp","href":"https:\/\/api.w.org\/{rel}","templated":true}]}}