{"id":1427,"date":"2024-12-18T06:43:37","date_gmt":"2024-12-18T06:43:37","guid":{"rendered":"https:\/\/www.tikdd.cc\/i\/?page_id=1427"},"modified":"2024-12-18T06:43:56","modified_gmt":"2024-12-18T06:43:56","slug":"empflix-video-downloaden","status":"publish","type":"page","link":"https:\/\/www.tikdd.cc\/i\/de\/empflix-video-downloaden\/","title":{"rendered":"EmpFlix Video Downloaden"},"content":{"rendered":"\n<p>EmpFlix Video Downloaden ist ein kostenloses Tool zum Herunterladen von Videos von <a href=\"https:\/\/www.empflix.com\/\" rel=\"nofollow noopener\" target=\"_blank\">EmpFlix<\/a>, einer Plattform f\u00fcr Erwachseneninhalte. Durch Einf\u00fcgen der Video-URL in den Downloader k\u00f6nnen Benutzer Videos in hochaufl\u00f6senden Formaten wie .mp4 schnell f\u00fcr die Offline-Ansicht speichern. Dieser Downloader bietet eine einfache und schnelle L\u00f6sung, um auch ohne Internetverbindung jederzeit auf die gew\u00fcnschten Inhalte zuzugreifen. Allerdings sollten die Nutzer die Nutzungsbedingungen von EmpFlix und die Urheberrechtsbestimmungen einhalten. Das heruntergeladene Material sollte ausschlie\u00dflich f\u00fcr pers\u00f6nliche Zwecke verwendet werden, da eine unerlaubte Weitergabe oder kommerzielle Nutzung zu rechtlichen oder ethischen Verst\u00f6\u00dfen f\u00fchren kann. Verwenden Sie den Downloader stets verantwortungsbewusst und gesetzeskonform.<\/p>\n\n\n\n<p>Beispiel-URL &gt;&gt;&gt; https:\/\/www.empflix.com\/amateur-porn\/paying-for-rent-with-her-delicious-body\/video3568154<\/p>\n\n\n\n<div class=\"section features-1\">\n        <div class=\"container\">\n            <div class=\"row\">\n                <div class=\"col-md-8 mx-auto text-center\">\n                    <h2 class=\"display-4 mb-5\">Wie l\u00e4dt man Videos von EmpFlix herunter?<\/h2>\n                <\/div>\n            <\/div>\n            <div class=\"row text-center\">\n                <div class=\"col\">\n                    <div class=\"info\">\n                        <div class=\"icon icon-lg icon-shape icon-shape-primary shadow rounded-circle\">\n                            <i class=\"fas fa-link\"><\/i>\n                        <\/div>\n                        <h6 class=\"info-title text-uppercase text-primary\">URL des teilbaren Videos kopieren<\/h6>\n                        <p class=\"description opacity-8\"><\/p>\n                    <\/div>\n                <\/div>\n                <div class=\"col\">\n                    <div class=\"info\">\n                        <div class=\"icon icon-lg icon-shape icon-shape-success shadow rounded-circle\">\n                            <i class=\"fas fa-paste\"><\/i>\n                        <\/div>\n                        <h6 class=\"info-title text-uppercase text-success\">F\u00fcgen Sie es in das Feld oben ein<\/h6>\n                        <p class=\"description opacity-8\"><\/p>\n                    <\/div>\n                <\/div>\n                <div class=\"col\">\n                    <div class=\"info\">\n                        <div class=\"icon icon-lg icon-shape icon-shape-info shadow rounded-circle\">\n                            <i class=\"fas fa-download\"><\/i>\n                        <\/div>\n                        <h6 class=\"info-title text-uppercase text-info\">Klicken Sie auf Download<\/h6>\n                        <p class=\"description opacity-8\"><\/p>\n                    <\/div>\n                <\/div>\n            <\/div>\n        <\/div>\n    <\/div>\n","protected":false},"excerpt":{"rendered":"<p>EmpFlix Video Downloaden ist ein kostenloses Tool zum Herunterladen von Videos von EmpFlix, einer Plattform&hellip;<\/p>\n","protected":false},"author":1,"featured_media":0,"parent":0,"menu_order":0,"comment_status":"closed","ping_status":"closed","template":"page-templates\/template-downloader.php","meta":{"footnotes":""},"class_list":["post-1427","page","type-page","status-publish","hentry"],"_links":{"self":[{"href":"https:\/\/www.tikdd.cc\/i\/wp-json\/wp\/v2\/pages\/1427","targetHints":{"allow":["GET"]}}],"collection":[{"href":"https:\/\/www.tikdd.cc\/i\/wp-json\/wp\/v2\/pages"}],"about":[{"href":"https:\/\/www.tikdd.cc\/i\/wp-json\/wp\/v2\/types\/page"}],"author":[{"embeddable":true,"href":"https:\/\/www.tikdd.cc\/i\/wp-json\/wp\/v2\/users\/1"}],"replies":[{"embeddable":true,"href":"https:\/\/www.tikdd.cc\/i\/wp-json\/wp\/v2\/comments?post=1427"}],"version-history":[{"count":2,"href":"https:\/\/www.tikdd.cc\/i\/wp-json\/wp\/v2\/pages\/1427\/revisions"}],"predecessor-version":[{"id":1431,"href":"https:\/\/www.tikdd.cc\/i\/wp-json\/wp\/v2\/pages\/1427\/revisions\/1431"}],"wp:attachment":[{"href":"https:\/\/www.tikdd.cc\/i\/wp-json\/wp\/v2\/media?parent=1427"}],"curies":[{"name":"wp","href":"https:\/\/api.w.org\/{rel}","templated":true}]}}