{"id":1410,"date":"2024-12-17T14:12:16","date_gmt":"2024-12-17T14:12:16","guid":{"rendered":"https:\/\/www.tikdd.cc\/i\/?page_id=1410"},"modified":"2024-12-17T14:12:18","modified_gmt":"2024-12-17T14:12:18","slug":"dailymail-video-downloaden","status":"publish","type":"page","link":"https:\/\/www.tikdd.cc\/i\/de\/dailymail-video-downloaden\/","title":{"rendered":"DailyMail Video Downloaden"},"content":{"rendered":"\n<p>DailyMail Video Downloaden ist ein Tool zum Herunterladen von Videos von <a href=\"https:\/\/www.dailymail.co.uk\/\" rel=\"nofollow noopener\" target=\"_blank\">DailyMail<\/a>, einer beliebten Nachrichtenplattform, die \u00fcber globale Ereignisse, Unterhaltung, Lifestyle und exklusive Geschichten berichtet. Indem Benutzer die Video-URL in den Downloader einf\u00fcgen, k\u00f6nnen sie qualitativ hochwertige Videos in Formaten wie .mp4 speichern, um sie offline anzusehen. Dieses Tool ist ideal f\u00fcr Benutzer, die ohne Internetverbindung auf aktuelle Nachrichten, virale Clips oder ausf\u00fchrliche Berichte zugreifen m\u00f6chten.<\/p>\n\n\n\n<p>Beispiel-URL &gt;&gt;&gt; https:\/\/www.dailymail.co.uk\/video\/news\/video-3328691\/The-real-life-woman-perfect-female-body-according-AI.html<\/p>\n\n\n\n<div class=\"section features-1\">\n        <div class=\"container\">\n            <div class=\"row\">\n                <div class=\"col-md-8 mx-auto text-center\">\n                    <h2 class=\"display-4 mb-5\">Wie l\u00e4dt man Videos von DailyMail herunter?<\/h2>\n                <\/div>\n            <\/div>\n            <div class=\"row text-center\">\n                <div class=\"col\">\n                    <div class=\"info\">\n                        <div class=\"icon icon-lg icon-shape icon-shape-primary shadow rounded-circle\">\n                            <i class=\"fas fa-link\"><\/i>\n                        <\/div>\n                        <h6 class=\"info-title text-uppercase text-primary\">URL des teilbaren Videos kopieren<\/h6>\n                        <p class=\"description opacity-8\"><\/p>\n                    <\/div>\n                <\/div>\n                <div class=\"col\">\n                    <div class=\"info\">\n                        <div class=\"icon icon-lg icon-shape icon-shape-success shadow rounded-circle\">\n                            <i class=\"fas fa-paste\"><\/i>\n                        <\/div>\n                        <h6 class=\"info-title text-uppercase text-success\">F\u00fcgen Sie es in das Feld oben ein<\/h6>\n                        <p class=\"description opacity-8\"><\/p>\n                    <\/div>\n                <\/div>\n                <div class=\"col\">\n                    <div class=\"info\">\n                        <div class=\"icon icon-lg icon-shape icon-shape-info shadow rounded-circle\">\n                            <i class=\"fas fa-download\"><\/i>\n                        <\/div>\n                        <h6 class=\"info-title text-uppercase text-info\">Klicken Sie auf Download<\/h6>\n                        <p class=\"description opacity-8\"><\/p>\n                    <\/div>\n                <\/div>\n            <\/div>\n        <\/div>\n    <\/div>\n","protected":false},"excerpt":{"rendered":"<p>DailyMail Video Downloaden ist ein Tool zum Herunterladen von Videos von DailyMail, einer beliebten Nachrichtenplattform,&hellip;<\/p>\n","protected":false},"author":1,"featured_media":0,"parent":0,"menu_order":0,"comment_status":"closed","ping_status":"closed","template":"page-templates\/template-downloader.php","meta":{"footnotes":""},"class_list":["post-1410","page","type-page","status-publish","hentry"],"_links":{"self":[{"href":"https:\/\/www.tikdd.cc\/i\/wp-json\/wp\/v2\/pages\/1410","targetHints":{"allow":["GET"]}}],"collection":[{"href":"https:\/\/www.tikdd.cc\/i\/wp-json\/wp\/v2\/pages"}],"about":[{"href":"https:\/\/www.tikdd.cc\/i\/wp-json\/wp\/v2\/types\/page"}],"author":[{"embeddable":true,"href":"https:\/\/www.tikdd.cc\/i\/wp-json\/wp\/v2\/users\/1"}],"replies":[{"embeddable":true,"href":"https:\/\/www.tikdd.cc\/i\/wp-json\/wp\/v2\/comments?post=1410"}],"version-history":[{"count":1,"href":"https:\/\/www.tikdd.cc\/i\/wp-json\/wp\/v2\/pages\/1410\/revisions"}],"predecessor-version":[{"id":1412,"href":"https:\/\/www.tikdd.cc\/i\/wp-json\/wp\/v2\/pages\/1410\/revisions\/1412"}],"wp:attachment":[{"href":"https:\/\/www.tikdd.cc\/i\/wp-json\/wp\/v2\/media?parent=1410"}],"curies":[{"name":"wp","href":"https:\/\/api.w.org\/{rel}","templated":true}]}}