{"id":1407,"date":"2024-12-17T14:08:08","date_gmt":"2024-12-17T14:08:08","guid":{"rendered":"https:\/\/www.tikdd.cc\/i\/?page_id=1407"},"modified":"2024-12-17T14:08:10","modified_gmt":"2024-12-17T14:08:10","slug":"cu-ntv-co-jp-video-downloaden","status":"publish","type":"page","link":"https:\/\/www.tikdd.cc\/i\/de\/cu-ntv-co-jp-video-downloaden\/","title":{"rendered":"cu.ntv.co.jp Video Downloaden"},"content":{"rendered":"\n<p>Der cu.ntv.co.jp Video Downloaden ist ein Tool zum Herunterladen von Videos von <a href=\"https:\/\/cu.ntv.co.jp\/\" rel=\"nofollow noopener\" target=\"_blank\">cu.ntv.co.jp<\/a>, einer japanischen Plattform, die eine breite Palette an Videoinhalten anbietet, darunter Nachrichten, Unterhaltung und exklusive Programme. Durch Eingabe der Video-URL in den Downloader k\u00f6nnen Benutzer qualitativ hochwertige Videos in Formaten wie .mp4 speichern, um sie offline anzusehen. Dieses Tool ist ideal f\u00fcr Benutzer, die ihre Lieblingssendungen oder wichtige Nachrichten-Updates genie\u00dfen m\u00f6chten, ohne auf eine Internetverbindung angewiesen zu sein.<\/p>\n\n\n\n<p>Beispiel-URL &gt;&gt;&gt; https:\/\/cu.ntv.co.jp\/ENHYPEN-KAKKOII_20241207\/<\/p>\n\n\n\n<div class=\"section features-1\">\r\n        <div class=\"container\">\r\n            <div class=\"row\">\r\n                <div class=\"col-md-8 mx-auto text-center\">\r\n                    <h2 class=\"display-4 mb-5\">Wie benutzt man?<\/h2>\r\n                <\/div>\r\n            <\/div>\r\n            <div class=\"row text-center\">\r\n                <div class=\"col\">\r\n                    <div class=\"info\">\r\n                        <div class=\"icon icon-lg icon-shape icon-shape-primary shadow rounded-circle\">\r\n                            <i class=\"fas fa-link\"><\/i>\r\n                        <\/div>\r\n                        <h6 class=\"info-title text-uppercase text-primary\">URL des teilbaren Videos kopieren<\/h6>\r\n                        <p class=\"description opacity-8\"><\/p>\r\n                    <\/div>\r\n                <\/div>\r\n                <div class=\"col\">\r\n                    <div class=\"info\">\r\n                        <div class=\"icon icon-lg icon-shape icon-shape-success shadow rounded-circle\">\r\n                            <i class=\"fas fa-paste\"><\/i>\r\n                        <\/div>\r\n                        <h6 class=\"info-title text-uppercase text-success\">F\u00fcgen Sie es in das Feld oben ein<\/h6>\r\n                        <p class=\"description opacity-8\"><\/p>\r\n                    <\/div>\r\n                <\/div>\r\n                <div class=\"col\">\r\n                    <div class=\"info\">\r\n                        <div class=\"icon icon-lg icon-shape icon-shape-info shadow rounded-circle\">\r\n                            <i class=\"fas fa-download\"><\/i>\r\n                        <\/div>\r\n                        <h6 class=\"info-title text-uppercase text-info\">Klicken Sie auf Download<\/h6>\r\n                        <p class=\"description opacity-8\"><\/p>\r\n                    <\/div>\r\n                <\/div>\r\n            <\/div>\r\n        <\/div>\r\n    <\/div>\n","protected":false},"excerpt":{"rendered":"<p>Der cu.ntv.co.jp Video Downloaden ist ein Tool zum Herunterladen von Videos von cu.ntv.co.jp, einer japanischen&hellip;<\/p>\n","protected":false},"author":1,"featured_media":0,"parent":0,"menu_order":0,"comment_status":"closed","ping_status":"closed","template":"page-templates\/template-downloader.php","meta":{"footnotes":""},"class_list":["post-1407","page","type-page","status-publish","hentry"],"_links":{"self":[{"href":"https:\/\/www.tikdd.cc\/i\/wp-json\/wp\/v2\/pages\/1407","targetHints":{"allow":["GET"]}}],"collection":[{"href":"https:\/\/www.tikdd.cc\/i\/wp-json\/wp\/v2\/pages"}],"about":[{"href":"https:\/\/www.tikdd.cc\/i\/wp-json\/wp\/v2\/types\/page"}],"author":[{"embeddable":true,"href":"https:\/\/www.tikdd.cc\/i\/wp-json\/wp\/v2\/users\/1"}],"replies":[{"embeddable":true,"href":"https:\/\/www.tikdd.cc\/i\/wp-json\/wp\/v2\/comments?post=1407"}],"version-history":[{"count":1,"href":"https:\/\/www.tikdd.cc\/i\/wp-json\/wp\/v2\/pages\/1407\/revisions"}],"predecessor-version":[{"id":1409,"href":"https:\/\/www.tikdd.cc\/i\/wp-json\/wp\/v2\/pages\/1407\/revisions\/1409"}],"wp:attachment":[{"href":"https:\/\/www.tikdd.cc\/i\/wp-json\/wp\/v2\/media?parent=1407"}],"curies":[{"name":"wp","href":"https:\/\/api.w.org\/{rel}","templated":true}]}}