{"id":1389,"date":"2024-12-17T13:34:06","date_gmt":"2024-12-17T13:34:06","guid":{"rendered":"https:\/\/www.tikdd.cc\/i\/?page_id=1389"},"modified":"2024-12-17T13:34:07","modified_gmt":"2024-12-17T13:34:07","slug":"chilloutzone-video-downloaden","status":"publish","type":"page","link":"https:\/\/www.tikdd.cc\/i\/de\/chilloutzone-video-downloaden\/","title":{"rendered":"Chilloutzone Video Downloaden"},"content":{"rendered":"\n<p>Chilloutzone Video Downloaden ist ein Tool zum Herunterladen von Videos von <a href=\"https:\/\/www.chilloutzone.net\/\" data-type=\"link\" data-id=\"https:\/\/www.chilloutzone.net\/\" rel=\"nofollow noopener\" target=\"_blank\">Chilloutzone<\/a>, einer Plattform mit unterhaltsamen Clips, lustigen Videos und kreativen Multimedia-Inhalten. Durch Kopieren und Einf\u00fcgen der Video-URL in den Downloader k\u00f6nnen Benutzer Videos ganz einfach in hochaufl\u00f6senden Formaten wie .mp4 speichern, um sie offline anzusehen. Dieses Tool ist ideal f\u00fcr Fans von unterhaltsamen und spannenden Inhalten, die jederzeit auf ihre Lieblingsvideos zugreifen m\u00f6chten, ohne eine Internetverbindung zu ben\u00f6tigen.<\/p>\n\n\n\n<p>Beispiel-URL &gt;&gt;&gt; https:\/\/www.chilloutzone.net\/video\/fuchs-du-hast-die-falle-gestohlen.html<\/p>\n\n\n\n<div class=\"section features-1\">\n        <div class=\"container\">\n            <div class=\"row\">\n                <div class=\"col-md-8 mx-auto text-center\">\n                    <h2 class=\"display-4 mb-5\">Wie l\u00e4dt man Videos von Chilloutzone herunter?<\/h2>\n                <\/div>\n            <\/div>\n            <div class=\"row text-center\">\n                <div class=\"col\">\n                    <div class=\"info\">\n                        <div class=\"icon icon-lg icon-shape icon-shape-primary shadow rounded-circle\">\n                            <i class=\"fas fa-link\"><\/i>\n                        <\/div>\n                        <h6 class=\"info-title text-uppercase text-primary\">URL des teilbaren Videos kopieren<\/h6>\n                        <p class=\"description opacity-8\"><\/p>\n                    <\/div>\n                <\/div>\n                <div class=\"col\">\n                    <div class=\"info\">\n                        <div class=\"icon icon-lg icon-shape icon-shape-success shadow rounded-circle\">\n                            <i class=\"fas fa-paste\"><\/i>\n                        <\/div>\n                        <h6 class=\"info-title text-uppercase text-success\">F\u00fcgen Sie es in das Feld oben ein<\/h6>\n                        <p class=\"description opacity-8\"><\/p>\n                    <\/div>\n                <\/div>\n                <div class=\"col\">\n                    <div class=\"info\">\n                        <div class=\"icon icon-lg icon-shape icon-shape-info shadow rounded-circle\">\n                            <i class=\"fas fa-download\"><\/i>\n                        <\/div>\n                        <h6 class=\"info-title text-uppercase text-info\">Klicken Sie auf Download<\/h6>\n                        <p class=\"description opacity-8\"><\/p>\n                    <\/div>\n                <\/div>\n            <\/div>\n        <\/div>\n    <\/div>\n","protected":false},"excerpt":{"rendered":"<p>Chilloutzone Video Downloaden ist ein Tool zum Herunterladen von Videos von Chilloutzone, einer Plattform mit&hellip;<\/p>\n","protected":false},"author":1,"featured_media":0,"parent":0,"menu_order":0,"comment_status":"closed","ping_status":"closed","template":"page-templates\/template-downloader.php","meta":{"footnotes":""},"class_list":["post-1389","page","type-page","status-publish","hentry"],"_links":{"self":[{"href":"https:\/\/www.tikdd.cc\/i\/wp-json\/wp\/v2\/pages\/1389","targetHints":{"allow":["GET"]}}],"collection":[{"href":"https:\/\/www.tikdd.cc\/i\/wp-json\/wp\/v2\/pages"}],"about":[{"href":"https:\/\/www.tikdd.cc\/i\/wp-json\/wp\/v2\/types\/page"}],"author":[{"embeddable":true,"href":"https:\/\/www.tikdd.cc\/i\/wp-json\/wp\/v2\/users\/1"}],"replies":[{"embeddable":true,"href":"https:\/\/www.tikdd.cc\/i\/wp-json\/wp\/v2\/comments?post=1389"}],"version-history":[{"count":1,"href":"https:\/\/www.tikdd.cc\/i\/wp-json\/wp\/v2\/pages\/1389\/revisions"}],"predecessor-version":[{"id":1391,"href":"https:\/\/www.tikdd.cc\/i\/wp-json\/wp\/v2\/pages\/1389\/revisions\/1391"}],"wp:attachment":[{"href":"https:\/\/www.tikdd.cc\/i\/wp-json\/wp\/v2\/media?parent=1389"}],"curies":[{"name":"wp","href":"https:\/\/api.w.org\/{rel}","templated":true}]}}