{"id":1382,"date":"2024-12-17T13:19:08","date_gmt":"2024-12-17T13:19:08","guid":{"rendered":"https:\/\/www.tikdd.cc\/i\/?page_id=1382"},"modified":"2024-12-17T13:19:09","modified_gmt":"2024-12-17T13:19:09","slug":"cbs-news-video-downloaden","status":"publish","type":"page","link":"https:\/\/www.tikdd.cc\/i\/de\/cbs-news-video-downloaden\/","title":{"rendered":"CBS News Video Downloaden"},"content":{"rendered":"\n<p>CBS News Video Downloaden ist ein Tool zum Herunterladen von Videos von <a href=\"https:\/\/www.cbsnews.com\/\" rel=\"nofollow noopener\" target=\"_blank\">CBS News<\/a>, einer vertrauensw\u00fcrdigen Quelle f\u00fcr aktuelle Nachrichten, ausf\u00fchrliche Berichte und Live-\u00dcbertragungen. Durch Einf\u00fcgen der Video-URL in den Downloader k\u00f6nnen Benutzer Inhalte in hochaufl\u00f6senden Formaten wie .mp4 speichern, um sie offline anzusehen. Dieses Tool ist ideal f\u00fcr alle, die auf wichtige Nachrichtensegmente, Dokumentationen und Sonderberichte zugreifen m\u00f6chten, ohne auf eine Internetverbindung angewiesen zu sein.<\/p>\n\n\n\n<p>Beispiel-URL &gt;&gt;&gt; https:\/\/www.cbsnews.com\/video\/magnitude-7-0-earthquake-rattles-northern-california\/<\/p>\n\n\n\n<div class=\"section features-1\">\n        <div class=\"container\">\n            <div class=\"row\">\n                <div class=\"col-md-8 mx-auto text-center\">\n                    <h2 class=\"display-4 mb-5\">Wie l\u00e4dt man Videos von CBS News herunter?<\/h2>\n                <\/div>\n            <\/div>\n            <div class=\"row text-center\">\n                <div class=\"col\">\n                    <div class=\"info\">\n                        <div class=\"icon icon-lg icon-shape icon-shape-primary shadow rounded-circle\">\n                            <i class=\"fas fa-link\"><\/i>\n                        <\/div>\n                        <h6 class=\"info-title text-uppercase text-primary\">URL des teilbaren Videos kopieren<\/h6>\n                        <p class=\"description opacity-8\"><\/p>\n                    <\/div>\n                <\/div>\n                <div class=\"col\">\n                    <div class=\"info\">\n                        <div class=\"icon icon-lg icon-shape icon-shape-success shadow rounded-circle\">\n                            <i class=\"fas fa-paste\"><\/i>\n                        <\/div>\n                        <h6 class=\"info-title text-uppercase text-success\">F\u00fcgen Sie es in das Feld oben ein<\/h6>\n                        <p class=\"description opacity-8\"><\/p>\n                    <\/div>\n                <\/div>\n                <div class=\"col\">\n                    <div class=\"info\">\n                        <div class=\"icon icon-lg icon-shape icon-shape-info shadow rounded-circle\">\n                            <i class=\"fas fa-download\"><\/i>\n                        <\/div>\n                        <h6 class=\"info-title text-uppercase text-info\">Klicken Sie auf Download<\/h6>\n                        <p class=\"description opacity-8\"><\/p>\n                    <\/div>\n                <\/div>\n            <\/div>\n        <\/div>\n    <\/div>\n","protected":false},"excerpt":{"rendered":"<p>CBS News Video Downloaden ist ein Tool zum Herunterladen von Videos von CBS News, einer&hellip;<\/p>\n","protected":false},"author":1,"featured_media":0,"parent":0,"menu_order":0,"comment_status":"closed","ping_status":"closed","template":"page-templates\/template-downloader.php","meta":{"footnotes":""},"class_list":["post-1382","page","type-page","status-publish","hentry"],"_links":{"self":[{"href":"https:\/\/www.tikdd.cc\/i\/wp-json\/wp\/v2\/pages\/1382","targetHints":{"allow":["GET"]}}],"collection":[{"href":"https:\/\/www.tikdd.cc\/i\/wp-json\/wp\/v2\/pages"}],"about":[{"href":"https:\/\/www.tikdd.cc\/i\/wp-json\/wp\/v2\/types\/page"}],"author":[{"embeddable":true,"href":"https:\/\/www.tikdd.cc\/i\/wp-json\/wp\/v2\/users\/1"}],"replies":[{"embeddable":true,"href":"https:\/\/www.tikdd.cc\/i\/wp-json\/wp\/v2\/comments?post=1382"}],"version-history":[{"count":1,"href":"https:\/\/www.tikdd.cc\/i\/wp-json\/wp\/v2\/pages\/1382\/revisions"}],"predecessor-version":[{"id":1384,"href":"https:\/\/www.tikdd.cc\/i\/wp-json\/wp\/v2\/pages\/1382\/revisions\/1384"}],"wp:attachment":[{"href":"https:\/\/www.tikdd.cc\/i\/wp-json\/wp\/v2\/media?parent=1382"}],"curies":[{"name":"wp","href":"https:\/\/api.w.org\/{rel}","templated":true}]}}