{"id":1372,"date":"2024-12-17T12:36:54","date_gmt":"2024-12-17T12:36:54","guid":{"rendered":"https:\/\/www.tikdd.cc\/i\/?page_id=1372"},"modified":"2024-12-17T12:36:55","modified_gmt":"2024-12-17T12:36:55","slug":"bild-de-video-downloaden","status":"publish","type":"page","link":"https:\/\/www.tikdd.cc\/i\/de\/bild-de-video-downloaden\/","title":{"rendered":"Bild.de Video Downloaden"},"content":{"rendered":"\n<p>Bild.de Video Downloaden ist ein Tool zum Herunterladen von Videos von <a href=\"https:\/\/www.bild.de\/\" data-type=\"link\" data-id=\"https:\/\/www.bild.de\/\" rel=\"nofollow noopener\" target=\"_blank\">Bild.de<\/a>, einer bekannten deutschen Nachrichtenplattform, die aktuelle Nachrichten, Interviews, Sporthighlights und Unterhaltungsinhalte anbietet. Indem Benutzer die Video-URL in den Downloader einf\u00fcgen, k\u00f6nnen sie Videos ganz einfach in hochaufl\u00f6senden Formaten wie .mp4 speichern, um sie offline anzusehen. Dieses Tool ist ideal f\u00fcr Benutzer, die ohne Internetverbindung auf Nachrichtensegmente, exklusive Berichte oder Multimediainhalte zugreifen m\u00f6chten.<\/p>\n\n\n\n<p>Beispiel-URL &gt;&gt;&gt; https:\/\/www.bild.de\/news\/ausland\/ganzes-land-hasst-diese-mutter-weihnachten-wird-bei-ihr-richtig-teuer-674e28cc05eeae7508013c5a<\/p>\n","protected":false},"excerpt":{"rendered":"<p>Bild.de Video Downloaden ist ein Tool zum Herunterladen von Videos von Bild.de, einer bekannten deutschen&hellip;<\/p>\n","protected":false},"author":1,"featured_media":0,"parent":0,"menu_order":0,"comment_status":"closed","ping_status":"closed","template":"page-templates\/template-downloader.php","meta":{"footnotes":""},"class_list":["post-1372","page","type-page","status-publish","hentry"],"_links":{"self":[{"href":"https:\/\/www.tikdd.cc\/i\/wp-json\/wp\/v2\/pages\/1372","targetHints":{"allow":["GET"]}}],"collection":[{"href":"https:\/\/www.tikdd.cc\/i\/wp-json\/wp\/v2\/pages"}],"about":[{"href":"https:\/\/www.tikdd.cc\/i\/wp-json\/wp\/v2\/types\/page"}],"author":[{"embeddable":true,"href":"https:\/\/www.tikdd.cc\/i\/wp-json\/wp\/v2\/users\/1"}],"replies":[{"embeddable":true,"href":"https:\/\/www.tikdd.cc\/i\/wp-json\/wp\/v2\/comments?post=1372"}],"version-history":[{"count":1,"href":"https:\/\/www.tikdd.cc\/i\/wp-json\/wp\/v2\/pages\/1372\/revisions"}],"predecessor-version":[{"id":1375,"href":"https:\/\/www.tikdd.cc\/i\/wp-json\/wp\/v2\/pages\/1372\/revisions\/1375"}],"wp:attachment":[{"href":"https:\/\/www.tikdd.cc\/i\/wp-json\/wp\/v2\/media?parent=1372"}],"curies":[{"name":"wp","href":"https:\/\/api.w.org\/{rel}","templated":true}]}}