{"id":1369,"date":"2024-12-17T12:28:55","date_gmt":"2024-12-17T12:28:55","guid":{"rendered":"https:\/\/www.tikdd.cc\/i\/?page_id=1369"},"modified":"2024-12-17T12:28:56","modified_gmt":"2024-12-17T12:28:56","slug":"bfmtv-video-downloaden","status":"publish","type":"page","link":"https:\/\/www.tikdd.cc\/i\/de\/bfmtv-video-downloaden\/","title":{"rendered":"BFMTV Video Downloaden"},"content":{"rendered":"\n<p>BFMTV Video Downloaden ist ein Tool zum Herunterladen von Videos von <a href=\"https:\/\/www.bfmtv.com\/\" rel=\"nofollow noopener\" target=\"_blank\">BFMTV<\/a>, dem f\u00fchrenden Nachrichtensender Frankreichs, der Live-\u00dcbertragungen, Nachrichtenberichte und exklusive Programme anbietet. Durch Kopieren und Einf\u00fcgen der Video-URL in den Downloader k\u00f6nnen Benutzer hochaufl\u00f6sende Download-Links, wie z. B. .mp4, abrufen, um sie offline anzusehen. Dieses Tool ist besonders n\u00fctzlich, um \u00fcber aktuelle Ereignisse, Dokumentationen und Interviews auf dem Laufenden zu bleiben, ohne eine Internetverbindung zu ben\u00f6tigen.<\/p>\n\n\n\n<p>Beispiel-URL &gt;&gt;&gt; https:\/\/www.bfmtv.com\/economie\/entreprises\/suivez-en-direct-le-decollage-de-la-fusee-vega-c-depuis-kourou_AV-202412051022.html<\/p>\n\n\n\n<div class=\"section features-1\">\n        <div class=\"container\">\n            <div class=\"row\">\n                <div class=\"col-md-8 mx-auto text-center\">\n                    <h2 class=\"display-4 mb-5\">Wie l\u00e4dt man Videos von BFMTV herunter?<\/h2>\n                <\/div>\n            <\/div>\n            <div class=\"row text-center\">\n                <div class=\"col\">\n                    <div class=\"info\">\n                        <div class=\"icon icon-lg icon-shape icon-shape-primary shadow rounded-circle\">\n                            <i class=\"fas fa-link\"><\/i>\n                        <\/div>\n                        <h6 class=\"info-title text-uppercase text-primary\">URL des teilbaren Videos kopieren<\/h6>\n                        <p class=\"description opacity-8\"><\/p>\n                    <\/div>\n                <\/div>\n                <div class=\"col\">\n                    <div class=\"info\">\n                        <div class=\"icon icon-lg icon-shape icon-shape-success shadow rounded-circle\">\n                            <i class=\"fas fa-paste\"><\/i>\n                        <\/div>\n                        <h6 class=\"info-title text-uppercase text-success\">F\u00fcgen Sie es in das Feld oben ein<\/h6>\n                        <p class=\"description opacity-8\"><\/p>\n                    <\/div>\n                <\/div>\n                <div class=\"col\">\n                    <div class=\"info\">\n                        <div class=\"icon icon-lg icon-shape icon-shape-info shadow rounded-circle\">\n                            <i class=\"fas fa-download\"><\/i>\n                        <\/div>\n                        <h6 class=\"info-title text-uppercase text-info\">Klicken Sie auf Download<\/h6>\n                        <p class=\"description opacity-8\"><\/p>\n                    <\/div>\n                <\/div>\n            <\/div>\n        <\/div>\n    <\/div>\n","protected":false},"excerpt":{"rendered":"<p>BFMTV Video Downloaden ist ein Tool zum Herunterladen von Videos von BFMTV, dem f\u00fchrenden Nachrichtensender&hellip;<\/p>\n","protected":false},"author":1,"featured_media":0,"parent":0,"menu_order":0,"comment_status":"closed","ping_status":"closed","template":"page-templates\/template-downloader.php","meta":{"footnotes":""},"class_list":["post-1369","page","type-page","status-publish","hentry"],"_links":{"self":[{"href":"https:\/\/www.tikdd.cc\/i\/wp-json\/wp\/v2\/pages\/1369","targetHints":{"allow":["GET"]}}],"collection":[{"href":"https:\/\/www.tikdd.cc\/i\/wp-json\/wp\/v2\/pages"}],"about":[{"href":"https:\/\/www.tikdd.cc\/i\/wp-json\/wp\/v2\/types\/page"}],"author":[{"embeddable":true,"href":"https:\/\/www.tikdd.cc\/i\/wp-json\/wp\/v2\/users\/1"}],"replies":[{"embeddable":true,"href":"https:\/\/www.tikdd.cc\/i\/wp-json\/wp\/v2\/comments?post=1369"}],"version-history":[{"count":1,"href":"https:\/\/www.tikdd.cc\/i\/wp-json\/wp\/v2\/pages\/1369\/revisions"}],"predecessor-version":[{"id":1371,"href":"https:\/\/www.tikdd.cc\/i\/wp-json\/wp\/v2\/pages\/1369\/revisions\/1371"}],"wp:attachment":[{"href":"https:\/\/www.tikdd.cc\/i\/wp-json\/wp\/v2\/media?parent=1369"}],"curies":[{"name":"wp","href":"https:\/\/api.w.org\/{rel}","templated":true}]}}