{"id":1346,"date":"2024-12-17T11:16:49","date_gmt":"2024-12-17T11:16:49","guid":{"rendered":"https:\/\/www.tikdd.cc\/i\/?page_id=1346"},"modified":"2024-12-17T11:17:08","modified_gmt":"2024-12-17T11:17:08","slug":"arnes-video-downloaden","status":"publish","type":"page","link":"https:\/\/www.tikdd.cc\/i\/de\/arnes-video-downloaden\/","title":{"rendered":"Arnes Video Downloaden"},"content":{"rendered":"\n<p>Arnes Video Downloaden ist ein kostenloses und effizientes Tool zum Herunterladen von Videos von <a href=\"https:\/\/video.arnes.si\/\" rel=\"nofollow noopener\" target=\"_blank\">https:\/\/video.arnes.si\/<\/a>, mit dem Benutzer Inhalte im hochaufl\u00f6senden MP4-Format f\u00fcr die Offline-Anzeige speichern k\u00f6nnen. Dieser Downloader gew\u00e4hrleistet schnellen und nahtlosen Zugriff auf Lehr- und Informationsvideos, die auf der Arnes-Plattform gehostet werden. Der Vorgang ist unkompliziert: Kopieren Sie die Video-URL von Arnes, f\u00fcgen Sie sie in den Downloader ein und rufen Sie den gew\u00fcnschten Inhalt sofort ab.<\/p>\n\n\n\n<p>Beispiel-URL &gt;&gt;&gt; https:\/\/video.arnes.si\/watch\/9vk0896sv806<\/p>\n\n\n\n<div class=\"section features-1\">\n        <div class=\"container\">\n            <div class=\"row\">\n                <div class=\"col-md-8 mx-auto text-center\">\n                    <h2 class=\"display-4 mb-5\">Wie l\u00e4dt man Videos von Arnes herunter?<\/h2>\n                <\/div>\n            <\/div>\n            <div class=\"row text-center\">\n                <div class=\"col\">\n                    <div class=\"info\">\n                        <div class=\"icon icon-lg icon-shape icon-shape-primary shadow rounded-circle\">\n                            <i class=\"fas fa-link\"><\/i>\n                        <\/div>\n                        <h6 class=\"info-title text-uppercase text-primary\">URL des teilbaren Videos kopieren<\/h6>\n                        <p class=\"description opacity-8\"><\/p>\n                    <\/div>\n                <\/div>\n                <div class=\"col\">\n                    <div class=\"info\">\n                        <div class=\"icon icon-lg icon-shape icon-shape-success shadow rounded-circle\">\n                            <i class=\"fas fa-paste\"><\/i>\n                        <\/div>\n                        <h6 class=\"info-title text-uppercase text-success\">F\u00fcgen Sie es in das Feld oben ein<\/h6>\n                        <p class=\"description opacity-8\"><\/p>\n                    <\/div>\n                <\/div>\n                <div class=\"col\">\n                    <div class=\"info\">\n                        <div class=\"icon icon-lg icon-shape icon-shape-info shadow rounded-circle\">\n                            <i class=\"fas fa-download\"><\/i>\n                        <\/div>\n                        <h6 class=\"info-title text-uppercase text-info\">Klicken Sie auf Download<\/h6>\n                        <p class=\"description opacity-8\"><\/p>\n                    <\/div>\n                <\/div>\n            <\/div>\n        <\/div>\n    <\/div>\n","protected":false},"excerpt":{"rendered":"<p>Arnes Video Downloaden ist ein kostenloses und effizientes Tool zum Herunterladen von Videos von https:\/\/video.arnes.si\/,&hellip;<\/p>\n","protected":false},"author":1,"featured_media":0,"parent":0,"menu_order":0,"comment_status":"closed","ping_status":"closed","template":"page-templates\/template-downloader.php","meta":{"footnotes":""},"class_list":["post-1346","page","type-page","status-publish","hentry"],"_links":{"self":[{"href":"https:\/\/www.tikdd.cc\/i\/wp-json\/wp\/v2\/pages\/1346","targetHints":{"allow":["GET"]}}],"collection":[{"href":"https:\/\/www.tikdd.cc\/i\/wp-json\/wp\/v2\/pages"}],"about":[{"href":"https:\/\/www.tikdd.cc\/i\/wp-json\/wp\/v2\/types\/page"}],"author":[{"embeddable":true,"href":"https:\/\/www.tikdd.cc\/i\/wp-json\/wp\/v2\/users\/1"}],"replies":[{"embeddable":true,"href":"https:\/\/www.tikdd.cc\/i\/wp-json\/wp\/v2\/comments?post=1346"}],"version-history":[{"count":2,"href":"https:\/\/www.tikdd.cc\/i\/wp-json\/wp\/v2\/pages\/1346\/revisions"}],"predecessor-version":[{"id":1349,"href":"https:\/\/www.tikdd.cc\/i\/wp-json\/wp\/v2\/pages\/1346\/revisions\/1349"}],"wp:attachment":[{"href":"https:\/\/www.tikdd.cc\/i\/wp-json\/wp\/v2\/media?parent=1346"}],"curies":[{"name":"wp","href":"https:\/\/api.w.org\/{rel}","templated":true}]}}