{"id":1338,"date":"2024-12-17T10:01:17","date_gmt":"2024-12-17T10:01:17","guid":{"rendered":"https:\/\/www.tikdd.cc\/i\/?page_id=1338"},"modified":"2024-12-17T10:01:18","modified_gmt":"2024-12-17T10:01:18","slug":"apple-podcasts-downloaden","status":"publish","type":"page","link":"https:\/\/www.tikdd.cc\/i\/de\/apple-podcasts-downloaden\/","title":{"rendered":"Apple Podcasts Downloaden"},"content":{"rendered":"\n<p>Apple Podcasts Downloaden ist ein Tool zum Herunterladen von Audiodateien von <a href=\"https:\/\/podcasts.apple.com\/us\/browse\" data-type=\"link\" data-id=\"https:\/\/podcasts.apple.com\/us\/browse\" rel=\"nofollow noopener\" target=\"_blank\">Apple Podcasts<\/a>, einer Plattform, die eine breite Palette von Podcasts verschiedener Genres anbietet, darunter Nachrichten, Unterhaltung, Bildung und Geschichtenerz\u00e4hlen. Durch Kopieren und Einf\u00fcgen der URL der Podcast-Episode in den Downloader k\u00f6nnen Benutzer Download-Links abrufen, um Episoden zum Offline-H\u00f6ren zu speichern. Dieses Tool ist besonders n\u00fctzlich f\u00fcr diejenigen, die Podcasts genie\u00dfen m\u00f6chten, ohne auf eine Internetverbindung angewiesen zu sein.<\/p>\n\n\n\n<p>Beispiel-URL >>> https:\/\/podcasts.apple.com\/us\/podcast\/kylie-on-pregnancy-reaction-parenting-with-jason\/id1780888125?i=1000679368422<\/p>\n\n\n\n<div class=\"section features-1\">\r\n        <div class=\"container\">\r\n            <div class=\"row\">\r\n                <div class=\"col-md-8 mx-auto text-center\">\r\n                    <h2 class=\"display-4 mb-5\">Wie benutzt man?<\/h2>\r\n                <\/div>\r\n            <\/div>\r\n            <div class=\"row text-center\">\r\n                <div class=\"col\">\r\n                    <div class=\"info\">\r\n                        <div class=\"icon icon-lg icon-shape icon-shape-primary shadow rounded-circle\">\r\n                            <i class=\"fas fa-link\"><\/i>\r\n                        <\/div>\r\n                        <h6 class=\"info-title text-uppercase text-primary\">URL des teilbaren Videos kopieren<\/h6>\r\n                        <p class=\"description opacity-8\"><\/p>\r\n                    <\/div>\r\n                <\/div>\r\n                <div class=\"col\">\r\n                    <div class=\"info\">\r\n                        <div class=\"icon icon-lg icon-shape icon-shape-success shadow rounded-circle\">\r\n                            <i class=\"fas fa-paste\"><\/i>\r\n                        <\/div>\r\n                        <h6 class=\"info-title text-uppercase text-success\">F\u00fcgen Sie es in das Feld oben ein<\/h6>\r\n                        <p class=\"description opacity-8\"><\/p>\r\n                    <\/div>\r\n                <\/div>\r\n                <div class=\"col\">\r\n                    <div class=\"info\">\r\n                        <div class=\"icon icon-lg icon-shape icon-shape-info shadow rounded-circle\">\r\n                            <i class=\"fas fa-download\"><\/i>\r\n                        <\/div>\r\n                        <h6 class=\"info-title text-uppercase text-info\">Klicken Sie auf Download<\/h6>\r\n                        <p class=\"description opacity-8\"><\/p>\r\n                    <\/div>\r\n                <\/div>\r\n            <\/div>\r\n        <\/div>\r\n    <\/div>\n","protected":false},"excerpt":{"rendered":"<p>Apple Podcasts Downloaden ist ein Tool zum Herunterladen von Audiodateien von Apple Podcasts, einer Plattform,&hellip;<\/p>\n","protected":false},"author":1,"featured_media":0,"parent":0,"menu_order":0,"comment_status":"closed","ping_status":"closed","template":"page-templates\/template-downloader.php","meta":{"footnotes":""},"class_list":["post-1338","page","type-page","status-publish","hentry"],"_links":{"self":[{"href":"https:\/\/www.tikdd.cc\/i\/wp-json\/wp\/v2\/pages\/1338","targetHints":{"allow":["GET"]}}],"collection":[{"href":"https:\/\/www.tikdd.cc\/i\/wp-json\/wp\/v2\/pages"}],"about":[{"href":"https:\/\/www.tikdd.cc\/i\/wp-json\/wp\/v2\/types\/page"}],"author":[{"embeddable":true,"href":"https:\/\/www.tikdd.cc\/i\/wp-json\/wp\/v2\/users\/1"}],"replies":[{"embeddable":true,"href":"https:\/\/www.tikdd.cc\/i\/wp-json\/wp\/v2\/comments?post=1338"}],"version-history":[{"count":1,"href":"https:\/\/www.tikdd.cc\/i\/wp-json\/wp\/v2\/pages\/1338\/revisions"}],"predecessor-version":[{"id":1341,"href":"https:\/\/www.tikdd.cc\/i\/wp-json\/wp\/v2\/pages\/1338\/revisions\/1341"}],"wp:attachment":[{"href":"https:\/\/www.tikdd.cc\/i\/wp-json\/wp\/v2\/media?parent=1338"}],"curies":[{"name":"wp","href":"https:\/\/api.w.org\/{rel}","templated":true}]}}