{"id":1329,"date":"2024-12-17T03:14:42","date_gmt":"2024-12-17T03:14:42","guid":{"rendered":"https:\/\/www.tikdd.cc\/i\/?page_id=1329"},"modified":"2024-12-17T03:14:45","modified_gmt":"2024-12-17T03:14:45","slug":"al-jazeera-video-downloaden","status":"publish","type":"page","link":"https:\/\/www.tikdd.cc\/i\/de\/al-jazeera-video-downloaden\/","title":{"rendered":"Al Jazeera Video Downloaden"},"content":{"rendered":"\n<p>Al Jazeera Video Downloaden ist ein Tool zum Herunterladen von Videos von <a href=\"https:\/\/www.aljazeera.com\/\" rel=\"nofollow noopener\" target=\"_blank\">Al Jazeera<\/a>, einer weltweit anerkannten Nachrichtenplattform, die ausf\u00fchrlichen Journalismus, Dokumentationen und Live-\u00dcbertragungen anbietet. Durch Kopieren und Einf\u00fcgen der Video-URL in den Downloader k\u00f6nnen Benutzer Download-Links in verschiedenen Formaten und Aufl\u00f6sungen f\u00fcr den Offline-Zugriff abrufen. Dieses Tool ist ideal zum Speichern wichtiger Nachrichtenberichte, Bildungsinhalte oder exklusiver Dokumentationen f\u00fcr den pers\u00f6nlichen Gebrauch.<\/p>\n\n\n\n<p>Beispiel-URL &gt;&gt;&gt;https:\/\/www.aljazeera.com\/program\/newsfeed\/2024\/12\/5\/video-people-flee-north-gaza-after-israels-leave-or-die-orders<\/p>\n\n\n\n<div class=\"section features-1\">\r\n        <div class=\"container\">\r\n            <div class=\"row\">\r\n                <div class=\"col-md-8 mx-auto text-center\">\r\n                    <h2 class=\"display-4 mb-5\">Wie benutzt man?<\/h2>\r\n                <\/div>\r\n            <\/div>\r\n            <div class=\"row text-center\">\r\n                <div class=\"col\">\r\n                    <div class=\"info\">\r\n                        <div class=\"icon icon-lg icon-shape icon-shape-primary shadow rounded-circle\">\r\n                            <i class=\"fas fa-link\"><\/i>\r\n                        <\/div>\r\n                        <h6 class=\"info-title text-uppercase text-primary\">URL des teilbaren Videos kopieren<\/h6>\r\n                        <p class=\"description opacity-8\"><\/p>\r\n                    <\/div>\r\n                <\/div>\r\n                <div class=\"col\">\r\n                    <div class=\"info\">\r\n                        <div class=\"icon icon-lg icon-shape icon-shape-success shadow rounded-circle\">\r\n                            <i class=\"fas fa-paste\"><\/i>\r\n                        <\/div>\r\n                        <h6 class=\"info-title text-uppercase text-success\">F\u00fcgen Sie es in das Feld oben ein<\/h6>\r\n                        <p class=\"description opacity-8\"><\/p>\r\n                    <\/div>\r\n                <\/div>\r\n                <div class=\"col\">\r\n                    <div class=\"info\">\r\n                        <div class=\"icon icon-lg icon-shape icon-shape-info shadow rounded-circle\">\r\n                            <i class=\"fas fa-download\"><\/i>\r\n                        <\/div>\r\n                        <h6 class=\"info-title text-uppercase text-info\">Klicken Sie auf Download<\/h6>\r\n                        <p class=\"description opacity-8\"><\/p>\r\n                    <\/div>\r\n                <\/div>\r\n            <\/div>\r\n        <\/div>\r\n    <\/div>\n","protected":false},"excerpt":{"rendered":"<p>Al Jazeera Video Downloaden ist ein Tool zum Herunterladen von Videos von Al Jazeera, einer&hellip;<\/p>\n","protected":false},"author":1,"featured_media":0,"parent":0,"menu_order":0,"comment_status":"closed","ping_status":"closed","template":"page-templates\/template-downloader.php","meta":{"footnotes":""},"class_list":["post-1329","page","type-page","status-publish","hentry"],"_links":{"self":[{"href":"https:\/\/www.tikdd.cc\/i\/wp-json\/wp\/v2\/pages\/1329","targetHints":{"allow":["GET"]}}],"collection":[{"href":"https:\/\/www.tikdd.cc\/i\/wp-json\/wp\/v2\/pages"}],"about":[{"href":"https:\/\/www.tikdd.cc\/i\/wp-json\/wp\/v2\/types\/page"}],"author":[{"embeddable":true,"href":"https:\/\/www.tikdd.cc\/i\/wp-json\/wp\/v2\/users\/1"}],"replies":[{"embeddable":true,"href":"https:\/\/www.tikdd.cc\/i\/wp-json\/wp\/v2\/comments?post=1329"}],"version-history":[{"count":1,"href":"https:\/\/www.tikdd.cc\/i\/wp-json\/wp\/v2\/pages\/1329\/revisions"}],"predecessor-version":[{"id":1331,"href":"https:\/\/www.tikdd.cc\/i\/wp-json\/wp\/v2\/pages\/1329\/revisions\/1331"}],"wp:attachment":[{"href":"https:\/\/www.tikdd.cc\/i\/wp-json\/wp\/v2\/media?parent=1329"}],"curies":[{"name":"wp","href":"https:\/\/api.w.org\/{rel}","templated":true}]}}