{"id":1320,"date":"2024-12-17T02:59:12","date_gmt":"2024-12-17T02:59:12","guid":{"rendered":"https:\/\/www.tikdd.cc\/i\/?page_id=1320"},"modified":"2024-12-17T02:59:13","modified_gmt":"2024-12-17T02:59:13","slug":"abc-video-downloaden","status":"publish","type":"page","link":"https:\/\/www.tikdd.cc\/i\/de\/abc-video-downloaden\/","title":{"rendered":"ABC Video Downloaden"},"content":{"rendered":"\n<p>ABC Video Downloaden ist ein kostenloses Tool zum Herunterladen von Videos von ABC-Plattformen, darunter abc.net.au, ABC News und ABC Owned Television Stations (ABCOTVS). Benutzer k\u00f6nnen Nachrichtenberichte, Sendungen oder andere Videoinhalte f\u00fcr den Offline-Zugriff speichern, indem sie einfach die Video-URL kopieren und in den Downloader einf\u00fcgen. Das Tool generiert Download-Links in mehreren Formaten und Aufl\u00f6sungen, um verschiedenen Benutzereinstellungen gerecht zu werden. Dies macht es zu einer idealen L\u00f6sung f\u00fcr den pers\u00f6nlichen Gebrauch, beispielsweise zum Offline-\u00dcberpr\u00fcfen von Nachrichten oder Bildungsinhalten.<\/p>\n\n\n\n<div class=\"section features-1\">\r\n        <div class=\"container\">\r\n            <div class=\"row\">\r\n                <div class=\"col-md-8 mx-auto text-center\">\r\n                    <h2 class=\"display-4 mb-5\">Wie benutzt man?<\/h2>\r\n                <\/div>\r\n            <\/div>\r\n            <div class=\"row text-center\">\r\n                <div class=\"col\">\r\n                    <div class=\"info\">\r\n                        <div class=\"icon icon-lg icon-shape icon-shape-primary shadow rounded-circle\">\r\n                            <i class=\"fas fa-link\"><\/i>\r\n                        <\/div>\r\n                        <h6 class=\"info-title text-uppercase text-primary\">URL des teilbaren Videos kopieren<\/h6>\r\n                        <p class=\"description opacity-8\"><\/p>\r\n                    <\/div>\r\n                <\/div>\r\n                <div class=\"col\">\r\n                    <div class=\"info\">\r\n                        <div class=\"icon icon-lg icon-shape icon-shape-success shadow rounded-circle\">\r\n                            <i class=\"fas fa-paste\"><\/i>\r\n                        <\/div>\r\n                        <h6 class=\"info-title text-uppercase text-success\">F\u00fcgen Sie es in das Feld oben ein<\/h6>\r\n                        <p class=\"description opacity-8\"><\/p>\r\n                    <\/div>\r\n                <\/div>\r\n                <div class=\"col\">\r\n                    <div class=\"info\">\r\n                        <div class=\"icon icon-lg icon-shape icon-shape-info shadow rounded-circle\">\r\n                            <i class=\"fas fa-download\"><\/i>\r\n                        <\/div>\r\n                        <h6 class=\"info-title text-uppercase text-info\">Klicken Sie auf Download<\/h6>\r\n                        <p class=\"description opacity-8\"><\/p>\r\n                    <\/div>\r\n                <\/div>\r\n            <\/div>\r\n        <\/div>\r\n    <\/div>\n","protected":false},"excerpt":{"rendered":"<p>ABC Video Downloaden ist ein kostenloses Tool zum Herunterladen von Videos von ABC-Plattformen, darunter abc.net.au,&hellip;<\/p>\n","protected":false},"author":1,"featured_media":0,"parent":0,"menu_order":0,"comment_status":"closed","ping_status":"closed","template":"page-templates\/template-downloader.php","meta":{"footnotes":""},"class_list":["post-1320","page","type-page","status-publish","hentry"],"_links":{"self":[{"href":"https:\/\/www.tikdd.cc\/i\/wp-json\/wp\/v2\/pages\/1320","targetHints":{"allow":["GET"]}}],"collection":[{"href":"https:\/\/www.tikdd.cc\/i\/wp-json\/wp\/v2\/pages"}],"about":[{"href":"https:\/\/www.tikdd.cc\/i\/wp-json\/wp\/v2\/types\/page"}],"author":[{"embeddable":true,"href":"https:\/\/www.tikdd.cc\/i\/wp-json\/wp\/v2\/users\/1"}],"replies":[{"embeddable":true,"href":"https:\/\/www.tikdd.cc\/i\/wp-json\/wp\/v2\/comments?post=1320"}],"version-history":[{"count":1,"href":"https:\/\/www.tikdd.cc\/i\/wp-json\/wp\/v2\/pages\/1320\/revisions"}],"predecessor-version":[{"id":1323,"href":"https:\/\/www.tikdd.cc\/i\/wp-json\/wp\/v2\/pages\/1320\/revisions\/1323"}],"wp:attachment":[{"href":"https:\/\/www.tikdd.cc\/i\/wp-json\/wp\/v2\/media?parent=1320"}],"curies":[{"name":"wp","href":"https:\/\/api.w.org\/{rel}","templated":true}]}}