{"id":1301,"date":"2024-12-17T02:10:50","date_gmt":"2024-12-17T02:10:50","guid":{"rendered":"https:\/\/www.tikdd.cc\/i\/?page_id=1301"},"modified":"2024-12-17T02:10:51","modified_gmt":"2024-12-17T02:10:51","slug":"3sat-video-downloaden","status":"publish","type":"page","link":"https:\/\/www.tikdd.cc\/i\/de\/3sat-video-downloaden\/","title":{"rendered":"3sat Video Downloaden"},"content":{"rendered":"\n<p>3sat Video Downloaden ist ein spezialisiertes Tool, mit dem Benutzer Videos von der deutschen Fernsehsender-Website <a href=\"https:\/\/www.3sat.de\/\" rel=\"nofollow noopener\" target=\"_blank\">3s<\/a><a href=\"https:\/\/www.3sat.de\/\" rel=\"nofollow noopener\" target=\"_blank\">a<\/a><a href=\"https:\/\/www.3sat.de\/\" rel=\"nofollow noopener\" target=\"_blank\">t<\/a> schnell und effizient herunterladen k\u00f6nnen. Es unterst\u00fctzt verschiedene Videoformate und Aufl\u00f6sungen, einschlie\u00dflich HD, und bietet eine benutzerfreundliche Oberfl\u00e4che f\u00fcr eine einfache Nutzung. Dieses Tool eignet sich ideal f\u00fcr Privatpersonen, Content-Ersteller und Fachleute, die 3sat-Videos offline speichern oder f\u00fcr Pr\u00e4sentationen, Archivierungen oder kreative Projekte verwenden m\u00f6chten. Mit hoher Downloadgeschwindigkeit, umfassender Sicherheit und Kompatibilit\u00e4t mit verschiedenen Ger\u00e4ten und Betriebssystemen stellt der <strong>3sat Video Downloader<\/strong> eine zuverl\u00e4ssige L\u00f6sung f\u00fcr das Speichern und Verwalten von Fernsehinhalten dar.<\/p>\n\n\n\n<div class=\"section features-1\">\r\n        <div class=\"container\">\r\n            <div class=\"row\">\r\n                <div class=\"col-md-8 mx-auto text-center\">\r\n                    <h2 class=\"display-4 mb-5\">Wie benutzt man?<\/h2>\r\n                <\/div>\r\n            <\/div>\r\n            <div class=\"row text-center\">\r\n                <div class=\"col\">\r\n                    <div class=\"info\">\r\n                        <div class=\"icon icon-lg icon-shape icon-shape-primary shadow rounded-circle\">\r\n                            <i class=\"fas fa-link\"><\/i>\r\n                        <\/div>\r\n                        <h6 class=\"info-title text-uppercase text-primary\">URL des teilbaren Videos kopieren<\/h6>\r\n                        <p class=\"description opacity-8\"><\/p>\r\n                    <\/div>\r\n                <\/div>\r\n                <div class=\"col\">\r\n                    <div class=\"info\">\r\n                        <div class=\"icon icon-lg icon-shape icon-shape-success shadow rounded-circle\">\r\n                            <i class=\"fas fa-paste\"><\/i>\r\n                        <\/div>\r\n                        <h6 class=\"info-title text-uppercase text-success\">F\u00fcgen Sie es in das Feld oben ein<\/h6>\r\n                        <p class=\"description opacity-8\"><\/p>\r\n                    <\/div>\r\n                <\/div>\r\n                <div class=\"col\">\r\n                    <div class=\"info\">\r\n                        <div class=\"icon icon-lg icon-shape icon-shape-info shadow rounded-circle\">\r\n                            <i class=\"fas fa-download\"><\/i>\r\n                        <\/div>\r\n                        <h6 class=\"info-title text-uppercase text-info\">Klicken Sie auf Download<\/h6>\r\n                        <p class=\"description opacity-8\"><\/p>\r\n                    <\/div>\r\n                <\/div>\r\n            <\/div>\r\n        <\/div>\r\n    <\/div>\n","protected":false},"excerpt":{"rendered":"<p>3sat Video Downloaden ist ein spezialisiertes Tool, mit dem Benutzer Videos von der deutschen Fernsehsender-Website&hellip;<\/p>\n","protected":false},"author":1,"featured_media":0,"parent":0,"menu_order":0,"comment_status":"closed","ping_status":"closed","template":"page-templates\/template-downloader.php","meta":{"footnotes":""},"class_list":["post-1301","page","type-page","status-publish","hentry"],"_links":{"self":[{"href":"https:\/\/www.tikdd.cc\/i\/wp-json\/wp\/v2\/pages\/1301","targetHints":{"allow":["GET"]}}],"collection":[{"href":"https:\/\/www.tikdd.cc\/i\/wp-json\/wp\/v2\/pages"}],"about":[{"href":"https:\/\/www.tikdd.cc\/i\/wp-json\/wp\/v2\/types\/page"}],"author":[{"embeddable":true,"href":"https:\/\/www.tikdd.cc\/i\/wp-json\/wp\/v2\/users\/1"}],"replies":[{"embeddable":true,"href":"https:\/\/www.tikdd.cc\/i\/wp-json\/wp\/v2\/comments?post=1301"}],"version-history":[{"count":1,"href":"https:\/\/www.tikdd.cc\/i\/wp-json\/wp\/v2\/pages\/1301\/revisions"}],"predecessor-version":[{"id":1304,"href":"https:\/\/www.tikdd.cc\/i\/wp-json\/wp\/v2\/pages\/1301\/revisions\/1304"}],"wp:attachment":[{"href":"https:\/\/www.tikdd.cc\/i\/wp-json\/wp\/v2\/media?parent=1301"}],"curies":[{"name":"wp","href":"https:\/\/api.w.org\/{rel}","templated":true}]}}