{"id":1293,"date":"2024-12-17T01:46:41","date_gmt":"2024-12-17T01:46:41","guid":{"rendered":"https:\/\/www.tikdd.cc\/i\/?page_id=1293"},"modified":"2024-12-17T01:46:42","modified_gmt":"2024-12-17T01:46:42","slug":"247sports-video-downloaden","status":"publish","type":"page","link":"https:\/\/www.tikdd.cc\/i\/de\/247sports-video-downloaden\/","title":{"rendered":"247Sports Video Downloaden"},"content":{"rendered":"\n<p>247Sports Video Downloaden ist ein Tool, mit dem Benutzer Videos von <a href=\"https:\/\/247sports.com\/\" rel=\"nofollow noopener\" target=\"_blank\">247Sports <\/a>herunterladen k\u00f6nnen, einer Plattform f\u00fcr Sportnachrichten, Analysen und Highlights. Durch Kopieren und Einf\u00fcgen der Video-URL in das Eingabefeld des Downloaders k\u00f6nnen Benutzer auf Download-Links in verschiedenen Formaten und Aufl\u00f6sungen f\u00fcr die Offline-Anzeige zugreifen. Dies ist besonders n\u00fctzlich zum Speichern von Spielhighlights, Interviews und anderen Sportinhalten.<\/p>\n\n\n\n<div class=\"section features-1\">\r\n        <div class=\"container\">\r\n            <div class=\"row\">\r\n                <div class=\"col-md-8 mx-auto text-center\">\r\n                    <h2 class=\"display-4 mb-5\">Wie benutzt man?<\/h2>\r\n                <\/div>\r\n            <\/div>\r\n            <div class=\"row text-center\">\r\n                <div class=\"col\">\r\n                    <div class=\"info\">\r\n                        <div class=\"icon icon-lg icon-shape icon-shape-primary shadow rounded-circle\">\r\n                            <i class=\"fas fa-link\"><\/i>\r\n                        <\/div>\r\n                        <h6 class=\"info-title text-uppercase text-primary\">URL des teilbaren Videos kopieren<\/h6>\r\n                        <p class=\"description opacity-8\"><\/p>\r\n                    <\/div>\r\n                <\/div>\r\n                <div class=\"col\">\r\n                    <div class=\"info\">\r\n                        <div class=\"icon icon-lg icon-shape icon-shape-success shadow rounded-circle\">\r\n                            <i class=\"fas fa-paste\"><\/i>\r\n                        <\/div>\r\n                        <h6 class=\"info-title text-uppercase text-success\">F\u00fcgen Sie es in das Feld oben ein<\/h6>\r\n                        <p class=\"description opacity-8\"><\/p>\r\n                    <\/div>\r\n                <\/div>\r\n                <div class=\"col\">\r\n                    <div class=\"info\">\r\n                        <div class=\"icon icon-lg icon-shape icon-shape-info shadow rounded-circle\">\r\n                            <i class=\"fas fa-download\"><\/i>\r\n                        <\/div>\r\n                        <h6 class=\"info-title text-uppercase text-info\">Klicken Sie auf Download<\/h6>\r\n                        <p class=\"description opacity-8\"><\/p>\r\n                    <\/div>\r\n                <\/div>\r\n            <\/div>\r\n        <\/div>\r\n    <\/div>\n","protected":false},"excerpt":{"rendered":"<p>247Sports Video Downloaden ist ein Tool, mit dem Benutzer Videos von 247Sports herunterladen k\u00f6nnen, einer&hellip;<\/p>\n","protected":false},"author":1,"featured_media":0,"parent":0,"menu_order":0,"comment_status":"closed","ping_status":"closed","template":"page-templates\/template-downloader.php","meta":{"footnotes":""},"class_list":["post-1293","page","type-page","status-publish","hentry"],"_links":{"self":[{"href":"https:\/\/www.tikdd.cc\/i\/wp-json\/wp\/v2\/pages\/1293","targetHints":{"allow":["GET"]}}],"collection":[{"href":"https:\/\/www.tikdd.cc\/i\/wp-json\/wp\/v2\/pages"}],"about":[{"href":"https:\/\/www.tikdd.cc\/i\/wp-json\/wp\/v2\/types\/page"}],"author":[{"embeddable":true,"href":"https:\/\/www.tikdd.cc\/i\/wp-json\/wp\/v2\/users\/1"}],"replies":[{"embeddable":true,"href":"https:\/\/www.tikdd.cc\/i\/wp-json\/wp\/v2\/comments?post=1293"}],"version-history":[{"count":1,"href":"https:\/\/www.tikdd.cc\/i\/wp-json\/wp\/v2\/pages\/1293\/revisions"}],"predecessor-version":[{"id":1295,"href":"https:\/\/www.tikdd.cc\/i\/wp-json\/wp\/v2\/pages\/1293\/revisions\/1295"}],"wp:attachment":[{"href":"https:\/\/www.tikdd.cc\/i\/wp-json\/wp\/v2\/media?parent=1293"}],"curies":[{"name":"wp","href":"https:\/\/api.w.org\/{rel}","templated":true}]}}