{"id":1285,"date":"2024-12-17T01:32:25","date_gmt":"2024-12-17T01:32:25","guid":{"rendered":"https:\/\/www.tikdd.cc\/i\/?page_id=1285"},"modified":"2024-12-17T01:35:48","modified_gmt":"2024-12-17T01:35:48","slug":"20-min-video-downloaden","status":"publish","type":"page","link":"https:\/\/www.tikdd.cc\/i\/de\/20-min-video-downloaden\/","title":{"rendered":"20 Min Video Downloaden"},"content":{"rendered":"\n<p>20 Min Video Downloaden ist ein Online-Tool zum Herunterladen von Videos von <a href=\"https:\/\/www.20min.ch\/\" rel=\"nofollow noopener\" target=\"_blank\">20min.ch<\/a>, einer beliebten Schweizer Nachrichten- und Medienplattform. Mit diesem Tool k\u00f6nnen Benutzer Videos ganz einfach f\u00fcr die Offline-Anzeige speichern, indem sie Download-Links f\u00fcr verschiedene Videoformate und Qualit\u00e4tsoptionen extrahieren. Dies funktioniert, indem die Video-URL von der Website 20min.ch kopiert und in das Eingabefeld des Downloaders eingef\u00fcgt wird. Benutzer k\u00f6nnen dann das gew\u00fcnschte Format ausw\u00e4hlen und den Download starten.<\/p>\n\n\n\n<div class=\"section features-1\">\n        <div class=\"container\">\n            <div class=\"row\">\n                <div class=\"col-md-8 mx-auto text-center\">\n                    <h2 class=\"display-4 mb-5\">Wie benutzt man?<\/h2>\n                <\/div>\n            <\/div>\n            <div class=\"row text-center\">\n                <div class=\"col\">\n                    <div class=\"info\">\n                        <div class=\"icon icon-lg icon-shape icon-shape-primary shadow rounded-circle\">\n                            <i class=\"fas fa-link\"><\/i>\n                        <\/div>\n                        <h6 class=\"info-title text-uppercase text-primary\">URL des teilbaren Videos kopieren<\/h6>\n                        <p class=\"description opacity-8\"><\/p>\n                    <\/div>\n                <\/div>\n                <div class=\"col\">\n                    <div class=\"info\">\n                        <div class=\"icon icon-lg icon-shape icon-shape-success shadow rounded-circle\">\n                            <i class=\"fas fa-paste\"><\/i>\n                        <\/div>\n                        <h6 class=\"info-title text-uppercase text-success\">F\u00fcgen Sie es in das Feld oben ein<\/h6>\n                        <p class=\"description opacity-8\"><\/p>\n                    <\/div>\n                <\/div>\n                <div class=\"col\">\n                    <div class=\"info\">\n                        <div class=\"icon icon-lg icon-shape icon-shape-info shadow rounded-circle\">\n                            <i class=\"fas fa-download\"><\/i>\n                        <\/div>\n                        <h6 class=\"info-title text-uppercase text-info\">Klicken Sie auf Download<\/h6>\n                        <p class=\"description opacity-8\"><\/p>\n                    <\/div>\n                <\/div>\n            <\/div>\n        <\/div>\n    <\/div>\n","protected":false},"excerpt":{"rendered":"<p>20 Min Video Downloaden ist ein Online-Tool zum Herunterladen von Videos von 20min.ch, einer beliebten&hellip;<\/p>\n","protected":false},"author":1,"featured_media":0,"parent":0,"menu_order":0,"comment_status":"closed","ping_status":"closed","template":"page-templates\/template-downloader.php","meta":{"footnotes":""},"class_list":["post-1285","page","type-page","status-publish","hentry"],"_links":{"self":[{"href":"https:\/\/www.tikdd.cc\/i\/wp-json\/wp\/v2\/pages\/1285","targetHints":{"allow":["GET"]}}],"collection":[{"href":"https:\/\/www.tikdd.cc\/i\/wp-json\/wp\/v2\/pages"}],"about":[{"href":"https:\/\/www.tikdd.cc\/i\/wp-json\/wp\/v2\/types\/page"}],"author":[{"embeddable":true,"href":"https:\/\/www.tikdd.cc\/i\/wp-json\/wp\/v2\/users\/1"}],"replies":[{"embeddable":true,"href":"https:\/\/www.tikdd.cc\/i\/wp-json\/wp\/v2\/comments?post=1285"}],"version-history":[{"count":2,"href":"https:\/\/www.tikdd.cc\/i\/wp-json\/wp\/v2\/pages\/1285\/revisions"}],"predecessor-version":[{"id":1288,"href":"https:\/\/www.tikdd.cc\/i\/wp-json\/wp\/v2\/pages\/1285\/revisions\/1288"}],"wp:attachment":[{"href":"https:\/\/www.tikdd.cc\/i\/wp-json\/wp\/v2\/media?parent=1285"}],"curies":[{"name":"wp","href":"https:\/\/api.w.org\/{rel}","templated":true}]}}